{"id":45752,"date":"2022-10-02T22:10:47","date_gmt":"2022-10-02T20:10:47","guid":{"rendered":"http:\/\/dev.claret.cat\/producte\/puerto-escondido\/"},"modified":"2023-01-28T22:11:23","modified_gmt":"2023-01-28T21:11:23","slug":"puerto-escondido-9788423351886","status":"publish","type":"product","link":"https:\/\/www.claret.cat\/es\/libro\/puerto-escondido-9788423351886\/","title":{"rendered":"PUERTO ESCONDIDO"},"content":{"rendered":"<p>Oliver, un joven londinense con una peculiar situaci\u00f3n familiar y una triste p\u00e9rdida,\u00a0hereda una casona colonial, Villa Marina, a pie de playa en el pueblecito costero\u00a0de Suances, en Cantabria. En las obras de remodelaci\u00f3n se descubre en el s\u00f3tano\u00a0el cad\u00e1ver emparedado de un beb\u00e9, al que acompa\u00f1a un objeto que resulta\u00a0completamente anacr\u00f3nico. Tras este descubrimiento comienzan a sucederse, de\u00a0forma vertiginosa, diversos asesinatos en la zona (Suances, Santillana del Mar,\u00a0Santander, Comillas), que, unidos a los ins\u00f3litos resultados forenses de los cad\u00e1veres,\u00a0ponen en jaque a la Secci\u00f3n de Investigaci\u00f3n de la Guardia Civil y al\u00a0propio Oliver, que inicia un denso viaje personal y una carrera a contrarreloj para\u00a0descubrir al asesino.<\/p>\n","protected":false},"excerpt":{"rendered":"<p>ORU\u00d1A, MAR\u00cdA<\/p>\n","protected":false},"featured_media":61014,"template":"","meta":{"_acf_changed":false,"om_disable_all_campaigns":false,"rs_blank_template":"","rs_page_bg_color":"","slide_template_v7":"","inline_featured_image":false,"_monsterinsights_skip_tracking":false,"_monsterinsights_sitenote_active":false,"_monsterinsights_sitenote_note":"","_monsterinsights_sitenote_category":0},"product_brand":[],"product_cat":[16],"product_tag":[],"class_list":{"0":"post-45752","1":"product","2":"type-product","3":"status-publish","4":"has-post-thumbnail","6":"product_cat-sense-categoria","8":"first","9":"instock","10":"taxable","11":"shipping-taxable","12":"purchasable","13":"product-type-simple"},"acf":{"autor":"ORU\u00d1A, MAR\u00cdA","codart":"842335188","libros-coleccion":"Crimen y Misterio","ediciones":"1","encuadernacion":"R\u00fastica","fecha_de_publicacion":"01\/01\/2017","novedad":"1","paginas":"430","subtitulo":"","orden":"0","portada":"0","idioma":"spa","editorial":[{"ID":6182,"post_author":"3","post_date":"2022-07-28 17:46:40","post_date_gmt":"2022-07-28 15:46:40","post_content":"","post_title":"DESTINO, S.L.","post_excerpt":"","post_status":"publish","comment_status":"closed","ping_status":"closed","post_password":"","post_name":"destino-s-l","to_ping":"","pinged":"","post_modified":"2022-07-28 17:46:40","post_modified_gmt":"2022-07-28 15:46:40","post_content_filtered":"","post_parent":0,"guid":"http:\/\/dev.claret.cat\/editorial\/destino-s-l\/","menu_order":0,"post_type":"editorial","post_mime_type":"","comment_count":"0","filter":"raw"}],"autores-libros":[{"ID":163733,"post_author":"3","post_date":"2022-10-14 17:41:24","post_date_gmt":"2022-10-14 15:41:24","post_content":"","post_title":"MAR\u00cdA ORU\u00d1A","post_excerpt":"","post_status":"publish","comment_status":"closed","ping_status":"closed","post_password":"","post_name":"maria-oruna","to_ping":"","pinged":"","post_modified":"2022-10-14 17:41:24","post_modified_gmt":"2022-10-14 15:41:24","post_content_filtered":"","post_parent":0,"guid":"http:\/\/dev.claret.cat\/autor\/maria-oruna\/","menu_order":0,"post_type":"autor","post_mime_type":"","comment_count":"0","filter":"raw"}]},"aioseo_notices":[],"_links":{"self":[{"href":"https:\/\/www.claret.cat\/es\/wp-json\/wp\/v2\/product\/45752","targetHints":{"allow":["GET"]}}],"collection":[{"href":"https:\/\/www.claret.cat\/es\/wp-json\/wp\/v2\/product"}],"about":[{"href":"https:\/\/www.claret.cat\/es\/wp-json\/wp\/v2\/types\/product"}],"wp:featuredmedia":[{"embeddable":true,"href":"https:\/\/www.claret.cat\/es\/wp-json\/wp\/v2\/media\/61014"}],"wp:attachment":[{"href":"https:\/\/www.claret.cat\/es\/wp-json\/wp\/v2\/media?parent=45752"}],"wp:term":[{"taxonomy":"product_brand","embeddable":true,"href":"https:\/\/www.claret.cat\/es\/wp-json\/wp\/v2\/product_brand?post=45752"},{"taxonomy":"product_cat","embeddable":true,"href":"https:\/\/www.claret.cat\/es\/wp-json\/wp\/v2\/product_cat?post=45752"},{"taxonomy":"product_tag","embeddable":true,"href":"https:\/\/www.claret.cat\/es\/wp-json\/wp\/v2\/product_tag?post=45752"}],"curies":[{"name":"wp","href":"https:\/\/api.w.org\/{rel}","templated":true}]}}