{"id":45776,"date":"2022-10-02T22:11:09","date_gmt":"2022-10-02T20:11:09","guid":{"rendered":"http:\/\/dev.claret.cat\/producte\/autoconocimiento-transformador\/"},"modified":"2023-01-28T16:25:27","modified_gmt":"2023-01-28T15:25:27","slug":"autoconocimiento-transformador-9788495496805","status":"publish","type":"product","link":"https:\/\/www.claret.cat\/es\/libro\/autoconocimiento-transformador-9788495496805\/","title":{"rendered":"AUTOCONOCIMIENTO TRANSFORMADOR"},"content":{"rendered":"<p>Un viaje de autoconocimiento a trav\u00e9s del car\u00e1cter de los personajes de la historia y la literatura universal, reunidos en la obra maestra sobre el eneagrama.<\/p>\n<p>Freud, Gandhi, Rasput\u00edn, Scarlett O\u00b4Hara, Beethoven, Madame Boary, Marx, Alejandro Magno, Chaucer, Don Quijote, Cleopatra, Dickens, Fausto, Dostoyevski, Canetti, Robin Hood, Gurdjieff, Kafka, Moli\u00e8re, Napole\u00f3n o el Mul\u00e1 Nasrud\u00edn son algunos de los personajes de la realidad o la ficci\u00f3n que desfilan por las p\u00e1ginas de Autoconocimiento transformador, una obra de culto que combina la psicoterapia, la historia y la narrativa con el fin de revelarnos los tesoros de sabidur\u00eda que el buscador necesita en su viaje del h\u00e9roe.<\/p>\n<p>Pionero del eneagrama, el Dr. Claudio Naranjo dibuja un mapa del car\u00e1cter que nos descubre las nueve principales formas de la degradaci\u00f3n de conciencia que afecta a la humanidad. Cada cap\u00edtulo de Autoconocimiento transformador incluye casos ejemplares de \u00e9xitos terap\u00e9uticos y se enriquece con transcripciones de sesiones de terapia dirigidas con maestr\u00eda por el autor. Estas p\u00e1ginas tienen el aroma de un libro inici\u00e1tico y nos recuerdan que la gran aventura de la conciencia a veces comienza leyendo.<\/p>\n","protected":false},"excerpt":{"rendered":"<p>CLAUDIO NARANJO (CHILENO)<\/p>\n","protected":false},"featured_media":61030,"template":"","meta":{"_acf_changed":false,"om_disable_all_campaigns":false,"rs_blank_template":"","rs_page_bg_color":"","slide_template_v7":"","inline_featured_image":false,"_monsterinsights_skip_tracking":false,"_monsterinsights_sitenote_active":false,"_monsterinsights_sitenote_note":"","_monsterinsights_sitenote_category":0},"product_brand":[],"product_cat":[16],"product_tag":[],"class_list":{"0":"post-45776","1":"product","2":"type-product","3":"status-publish","4":"has-post-thumbnail","6":"product_cat-sense-categoria","8":"first","9":"instock","10":"taxable","11":"shipping-taxable","12":"purchasable","13":"product-type-simple"},"acf":{"autor":"CLAUDIO NARANJO (CHILENO)","codart":"849549680","libros-coleccion":"","ediciones":"1","encuadernacion":"R\u00fastica","fecha_de_publicacion":"01\/09\/2014","novedad":"1","paginas":"592","subtitulo":"LOS ENEATIPOS EN LA VIDA, LA PSICOTERAPIA Y LA LITERATURA","orden":"0","portada":"0","idioma":"spa","editorial":[{"ID":147825,"post_author":"3","post_date":"2022-10-14 11:53:30","post_date_gmt":"2022-10-14 09:53:30","post_content":"","post_title":"Ediciones La Llave","post_excerpt":"","post_status":"publish","comment_status":"closed","ping_status":"closed","post_password":"","post_name":"ediciones-la-llave","to_ping":"","pinged":"","post_modified":"2022-10-14 11:53:30","post_modified_gmt":"2022-10-14 09:53:30","post_content_filtered":"","post_parent":0,"guid":"http:\/\/dev.claret.cat\/editorial\/ediciones-la-llave\/","menu_order":0,"post_type":"editorial","post_mime_type":"","comment_count":"0","filter":"raw"}],"autores-libros":[{"ID":153106,"post_author":"3","post_date":"2022-10-14 14:54:07","post_date_gmt":"2022-10-14 12:54:07","post_content":"","post_title":"CLAUDIO NARANJO (CHILENO)","post_excerpt":"","post_status":"publish","comment_status":"closed","ping_status":"closed","post_password":"","post_name":"claudio-naranjo-chileno","to_ping":"","pinged":"","post_modified":"2022-10-14 14:54:07","post_modified_gmt":"2022-10-14 12:54:07","post_content_filtered":"","post_parent":0,"guid":"http:\/\/dev.claret.cat\/autor\/claudio-naranjo-chileno\/","menu_order":0,"post_type":"autor","post_mime_type":"","comment_count":"0","filter":"raw"}]},"aioseo_notices":[],"_links":{"self":[{"href":"https:\/\/www.claret.cat\/es\/wp-json\/wp\/v2\/product\/45776","targetHints":{"allow":["GET"]}}],"collection":[{"href":"https:\/\/www.claret.cat\/es\/wp-json\/wp\/v2\/product"}],"about":[{"href":"https:\/\/www.claret.cat\/es\/wp-json\/wp\/v2\/types\/product"}],"wp:featuredmedia":[{"embeddable":true,"href":"https:\/\/www.claret.cat\/es\/wp-json\/wp\/v2\/media\/61030"}],"wp:attachment":[{"href":"https:\/\/www.claret.cat\/es\/wp-json\/wp\/v2\/media?parent=45776"}],"wp:term":[{"taxonomy":"product_brand","embeddable":true,"href":"https:\/\/www.claret.cat\/es\/wp-json\/wp\/v2\/product_brand?post=45776"},{"taxonomy":"product_cat","embeddable":true,"href":"https:\/\/www.claret.cat\/es\/wp-json\/wp\/v2\/product_cat?post=45776"},{"taxonomy":"product_tag","embeddable":true,"href":"https:\/\/www.claret.cat\/es\/wp-json\/wp\/v2\/product_tag?post=45776"}],"curies":[{"name":"wp","href":"https:\/\/api.w.org\/{rel}","templated":true}]}}