{"id":45794,"date":"2022-10-02T22:11:29","date_gmt":"2022-10-02T20:11:29","guid":{"rendered":"http:\/\/dev.claret.cat\/producte\/pedagogia-salesiana-despues-de-don-bosco\/"},"modified":"2025-11-27T19:39:46","modified_gmt":"2025-11-27T18:39:46","slug":"pedagogia-salesiana-despues-de-don-bosco-9788413790725","status":"publish","type":"product","link":"https:\/\/www.claret.cat\/es\/libro\/pedagogia-salesiana-despues-de-don-bosco-9788413790725\/","title":{"rendered":"PEDAGOG\u00cdA SALESIANA DESPU\u00c9S DE DON BOSCO"},"content":{"rendered":"<p>La pedagog\u00eda salesiana desarrolla reflexiones que van m\u00e1s all\u00e1 de la reconstrucci\u00f3n hist\u00f3rica de contextos, de las experiencias y de las visiones originarias de Don Bosco sobre la educaci\u00f3n. La investigaci\u00f3n publicada en este volumen, continuando en esta trayectoria, estudia principalmente las formulaciones pedag\u00f3gicas de las generaciones salesianas sucesivas y, a nivel de m\u00e9todo, intenta superar la esterilidad de las puras reconstrucciones documentales.<br \/> La intenci\u00f3n de conectar a Don Bosco con los desaf\u00edos educativos actuales pasa por la experiencia de las diferentes \u00e9pocas con sus diferentes maneras de pensar. Estas mentalidades refuerzan algunas nuevas ideas pedag\u00f3gicas omitiendo otras, prefieren algunas modalidades de acci\u00f3n, desarrollan reflexiones, algunas prof\u00e9ticas y valientes, otras bastante plegadas a la mentalidad actual o a soluciones de emergencia. La alternancia de los cambios conlleva, por tanto, una combinaci\u00f3n compleja de inevitables din\u00e1micas pendulares entre las visiones pedag\u00f3gicas abordadas en los seis cap\u00edtulos:<br \/>  I. Formulaciones pedag\u00f3gicas de la primera generaci\u00f3n salesiana.<br \/>  II. Pedagog\u00eda pr\u00e1ctico-osm\u00f3tica capaz de adaptarse a la sociedad moderna.<br \/>  III. Fidelidad disciplinada a Don Bosco santo en tiempos de adversidad.<br \/>  IV. Antes, durante y despu\u00e9s de los cambios del Vaticano II.<br \/>  V. Planificaci\u00f3n y animaci\u00f3n, dos n\u00facleos de s\u00edntesis pedag\u00f3gicas.<br \/>  VI. Nueva evangelizaci\u00f3n y educaci\u00f3n para el tercer milenio.<\/p>\n","protected":false},"excerpt":{"rendered":"<p>VOJT\u00c1S, MICHAL<\/p>\n","protected":false},"featured_media":329832,"template":"","meta":{"_acf_changed":false,"om_disable_all_campaigns":false,"rs_blank_template":"","rs_page_bg_color":"","slide_template_v7":"","inline_featured_image":false,"_monsterinsights_skip_tracking":false,"_monsterinsights_sitenote_active":false,"_monsterinsights_sitenote_note":"","_monsterinsights_sitenote_category":0},"product_brand":[],"product_cat":[225,483,227,389,479,220],"product_tag":[],"class_list":{"0":"post-45794","1":"product","2":"type-product","3":"status-publish","4":"has-post-thumbnail","6":"product_cat-catecismes","7":"product_cat-catecismos","8":"product_cat-formacio","9":"product_cat-formacion","10":"product_cat-juvenil-catequesis-1_espiritualidad","11":"product_cat-juvenil-catequesi","13":"first","14":"outofstock","15":"taxable","16":"shipping-taxable","17":"purchasable","18":"product-type-simple"},"acf":{"autor":"VOJT\u00c1S, MICHAL","codart":"841379072","libros-coleccion":"FORA DE COL.LECCI\u00d3","ediciones":"1","encuadernacion":"R\u00fastica","fecha_de_publicacion":"21\/01\/2022","novedad":"1","paginas":"604","subtitulo":"DE LA PRIMERA GENERACI\u00d3N HASTA EL S\u00cdNODO SOBRE LOS J\u00d3VENES (1888-2018)","orden":"0","portada":"0","idioma":"spa","editorial":[{"ID":6155,"post_author":"3","post_date":"2022-07-28 17:46:04","post_date_gmt":"2022-07-28 15:46:04","post_content":"","post_title":"Central Catequ\u00edstica Salesiana","post_excerpt":"","post_status":"publish","comment_status":"closed","ping_status":"closed","post_password":"","post_name":"central-catequistica-salesiana","to_ping":"","pinged":"","post_modified":"2022-07-28 17:46:04","post_modified_gmt":"2022-07-28 15:46:04","post_content_filtered":"","post_parent":0,"guid":"http:\/\/dev.claret.cat\/editorial\/central-catequistica-salesiana\/","menu_order":0,"post_type":"editorial","post_mime_type":"","comment_count":"0","filter":"raw"}],"autores-libros":[{"ID":164840,"post_author":"3","post_date":"2022-10-14 17:50:18","post_date_gmt":"2022-10-14 15:50:18","post_content":"","post_title":"MICHAL VOJT\u00c1S","post_excerpt":"","post_status":"publish","comment_status":"closed","ping_status":"closed","post_password":"","post_name":"michal-vojtas","to_ping":"","pinged":"","post_modified":"2022-10-14 17:50:18","post_modified_gmt":"2022-10-14 15:50:18","post_content_filtered":"","post_parent":0,"guid":"http:\/\/dev.claret.cat\/autor\/michal-vojtas\/","menu_order":0,"post_type":"autor","post_mime_type":"","comment_count":"0","filter":"raw"}],"booktrailer":"","resenas":""},"aioseo_notices":[],"_links":{"self":[{"href":"https:\/\/www.claret.cat\/es\/wp-json\/wp\/v2\/product\/45794","targetHints":{"allow":["GET"]}}],"collection":[{"href":"https:\/\/www.claret.cat\/es\/wp-json\/wp\/v2\/product"}],"about":[{"href":"https:\/\/www.claret.cat\/es\/wp-json\/wp\/v2\/types\/product"}],"wp:featuredmedia":[{"embeddable":true,"href":"https:\/\/www.claret.cat\/es\/wp-json\/wp\/v2\/media\/329832"}],"wp:attachment":[{"href":"https:\/\/www.claret.cat\/es\/wp-json\/wp\/v2\/media?parent=45794"}],"wp:term":[{"taxonomy":"product_brand","embeddable":true,"href":"https:\/\/www.claret.cat\/es\/wp-json\/wp\/v2\/product_brand?post=45794"},{"taxonomy":"product_cat","embeddable":true,"href":"https:\/\/www.claret.cat\/es\/wp-json\/wp\/v2\/product_cat?post=45794"},{"taxonomy":"product_tag","embeddable":true,"href":"https:\/\/www.claret.cat\/es\/wp-json\/wp\/v2\/product_tag?post=45794"}],"curies":[{"name":"wp","href":"https:\/\/api.w.org\/{rel}","templated":true}]}}