{"id":45803,"date":"2022-10-02T22:11:36","date_gmt":"2022-10-02T20:11:36","guid":{"rendered":"http:\/\/dev.claret.cat\/producte\/las-raices-del-mal-y-del-bien\/"},"modified":"2025-07-10T13:16:48","modified_gmt":"2025-07-10T11:16:48","slug":"las-raices-del-mal-y-del-bien-9788418303920","status":"publish","type":"product","link":"https:\/\/www.claret.cat\/es\/libro\/las-raices-del-mal-y-del-bien-9788418303920\/","title":{"rendered":"LAS RA\u00cdCES DEL MAL Y DEL BIEN"},"content":{"rendered":"<p>La consideraci\u00f3n del mal y del bien es una exigencia propia del car\u00e1cter prof\u00e9tico de la fe cristiana. En esta obra se recogen algunas reflexiones fundamentales sobre el pecado y el sentido de la culpa, se resume la historia de la categor\u00eda de los pecados capitales y se presenta la virtud como ideal de vida y promesa de esperanza. Adem\u00e1s, se expone una reflexi\u00f3n sobre cada uno de los pecados capitales, as\u00ed como de las virtudes correspondientes, seg\u00fan el esquema cl\u00e1sico de la catequesis. Y, finalmente, se incluye una s\u00edntesis de las cuatro virtudes cardinales. La fe cristiana las asumi\u00f3, pero las vio transfiguradas por el misterio de la Encarnaci\u00f3n. Hoy somos deudores a esa larga tradici\u00f3n de reflexi\u00f3n y vida.<\/p>\n","protected":false},"excerpt":{"rendered":"<p>FLECHA ANDR\u00c9S, JOS\u00c9-ROM\u00c1N;  BL\u00d3 REPETTO, MAR\u00cdA DANIELA<\/p>\n","protected":false},"featured_media":330578,"template":"","meta":{"_acf_changed":false,"om_disable_all_campaigns":false,"rs_blank_template":"","rs_page_bg_color":"","slide_template_v7":"","inline_featured_image":false,"_monsterinsights_skip_tracking":false,"_monsterinsights_sitenote_active":false,"_monsterinsights_sitenote_note":"","_monsterinsights_sitenote_category":0},"product_brand":[],"product_cat":[175,445],"product_tag":[],"class_list":{"0":"post-45803","1":"product","2":"type-product","3":"status-publish","4":"has-post-thumbnail","6":"product_cat-etica","7":"product_cat-etica-filosofia-2_humanidades","9":"first","10":"instock","11":"taxable","12":"shipping-taxable","13":"purchasable","14":"product-type-simple"},"acf":{"autor":"FLECHA ANDR\u00c9S, JOS\u00c9-ROM\u00c1N;  BL\u00d3 REPETTO, MAR\u00cdA DANIELA","codart":"841830392","libros-coleccion":"","ediciones":"1","encuadernacion":"R\u00fastica","fecha_de_publicacion":"21\/01\/2022","novedad":"1","paginas":"286","subtitulo":"PECADOS Y VIRTUDES CAPITALES","orden":"0","portada":"0","idioma":"spa","editorial":[{"ID":6309,"post_author":"3","post_date":"2022-07-28 17:49:25","post_date_gmt":"2022-07-28 15:49:25","post_content":"","post_title":"Monte Carmelo","post_excerpt":"","post_status":"publish","comment_status":"closed","ping_status":"closed","post_password":"","post_name":"monte-carmelo","to_ping":"","pinged":"","post_modified":"2022-07-28 17:49:25","post_modified_gmt":"2022-07-28 15:49:25","post_content_filtered":"","post_parent":0,"guid":"http:\/\/dev.claret.cat\/editorial\/monte-carmelo\/","menu_order":0,"post_type":"editorial","post_mime_type":"","comment_count":"0","filter":"raw"}],"autores-libros":[{"ID":163571,"post_author":"3","post_date":"2022-10-14 17:40:06","post_date_gmt":"2022-10-14 15:40:06","post_content":"","post_title":"MAR\u00cdA DANIELA BL\u00d3 REPETTO","post_excerpt":"","post_status":"publish","comment_status":"closed","ping_status":"closed","post_password":"","post_name":"maria-daniela-blo-repetto","to_ping":"","pinged":"","post_modified":"2022-10-14 17:40:06","post_modified_gmt":"2022-10-14 15:40:06","post_content_filtered":"","post_parent":0,"guid":"http:\/\/dev.claret.cat\/autor\/maria-daniela-blo-repetto\/","menu_order":0,"post_type":"autor","post_mime_type":"","comment_count":"0","filter":"raw"},{"ID":160886,"post_author":"3","post_date":"2022-10-14 15:56:40","post_date_gmt":"2022-10-14 13:56:40","post_content":"","post_title":"JOS\u00c9-ROM\u00c1N FLECHA ANDR\u00c9S","post_excerpt":"","post_status":"publish","comment_status":"closed","ping_status":"closed","post_password":"","post_name":"jose-roman-flecha-andres-2","to_ping":"","pinged":"","post_modified":"2022-10-14 15:56:40","post_modified_gmt":"2022-10-14 13:56:40","post_content_filtered":"","post_parent":0,"guid":"http:\/\/dev.claret.cat\/autor\/jose-roman-flecha-andres-2\/","menu_order":0,"post_type":"autor","post_mime_type":"","comment_count":"0","filter":"raw"}],"booktrailer":"","resenas":""},"aioseo_notices":[],"_links":{"self":[{"href":"https:\/\/www.claret.cat\/es\/wp-json\/wp\/v2\/product\/45803","targetHints":{"allow":["GET"]}}],"collection":[{"href":"https:\/\/www.claret.cat\/es\/wp-json\/wp\/v2\/product"}],"about":[{"href":"https:\/\/www.claret.cat\/es\/wp-json\/wp\/v2\/types\/product"}],"wp:featuredmedia":[{"embeddable":true,"href":"https:\/\/www.claret.cat\/es\/wp-json\/wp\/v2\/media\/330578"}],"wp:attachment":[{"href":"https:\/\/www.claret.cat\/es\/wp-json\/wp\/v2\/media?parent=45803"}],"wp:term":[{"taxonomy":"product_brand","embeddable":true,"href":"https:\/\/www.claret.cat\/es\/wp-json\/wp\/v2\/product_brand?post=45803"},{"taxonomy":"product_cat","embeddable":true,"href":"https:\/\/www.claret.cat\/es\/wp-json\/wp\/v2\/product_cat?post=45803"},{"taxonomy":"product_tag","embeddable":true,"href":"https:\/\/www.claret.cat\/es\/wp-json\/wp\/v2\/product_tag?post=45803"}],"curies":[{"name":"wp","href":"https:\/\/api.w.org\/{rel}","templated":true}]}}