{"id":45824,"date":"2022-10-02T22:11:55","date_gmt":"2022-10-02T20:11:55","guid":{"rendered":"http:\/\/dev.claret.cat\/producte\/dublineses\/"},"modified":"2023-10-06T11:32:43","modified_gmt":"2023-10-06T09:32:43","slug":"dublineses-9788418141898","status":"publish","type":"product","link":"https:\/\/www.claret.cat\/es\/libro\/dublineses-9788418141898\/","title":{"rendered":"DUBLINESES"},"content":{"rendered":"<p>Escritos ocho a\u00f1os antes que Ulises, los quince relatos que componen &#8216;Dublineses&#8217; son el primer gran acercamiento de James Joyce a su ciudad, Dubl\u00edn, a la qu describe, con realismo ir\u00f3nico y burl\u00f3n, detenida en el pasado y sojuzgada por el Imperio brit\u00e1nico y la Iglesia cat\u00f3lica. Esta aproximaci\u00f3n a los dublineses de clase \u00admedia y baja, que contiene muchos detalles autobiogr\u00e1ficos, conforma una curiosa unidad de la que surgen personajes que aparecer\u00e1n en obras posteriores del mismo autor. Ochenta a\u00f1os despu\u00e9s de la muerte de Joyce, otro realista, Javier Garc\u00eda Iglesias, interpreta en im\u00e1genes, con asombroso detallismo, al gran autor irland\u00e9s, en una nueva traducci\u00f3n de Susana Carral que se ajusta con mayor precisi\u00f3n al ritmo y el estilo del texto original ingl\u00e9s.<\/p>\n","protected":false},"excerpt":{"rendered":"<p>JOYCE, JAMES<\/p>\n","protected":false},"featured_media":61068,"template":"","meta":{"_acf_changed":false,"om_disable_all_campaigns":false,"rs_blank_template":"","rs_page_bg_color":"","slide_template_v7":"","inline_featured_image":false,"_monsterinsights_skip_tracking":false,"_monsterinsights_sitenote_active":false,"_monsterinsights_sitenote_note":"","_monsterinsights_sitenote_category":0},"product_brand":[],"product_cat":[354,555],"product_tag":[],"class_list":{"0":"post-45824","1":"product","2":"type-product","3":"status-publish","4":"has-post-thumbnail","6":"product_cat-clasica","7":"product_cat-regalo","9":"first","10":"instock","11":"taxable","12":"shipping-taxable","13":"purchasable","14":"product-type-simple"},"acf":{"autor":"JOYCE, JAMES","codart":"841814189","libros-coleccion":"Literatura Reino de Cordelia","ediciones":"1","encuadernacion":"Carton\u00e9","fecha_de_publicacion":"01\/12\/2021","novedad":"1","paginas":"288","subtitulo":"","orden":"0","portada":"0","idioma":"spa","autores-libros":[{"ID":5567,"post_author":"3","post_date":"2022-07-28 17:26:45","post_date_gmt":"2022-07-28 15:26:45","post_content":"","post_title":"JAMES JOYCE","post_excerpt":"","post_status":"publish","comment_status":"closed","ping_status":"closed","post_password":"","post_name":"james-joyce","to_ping":"","pinged":"","post_modified":"2022-07-28 17:26:45","post_modified_gmt":"2022-07-28 15:26:45","post_content_filtered":"","post_parent":0,"guid":"http:\/\/dev.claret.cat\/autor\/james-joyce\/","menu_order":0,"post_type":"autor","post_mime_type":"","comment_count":"0","filter":"raw"}],"editorial":[{"ID":148744,"post_author":"3","post_date":"2022-10-14 12:00:38","post_date_gmt":"2022-10-14 10:00:38","post_content":"","post_title":"REINO DE CORDELIA","post_excerpt":"","post_status":"publish","comment_status":"closed","ping_status":"closed","post_password":"","post_name":"reino-de-cordelia","to_ping":"","pinged":"","post_modified":"2022-10-14 12:00:38","post_modified_gmt":"2022-10-14 10:00:38","post_content_filtered":"","post_parent":0,"guid":"http:\/\/dev.claret.cat\/editorial\/reino-de-cordelia\/","menu_order":0,"post_type":"editorial","post_mime_type":"","comment_count":"0","filter":"raw"}]},"aioseo_notices":[],"_links":{"self":[{"href":"https:\/\/www.claret.cat\/es\/wp-json\/wp\/v2\/product\/45824","targetHints":{"allow":["GET"]}}],"collection":[{"href":"https:\/\/www.claret.cat\/es\/wp-json\/wp\/v2\/product"}],"about":[{"href":"https:\/\/www.claret.cat\/es\/wp-json\/wp\/v2\/types\/product"}],"wp:featuredmedia":[{"embeddable":true,"href":"https:\/\/www.claret.cat\/es\/wp-json\/wp\/v2\/media\/61068"}],"wp:attachment":[{"href":"https:\/\/www.claret.cat\/es\/wp-json\/wp\/v2\/media?parent=45824"}],"wp:term":[{"taxonomy":"product_brand","embeddable":true,"href":"https:\/\/www.claret.cat\/es\/wp-json\/wp\/v2\/product_brand?post=45824"},{"taxonomy":"product_cat","embeddable":true,"href":"https:\/\/www.claret.cat\/es\/wp-json\/wp\/v2\/product_cat?post=45824"},{"taxonomy":"product_tag","embeddable":true,"href":"https:\/\/www.claret.cat\/es\/wp-json\/wp\/v2\/product_tag?post=45824"}],"curies":[{"name":"wp","href":"https:\/\/api.w.org\/{rel}","templated":true}]}}