{"id":45848,"date":"2022-10-02T22:12:19","date_gmt":"2022-10-02T20:12:19","guid":{"rendered":"http:\/\/dev.claret.cat\/producte\/conocer-la-meteorologia\/"},"modified":"2023-10-06T11:12:58","modified_gmt":"2023-10-06T09:12:58","slug":"conocer-la-meteorologia-9788413626277","status":"publish","type":"product","link":"https:\/\/www.claret.cat\/es\/libro\/conocer-la-meteorologia-9788413626277\/","title":{"rendered":"CONOCER LA METEOROLOG\u00cdA"},"content":{"rendered":"<p>CONOCER LA METEOROLOG\u00cdA es un completo diccionario ilustrado, que contiene 2.000 entradas, 25 cuadros de textos divulgativos y m\u00e1s de 200 im\u00e1genes a color, explicativas y sugerentes, que enriquecen el texto. A su car\u00e1cter enciclop\u00e9dico se unen el rigor, la sencillez y el alto valor pedag\u00f3gico de sus contenidos. Todo ello lo convierten en una obra de referencia obligada para cualquier persona interesada en las ciencias atmosf\u00e9ricas; en asuntos tan relevantes como el cambio clim\u00e1tico. Est\u00e1 especialmente dirigida a los profesionales de la meteorolog\u00eda, estudiosos del clima, comunicadores del tiempo, periodistas, educadores ambientales, profesores y alumnos de 3\u00ba y 4\u00ba de la ESO, Bachillerato y universidad. El formato de esta nueva edici\u00f3n resultar\u00e1 particularmente \u00fatil a los estudiantes, que encontrar\u00e1n en \u00e9l una obra de consulta de gran ayuda.<\/p>\n","protected":false},"excerpt":{"rendered":"<p>VI\u00d1AS, JOS\u00c9 MIGUEL<\/p>\n","protected":false},"featured_media":61086,"template":"","meta":{"_acf_changed":false,"om_disable_all_campaigns":false,"rs_blank_template":"","rs_page_bg_color":"","slide_template_v7":"","inline_featured_image":false,"_monsterinsights_skip_tracking":false,"_monsterinsights_sitenote_active":false,"_monsterinsights_sitenote_note":"","_monsterinsights_sitenote_category":0},"product_brand":[],"product_cat":[540],"product_tag":[],"class_list":{"0":"post-45848","1":"product","2":"type-product","3":"status-publish","4":"has-post-thumbnail","6":"product_cat-otros","8":"first","9":"instock","10":"taxable","11":"shipping-taxable","12":"purchasable","13":"product-type-simple"},"acf":{"autor":"VI\u00d1AS, JOS\u00c9 MIGUEL","codart":"841362627","libros-coleccion":"Libros Singulares (Ls)","ediciones":"1","encuadernacion":"R\u00fastica","fecha_de_publicacion":"01\/01\/2022","novedad":"1","paginas":"442","subtitulo":"DICCIONARIO ILUSTRADO DEL TIEMPO Y EL CLIMA","orden":"0","portada":"0","idioma":"spa","editorial":[{"ID":6119,"post_author":"3","post_date":"2022-07-28 17:45:18","post_date_gmt":"2022-07-28 15:45:18","post_content":"","post_title":"Alianza Editorial","post_excerpt":"","post_status":"publish","comment_status":"closed","ping_status":"closed","post_password":"","post_name":"alianza-editorial","to_ping":"","pinged":"","post_modified":"2022-07-28 17:45:18","post_modified_gmt":"2022-07-28 15:45:18","post_content_filtered":"","post_parent":0,"guid":"http:\/\/dev.claret.cat\/editorial\/alianza-editorial\/","menu_order":0,"post_type":"editorial","post_mime_type":"","comment_count":"0","filter":"raw"}],"autores-libros":[{"ID":160516,"post_author":"3","post_date":"2022-10-14 15:53:42","post_date_gmt":"2022-10-14 13:53:42","post_content":"","post_title":"JOSE MIGUEL VI\u00d1AS","post_excerpt":"","post_status":"publish","comment_status":"closed","ping_status":"closed","post_password":"","post_name":"jose-miguel-vinas","to_ping":"","pinged":"","post_modified":"2022-10-14 15:53:42","post_modified_gmt":"2022-10-14 13:53:42","post_content_filtered":"","post_parent":0,"guid":"http:\/\/dev.claret.cat\/autor\/jose-miguel-vinas\/","menu_order":0,"post_type":"autor","post_mime_type":"","comment_count":"0","filter":"raw"}]},"aioseo_notices":[],"_links":{"self":[{"href":"https:\/\/www.claret.cat\/es\/wp-json\/wp\/v2\/product\/45848","targetHints":{"allow":["GET"]}}],"collection":[{"href":"https:\/\/www.claret.cat\/es\/wp-json\/wp\/v2\/product"}],"about":[{"href":"https:\/\/www.claret.cat\/es\/wp-json\/wp\/v2\/types\/product"}],"wp:featuredmedia":[{"embeddable":true,"href":"https:\/\/www.claret.cat\/es\/wp-json\/wp\/v2\/media\/61086"}],"wp:attachment":[{"href":"https:\/\/www.claret.cat\/es\/wp-json\/wp\/v2\/media?parent=45848"}],"wp:term":[{"taxonomy":"product_brand","embeddable":true,"href":"https:\/\/www.claret.cat\/es\/wp-json\/wp\/v2\/product_brand?post=45848"},{"taxonomy":"product_cat","embeddable":true,"href":"https:\/\/www.claret.cat\/es\/wp-json\/wp\/v2\/product_cat?post=45848"},{"taxonomy":"product_tag","embeddable":true,"href":"https:\/\/www.claret.cat\/es\/wp-json\/wp\/v2\/product_tag?post=45848"}],"curies":[{"name":"wp","href":"https:\/\/api.w.org\/{rel}","templated":true}]}}