{"id":45957,"date":"2022-10-02T22:14:10","date_gmt":"2022-10-02T20:14:10","guid":{"rendered":"http:\/\/dev.claret.cat\/producte\/rentat-les-mans\/"},"modified":"2025-10-20T19:59:59","modified_gmt":"2025-10-20T17:59:59","slug":"rentat-les-mans-9788413890401","status":"publish","type":"product","link":"https:\/\/www.claret.cat\/es\/libro\/rentat-les-mans-9788413890401\/","title":{"rendered":"RENTA&#8217;T LES MANS!"},"content":{"rendered":"<p>Les mans estan brutes encara que no ho vegis clar, renta-les amb aigua i sab\u00f3 i dels microbis et podr\u00e0s acomiadar!<br \/> Un llibre de cartr\u00f3 amb text rimat que il\u00b7lustra pas a pas el correcte rentat de mans escrit per Elena Blanco i Gonzalo O\u00f1oro, Dos Pediatras en casa, i il\u00b7lustrat per Esther Bernal.<br \/> \u00c9s ben sabut que rentar-se les mans \u00e9s una de les mesures m\u00e9s eficaces per lluitar contra virus i altres malalties. Sovint, a les criatures se&#8217;ls oblida fer-ho o ho fan\u00a0a corre-cuita. La idea d&#8217;aquest llibre \u00e9s il\u00b7lustrar clarament els passos perqu\u00e8 no se&#8217;n saltin cap!<\/p>\n","protected":false},"excerpt":{"rendered":"<p>BLANCO, ELENA \/ O\u00d1ORO, GONZALO \/ BERNAL, ESTHER<\/p>\n","protected":false},"featured_media":61164,"template":"","meta":{"_acf_changed":false,"om_disable_all_campaigns":false,"rs_blank_template":"","rs_page_bg_color":"","slide_template_v7":"","inline_featured_image":false,"_monsterinsights_skip_tracking":false,"_monsterinsights_sitenote_active":false,"_monsterinsights_sitenote_note":"","_monsterinsights_sitenote_category":0},"product_brand":[],"product_cat":[131,361],"product_tag":[],"class_list":{"0":"post-45957","1":"product","2":"type-product","3":"status-publish","4":"has-post-thumbnail","6":"product_cat-contes-per-infants-0-6-anys","7":"product_cat-cuentos-para-ninos-0-6-anos","9":"first","10":"instock","11":"taxable","12":"shipping-taxable","13":"purchasable","14":"product-type-simple"},"acf":{"autor":"BLANCO, ELENA \/ O\u00d1ORO, GONZALO \/ BERNAL, ESTHER","codart":"841389040","libros-coleccion":"Salut i benestar","ediciones":"1","encuadernacion":"Carpeta","fecha_de_publicacion":"01\/01\/2022","novedad":"1","paginas":"10","subtitulo":"","orden":"0","portada":"0","idioma":"cat","editorial":[{"ID":6249,"post_author":"3","post_date":"2022-07-28 17:48:09","post_date_gmt":"2022-07-28 15:48:09","post_content":"","post_title":"Estrella Polar","post_excerpt":"","post_status":"publish","comment_status":"closed","ping_status":"closed","post_password":"","post_name":"estrella-polar","to_ping":"","pinged":"","post_modified":"2022-07-28 17:48:09","post_modified_gmt":"2022-07-28 15:48:09","post_content_filtered":"","post_parent":0,"guid":"http:\/\/dev.claret.cat\/editorial\/estrella-polar\/","menu_order":0,"post_type":"editorial","post_mime_type":"","comment_count":"0","filter":"raw"}],"autores-libros":[{"ID":154720,"post_author":"3","post_date":"2022-10-14 15:07:04","post_date_gmt":"2022-10-14 13:07:04","post_content":"","post_title":"ELENA BLANCO","post_excerpt":"","post_status":"publish","comment_status":"closed","ping_status":"closed","post_password":"","post_name":"elena-blanco","to_ping":"","pinged":"","post_modified":"2022-10-14 15:07:04","post_modified_gmt":"2022-10-14 13:07:04","post_content_filtered":"","post_parent":0,"guid":"http:\/\/dev.claret.cat\/autor\/elena-blanco\/","menu_order":0,"post_type":"autor","post_mime_type":"","comment_count":"0","filter":"raw"},{"ID":157054,"post_author":"3","post_date":"2022-10-14 15:25:45","post_date_gmt":"2022-10-14 13:25:45","post_content":"","post_title":"GONZALO O\u00d1ORO","post_excerpt":"","post_status":"publish","comment_status":"closed","ping_status":"closed","post_password":"","post_name":"gonzalo-onoro","to_ping":"","pinged":"","post_modified":"2022-10-14 15:25:45","post_modified_gmt":"2022-10-14 13:25:45","post_content_filtered":"","post_parent":0,"guid":"http:\/\/dev.claret.cat\/autor\/gonzalo-onoro\/","menu_order":0,"post_type":"autor","post_mime_type":"","comment_count":"0","filter":"raw"},{"ID":155424,"post_author":"3","post_date":"2022-10-14 15:12:43","post_date_gmt":"2022-10-14 13:12:43","post_content":"","post_title":"ESTHER BERNAL","post_excerpt":"","post_status":"publish","comment_status":"closed","ping_status":"closed","post_password":"","post_name":"esther-bernal","to_ping":"","pinged":"","post_modified":"2022-10-14 15:12:43","post_modified_gmt":"2022-10-14 13:12:43","post_content_filtered":"","post_parent":0,"guid":"http:\/\/dev.claret.cat\/autor\/esther-bernal\/","menu_order":0,"post_type":"autor","post_mime_type":"","comment_count":"0","filter":"raw"}],"booktrailer":"","resenas":""},"aioseo_notices":[],"_links":{"self":[{"href":"https:\/\/www.claret.cat\/es\/wp-json\/wp\/v2\/product\/45957","targetHints":{"allow":["GET"]}}],"collection":[{"href":"https:\/\/www.claret.cat\/es\/wp-json\/wp\/v2\/product"}],"about":[{"href":"https:\/\/www.claret.cat\/es\/wp-json\/wp\/v2\/types\/product"}],"wp:featuredmedia":[{"embeddable":true,"href":"https:\/\/www.claret.cat\/es\/wp-json\/wp\/v2\/media\/61164"}],"wp:attachment":[{"href":"https:\/\/www.claret.cat\/es\/wp-json\/wp\/v2\/media?parent=45957"}],"wp:term":[{"taxonomy":"product_brand","embeddable":true,"href":"https:\/\/www.claret.cat\/es\/wp-json\/wp\/v2\/product_brand?post=45957"},{"taxonomy":"product_cat","embeddable":true,"href":"https:\/\/www.claret.cat\/es\/wp-json\/wp\/v2\/product_cat?post=45957"},{"taxonomy":"product_tag","embeddable":true,"href":"https:\/\/www.claret.cat\/es\/wp-json\/wp\/v2\/product_tag?post=45957"}],"curies":[{"name":"wp","href":"https:\/\/api.w.org\/{rel}","templated":true}]}}