{"id":45960,"date":"2022-10-02T22:14:13","date_gmt":"2022-10-02T20:14:13","guid":{"rendered":"http:\/\/dev.claret.cat\/producte\/rentat-les-dents\/"},"modified":"2025-10-20T18:13:09","modified_gmt":"2025-10-20T16:13:09","slug":"rentat-les-dents-9788413890418","status":"publish","type":"product","link":"https:\/\/www.claret.cat\/es\/libro\/rentat-les-dents-9788413890418\/","title":{"rendered":"RENTA&#8217;T LES DENTS!"},"content":{"rendered":"<p>La boca est\u00e0 plena de bacteris; s\u00f3n gaireb\u00e9 invisibles. Els encanta el sucre, i poden provocar-te c\u00e0ries incre\u00efbles. Apr\u00e8n a rentar-te b\u00e9 les dents i lliura-te&#8217;n!<br \/> Un llibre de cartr\u00f3 amb text rimat que il\u00b7lustra pas a pas el correcte rentat de dents escrit per Elena Blanco i Gonzalo O\u00f1oro, Dos Pediatras en Casa, i il\u00b7lustrat per Esther Bernal.<br \/> Raspallar-se les dents pot ser un dels moments\u00a0\u00abcomplicats\u00bb de la rutina de les criatures. Sovint, ho fan \u00abper sobre\u00bb si no els acompanya i guia un adult. La idea d&#8217;aquest llibre \u00e9s explicar per qu\u00e8 \u00e9s important la higiene dental i il\u00b7lustrar els passos perqu\u00e8 no se&#8217;n saltin cap i gaudeixin d&#8221;una boca sana durant molts i molts anys.<\/p>\n","protected":false},"excerpt":{"rendered":"<p>BLANCO, ELENA \/ O\u00d1ORO, GONZALO \/ BERNAL, ESTHER<\/p>\n","protected":false},"featured_media":61166,"template":"","meta":{"_acf_changed":false,"om_disable_all_campaigns":false,"rs_blank_template":"","rs_page_bg_color":"","slide_template_v7":"","inline_featured_image":false,"_monsterinsights_skip_tracking":false,"_monsterinsights_sitenote_active":false,"_monsterinsights_sitenote_note":"","_monsterinsights_sitenote_category":0},"product_brand":[],"product_cat":[131,361],"product_tag":[],"class_list":{"0":"post-45960","1":"product","2":"type-product","3":"status-publish","4":"has-post-thumbnail","6":"product_cat-contes-per-infants-0-6-anys","7":"product_cat-cuentos-para-ninos-0-6-anos","9":"first","10":"instock","11":"taxable","12":"shipping-taxable","13":"purchasable","14":"product-type-simple"},"acf":{"autor":"BLANCO, ELENA \/ O\u00d1ORO, GONZALO \/ BERNAL, ESTHER","codart":"841389041","libros-coleccion":"Salut i benestar","ediciones":"1","encuadernacion":"Carton\u00e9","fecha_de_publicacion":"01\/01\/2022","novedad":"1","paginas":"10","subtitulo":"","orden":"0","portada":"0","idioma":"cat","editorial":[{"ID":6249,"post_author":"3","post_date":"2022-07-28 17:48:09","post_date_gmt":"2022-07-28 15:48:09","post_content":"","post_title":"Estrella Polar","post_excerpt":"","post_status":"publish","comment_status":"closed","ping_status":"closed","post_password":"","post_name":"estrella-polar","to_ping":"","pinged":"","post_modified":"2022-07-28 17:48:09","post_modified_gmt":"2022-07-28 15:48:09","post_content_filtered":"","post_parent":0,"guid":"http:\/\/dev.claret.cat\/editorial\/estrella-polar\/","menu_order":0,"post_type":"editorial","post_mime_type":"","comment_count":"0","filter":"raw"}],"autores-libros":[{"ID":154720,"post_author":"3","post_date":"2022-10-14 15:07:04","post_date_gmt":"2022-10-14 13:07:04","post_content":"","post_title":"ELENA BLANCO","post_excerpt":"","post_status":"publish","comment_status":"closed","ping_status":"closed","post_password":"","post_name":"elena-blanco","to_ping":"","pinged":"","post_modified":"2022-10-14 15:07:04","post_modified_gmt":"2022-10-14 13:07:04","post_content_filtered":"","post_parent":0,"guid":"http:\/\/dev.claret.cat\/autor\/elena-blanco\/","menu_order":0,"post_type":"autor","post_mime_type":"","comment_count":"0","filter":"raw"},{"ID":157054,"post_author":"3","post_date":"2022-10-14 15:25:45","post_date_gmt":"2022-10-14 13:25:45","post_content":"","post_title":"GONZALO O\u00d1ORO","post_excerpt":"","post_status":"publish","comment_status":"closed","ping_status":"closed","post_password":"","post_name":"gonzalo-onoro","to_ping":"","pinged":"","post_modified":"2022-10-14 15:25:45","post_modified_gmt":"2022-10-14 13:25:45","post_content_filtered":"","post_parent":0,"guid":"http:\/\/dev.claret.cat\/autor\/gonzalo-onoro\/","menu_order":0,"post_type":"autor","post_mime_type":"","comment_count":"0","filter":"raw"},{"ID":155424,"post_author":"3","post_date":"2022-10-14 15:12:43","post_date_gmt":"2022-10-14 13:12:43","post_content":"","post_title":"ESTHER BERNAL","post_excerpt":"","post_status":"publish","comment_status":"closed","ping_status":"closed","post_password":"","post_name":"esther-bernal","to_ping":"","pinged":"","post_modified":"2022-10-14 15:12:43","post_modified_gmt":"2022-10-14 13:12:43","post_content_filtered":"","post_parent":0,"guid":"http:\/\/dev.claret.cat\/autor\/esther-bernal\/","menu_order":0,"post_type":"autor","post_mime_type":"","comment_count":"0","filter":"raw"}],"booktrailer":"","resenas":""},"aioseo_notices":[],"_links":{"self":[{"href":"https:\/\/www.claret.cat\/es\/wp-json\/wp\/v2\/product\/45960","targetHints":{"allow":["GET"]}}],"collection":[{"href":"https:\/\/www.claret.cat\/es\/wp-json\/wp\/v2\/product"}],"about":[{"href":"https:\/\/www.claret.cat\/es\/wp-json\/wp\/v2\/types\/product"}],"wp:featuredmedia":[{"embeddable":true,"href":"https:\/\/www.claret.cat\/es\/wp-json\/wp\/v2\/media\/61166"}],"wp:attachment":[{"href":"https:\/\/www.claret.cat\/es\/wp-json\/wp\/v2\/media?parent=45960"}],"wp:term":[{"taxonomy":"product_brand","embeddable":true,"href":"https:\/\/www.claret.cat\/es\/wp-json\/wp\/v2\/product_brand?post=45960"},{"taxonomy":"product_cat","embeddable":true,"href":"https:\/\/www.claret.cat\/es\/wp-json\/wp\/v2\/product_cat?post=45960"},{"taxonomy":"product_tag","embeddable":true,"href":"https:\/\/www.claret.cat\/es\/wp-json\/wp\/v2\/product_tag?post=45960"}],"curies":[{"name":"wp","href":"https:\/\/api.w.org\/{rel}","templated":true}]}}