{"id":45963,"date":"2022-10-02T22:14:17","date_gmt":"2022-10-02T20:14:17","guid":{"rendered":"http:\/\/dev.claret.cat\/producte\/prou-catastrofismes-linguistics\/"},"modified":"2024-01-31T21:14:45","modified_gmt":"2024-01-31T20:14:45","slug":"prou-catastrofismes-linguistics-9788497103312","status":"publish","type":"product","link":"https:\/\/www.claret.cat\/es\/libro\/prou-catastrofismes-linguistics-9788497103312\/","title":{"rendered":"PROU CATASTROFISMES LING\u00dc\u00cdSTICS"},"content":{"rendered":"<p>Tothom no para d&#8217;anunciar la desaparici\u00f3 imminent de la llengua catalana, en un clima desesperat i apocal\u00edptic, sovint recolzat en xifres inexactes i mal interpretades. Tot plegat ha provocat un clima de des\u00e0nim i amargor, fatalitat i sentiment d&#8217;indefensi\u00f3 que no contribueix a resoldre res. El catal\u00e0 t\u00e9 reptes seriosos i greus \u2014el catal\u00e0 entre els joves, l&#8217;audiovisual, la just\u00edcia, etc.\u2014, per\u00f2 s&#8217;han d&#8217;encarar amb estrat\u00e8gia, intel\u00b7lig\u00e8ncia, pressupost i suport legal. No podem dependre exclusivament de les voluntats individuals de parlar en catal\u00e0 a tot arreu. Cal desmuntar els t\u00f2pics funestos sobre el futur del catal\u00e0, tenir una idea clara de com quina \u00e9s la composici\u00f3 de la societat catalana, con\u00e8ixer les actituds i h\u00e0bits ling\u00fc\u00edstics dels castellanoparlants, sovint els grans oblidats del debat, tenir present tots els fronts en qu\u00e8 s&#8217;ha avan\u00e7at en els \u00faltims quaranta anys i els punts forts actuals, per continuar avan\u00e7ant en la difusi\u00f3 de la llengua, amb realisme i aud\u00e0cia.<\/p>\n","protected":false},"excerpt":{"rendered":"<p>GOM\u00c0 RIBAS, ENRIC<\/p>\n","protected":false},"featured_media":61168,"template":"","meta":{"_acf_changed":false,"om_disable_all_campaigns":false,"rs_blank_template":"","rs_page_bg_color":"","slide_template_v7":"","inline_featured_image":false,"_monsterinsights_skip_tracking":false,"_monsterinsights_sitenote_active":false,"_monsterinsights_sitenote_note":"","_monsterinsights_sitenote_category":0},"product_brand":[],"product_cat":[430,153],"product_tag":[],"class_list":{"0":"post-45963","1":"product","2":"type-product","3":"status-publish","4":"has-post-thumbnail","6":"product_cat-cataluna","7":"product_cat-catalunya","9":"first","10":"instock","11":"taxable","12":"shipping-taxable","13":"purchasable","14":"product-type-simple"},"acf":{"autor":"GOM\u00c0 RIBAS, ENRIC","codart":"849710331","libros-coleccion":"FORA DE COL.LECCI\u00d3","ediciones":"1","encuadernacion":"R\u00fastica","fecha_de_publicacion":"01\/01\/2022","novedad":"1","paginas":"120","subtitulo":"","orden":"0","portada":"0","idioma":"cat","editorial":[{"ID":6181,"post_author":"3","post_date":"2022-07-28 17:46:38","post_date_gmt":"2022-07-28 15:46:38","post_content":"","post_title":"Destino CAT","post_excerpt":"","post_status":"publish","comment_status":"closed","ping_status":"closed","post_password":"","post_name":"destino-cat","to_ping":"","pinged":"","post_modified":"2022-07-28 17:46:38","post_modified_gmt":"2022-07-28 15:46:38","post_content_filtered":"","post_parent":0,"guid":"http:\/\/dev.claret.cat\/editorial\/destino-cat\/","menu_order":0,"post_type":"editorial","post_mime_type":"","comment_count":"0","filter":"raw"}],"autores-libros":[{"ID":155108,"post_author":"3","post_date":"2022-10-14 15:10:14","post_date_gmt":"2022-10-14 13:10:14","post_content":"","post_title":"ENRIC GOM\u00c0 RIBAS","post_excerpt":"","post_status":"publish","comment_status":"closed","ping_status":"closed","post_password":"","post_name":"enric-goma-ribas","to_ping":"","pinged":"","post_modified":"2022-10-14 15:10:14","post_modified_gmt":"2022-10-14 13:10:14","post_content_filtered":"","post_parent":0,"guid":"http:\/\/dev.claret.cat\/autor\/enric-goma-ribas\/","menu_order":0,"post_type":"autor","post_mime_type":"","comment_count":"0","filter":"raw"}]},"aioseo_notices":[],"_links":{"self":[{"href":"https:\/\/www.claret.cat\/es\/wp-json\/wp\/v2\/product\/45963","targetHints":{"allow":["GET"]}}],"collection":[{"href":"https:\/\/www.claret.cat\/es\/wp-json\/wp\/v2\/product"}],"about":[{"href":"https:\/\/www.claret.cat\/es\/wp-json\/wp\/v2\/types\/product"}],"wp:featuredmedia":[{"embeddable":true,"href":"https:\/\/www.claret.cat\/es\/wp-json\/wp\/v2\/media\/61168"}],"wp:attachment":[{"href":"https:\/\/www.claret.cat\/es\/wp-json\/wp\/v2\/media?parent=45963"}],"wp:term":[{"taxonomy":"product_brand","embeddable":true,"href":"https:\/\/www.claret.cat\/es\/wp-json\/wp\/v2\/product_brand?post=45963"},{"taxonomy":"product_cat","embeddable":true,"href":"https:\/\/www.claret.cat\/es\/wp-json\/wp\/v2\/product_cat?post=45963"},{"taxonomy":"product_tag","embeddable":true,"href":"https:\/\/www.claret.cat\/es\/wp-json\/wp\/v2\/product_tag?post=45963"}],"curies":[{"name":"wp","href":"https:\/\/api.w.org\/{rel}","templated":true}]}}