{"id":45966,"date":"2022-10-02T22:14:20","date_gmt":"2022-10-02T20:14:20","guid":{"rendered":"http:\/\/dev.claret.cat\/producte\/el-que-queda-entre-nosaltres\/"},"modified":"2024-01-31T21:32:10","modified_gmt":"2024-01-31T20:32:10","slug":"el-que-queda-entre-nosaltres-9788418327827","status":"publish","type":"product","link":"https:\/\/www.claret.cat\/es\/libro\/el-que-queda-entre-nosaltres-9788418327827\/","title":{"rendered":"(EL QUE QUEDA) ENTRE NOSALTRES"},"content":{"rendered":"<p>La Tessa Jacobs, que ha viscut una infantesa en diverses llars adoptives, est\u00e0 conven\u00e7uda que mai no trobar\u00e0 l&#8217;amor. Per\u00f2 tot canvia quan topa amb l&#8221;Skylar, un rom\u00e0ntic infatigable, i es converteix en protagonista d&#8217;un amor de pel\u00b7l\u00edcula&#8230; Fins que la trag\u00e8dia la colpeja. Un dia es desperta a l&#8217;hospital; no recorda res del que ha passat. I rep una not\u00edcia terrible: l&#8217;Skylar ha mort. Mentre la noia intenta omplir les llacunes de la seva mem\u00f2ria, rep estranys missatges del M\u00e9s Enll\u00e0. Potser el noi, que intenta contactar amb ella? En la cerca del cam\u00ed per reunir-se de nou, l&#8217;Skylar i la Tessa ho desafiaran tot&#8230; fins la mort.<\/p>\n","protected":false},"excerpt":{"rendered":"<p>KLEIN, MARC<\/p>\n","protected":false},"featured_media":61170,"template":"","meta":{"_acf_changed":false,"om_disable_all_campaigns":false,"rs_blank_template":"","rs_page_bg_color":"","slide_template_v7":"","inline_featured_image":false,"_monsterinsights_skip_tracking":false,"_monsterinsights_sitenote_active":false,"_monsterinsights_sitenote_note":"","_monsterinsights_sitenote_category":0},"product_brand":[],"product_cat":[566,117,127,357],"product_tag":[],"class_list":{"0":"post-45966","1":"product","2":"type-product","3":"status-publish","4":"has-post-thumbnail","6":"product_cat-juvenil-3_infantil-juvenil-spa-spa","7":"product_cat-juvenil","8":"product_cat-novella-contemporania","9":"product_cat-novela-contemporanea","11":"first","12":"instock","13":"taxable","14":"shipping-taxable","15":"purchasable","16":"product-type-simple"},"acf":{"autor":"KLEIN, MARC","codart":"841832782","libros-coleccion":"FORA DE COL.LECCI\u00d3","ediciones":"1","encuadernacion":"R\u00fastica","fecha_de_publicacion":"01\/01\/2022","novedad":"1","paginas":"272","subtitulo":"","orden":"0","portada":"0","idioma":"cat","editorial":[{"ID":6254,"post_author":"3","post_date":"2022-07-28 17:48:15","post_date_gmt":"2022-07-28 15:48:15","post_content":"","post_title":"FANBOOKS","post_excerpt":"","post_status":"publish","comment_status":"closed","ping_status":"closed","post_password":"","post_name":"fanbooks","to_ping":"","pinged":"","post_modified":"2022-07-28 17:48:15","post_modified_gmt":"2022-07-28 15:48:15","post_content_filtered":"","post_parent":0,"guid":"http:\/\/dev.claret.cat\/editorial\/fanbooks\/","menu_order":0,"post_type":"editorial","post_mime_type":"","comment_count":"0","filter":"raw"}],"autores-libros":[{"ID":163319,"post_author":"3","post_date":"2022-10-14 17:38:04","post_date_gmt":"2022-10-14 15:38:04","post_content":"","post_title":"MARC KLEIN","post_excerpt":"","post_status":"publish","comment_status":"closed","ping_status":"closed","post_password":"","post_name":"marc-klein","to_ping":"","pinged":"","post_modified":"2022-10-14 17:38:04","post_modified_gmt":"2022-10-14 15:38:04","post_content_filtered":"","post_parent":0,"guid":"http:\/\/dev.claret.cat\/autor\/marc-klein\/","menu_order":0,"post_type":"autor","post_mime_type":"","comment_count":"0","filter":"raw"}]},"aioseo_notices":[],"_links":{"self":[{"href":"https:\/\/www.claret.cat\/es\/wp-json\/wp\/v2\/product\/45966","targetHints":{"allow":["GET"]}}],"collection":[{"href":"https:\/\/www.claret.cat\/es\/wp-json\/wp\/v2\/product"}],"about":[{"href":"https:\/\/www.claret.cat\/es\/wp-json\/wp\/v2\/types\/product"}],"wp:featuredmedia":[{"embeddable":true,"href":"https:\/\/www.claret.cat\/es\/wp-json\/wp\/v2\/media\/61170"}],"wp:attachment":[{"href":"https:\/\/www.claret.cat\/es\/wp-json\/wp\/v2\/media?parent=45966"}],"wp:term":[{"taxonomy":"product_brand","embeddable":true,"href":"https:\/\/www.claret.cat\/es\/wp-json\/wp\/v2\/product_brand?post=45966"},{"taxonomy":"product_cat","embeddable":true,"href":"https:\/\/www.claret.cat\/es\/wp-json\/wp\/v2\/product_cat?post=45966"},{"taxonomy":"product_tag","embeddable":true,"href":"https:\/\/www.claret.cat\/es\/wp-json\/wp\/v2\/product_tag?post=45966"}],"curies":[{"name":"wp","href":"https:\/\/api.w.org\/{rel}","templated":true}]}}