{"id":460,"date":"2022-07-27T15:19:15","date_gmt":"2022-07-27T13:19:15","guid":{"rendered":"http:\/\/dev.claret.cat\/producto\/boulevard-libro-2-edicion-revisada-por-la-autora-9788418798238\/"},"modified":"2023-10-06T08:34:13","modified_gmt":"2023-10-06T06:34:13","slug":"boulevard-libro-2-edicion-revisada-por-la-autora-9788418798238","status":"publish","type":"product","link":"https:\/\/www.claret.cat\/es\/libro\/boulevard-libro-2-edicion-revisada-por-la-autora-9788418798238\/","title":{"rendered":"BOULEVARD. LIBRO 2 (EDICI\u00d3N REVISADA POR LA AUTORA)"},"content":{"rendered":"<p>Llega la continuaci\u00f3n del fen\u00f3meno YA por excelencia por primera vez en f\u00edsico.  Tras la muerte de Luke, Hasley debe seguir con su vida, pasar p\u00e1gina y  mirar hacia delante. Cuando su madre le dice que es hora de continuar y  dejar el pasado atr\u00e1s esas palabras se le clavan como pu\u00f1ales en el  alma, pero no por ello son menos ciertas. Hasley es joven y tiene todo  el tiempo del mundo para rehacer su vida y conocer a alguien m\u00e1s. La  vida est\u00e1 llena de oportunidad. Quiz\u00e1s no para Luke, pero s\u00ed para Hasley  y ella sabe que \u00e9l hubiese querido que ella continuase su camino y cumpliese sus sue\u00f1os. Todo cobra un nuevo sentido con la aparici\u00f3n de Harry Beckinsale,  licenciado en derecho, dos a\u00f1os mayor que ella y con la vida en orden. \u00bfSer\u00e1 esta la nueva oportunidad para que los sue\u00f1os de Hasley puedan descansar en paz junto a la memoria de Luke?<\/p>\n","protected":false},"excerpt":{"rendered":"<p>SALVADOR, FLOR M.<\/p>\n","protected":false},"featured_media":52523,"template":"","meta":{"_acf_changed":false,"om_disable_all_campaigns":false,"rs_blank_template":"","rs_page_bg_color":"","slide_template_v7":"","inline_featured_image":false,"_monsterinsights_skip_tracking":false,"_monsterinsights_sitenote_active":false,"_monsterinsights_sitenote_note":"","_monsterinsights_sitenote_category":0},"product_brand":[],"product_cat":[566,363],"product_tag":[],"class_list":{"0":"post-460","1":"product","2":"type-product","3":"status-publish","4":"has-post-thumbnail","6":"product_cat-juvenil-3_infantil-juvenil-spa-spa","7":"product_cat-lecturas-por-adolescentes-12-18-anos","9":"first","10":"instock","11":"taxable","12":"shipping-taxable","13":"purchasable","14":"product-type-simple"},"acf":{"autor":"SALVADOR, FLOR M.","codart":"841879823","ediciones":"1","encuadernacion":"R\u00fastica","fecha_de_publicacion":"14\/07\/2022","novedad":"1","paginas":"216","subtitulo":"DESPU\u00c9S DE \u00c9L","orden":"0","portada":"0","idioma":"spa","libros-coleccion":"FORA DE COL.LECCI\u00d3","autores-libros":[{"ID":5477,"post_author":"3","post_date":"2022-07-28 17:24:49","post_date_gmt":"2022-07-28 15:24:49","post_content":"","post_title":"FLOR M. SALVADOR","post_excerpt":"","post_status":"publish","comment_status":"closed","ping_status":"closed","post_password":"","post_name":"flor-m-salvador","to_ping":"","pinged":"","post_modified":"2022-07-28 17:24:49","post_modified_gmt":"2022-07-28 15:24:49","post_content_filtered":"","post_parent":0,"guid":"http:\/\/dev.claret.cat\/autor\/flor-m-salvador\/","menu_order":0,"post_type":"autor","post_mime_type":"","comment_count":"0","filter":"raw"}],"editorial":[{"ID":6310,"post_author":"3","post_date":"2022-07-28 17:49:26","post_date_gmt":"2022-07-28 15:49:26","post_content":"","post_title":"MONTENA","post_excerpt":"","post_status":"publish","comment_status":"closed","ping_status":"closed","post_password":"","post_name":"montena","to_ping":"","pinged":"","post_modified":"2022-07-28 17:49:26","post_modified_gmt":"2022-07-28 15:49:26","post_content_filtered":"","post_parent":0,"guid":"http:\/\/dev.claret.cat\/editorial\/montena\/","menu_order":0,"post_type":"editorial","post_mime_type":"","comment_count":"0","filter":"raw"}]},"aioseo_notices":[],"_links":{"self":[{"href":"https:\/\/www.claret.cat\/es\/wp-json\/wp\/v2\/product\/460","targetHints":{"allow":["GET"]}}],"collection":[{"href":"https:\/\/www.claret.cat\/es\/wp-json\/wp\/v2\/product"}],"about":[{"href":"https:\/\/www.claret.cat\/es\/wp-json\/wp\/v2\/types\/product"}],"wp:featuredmedia":[{"embeddable":true,"href":"https:\/\/www.claret.cat\/es\/wp-json\/wp\/v2\/media\/52523"}],"wp:attachment":[{"href":"https:\/\/www.claret.cat\/es\/wp-json\/wp\/v2\/media?parent=460"}],"wp:term":[{"taxonomy":"product_brand","embeddable":true,"href":"https:\/\/www.claret.cat\/es\/wp-json\/wp\/v2\/product_brand?post=460"},{"taxonomy":"product_cat","embeddable":true,"href":"https:\/\/www.claret.cat\/es\/wp-json\/wp\/v2\/product_cat?post=460"},{"taxonomy":"product_tag","embeddable":true,"href":"https:\/\/www.claret.cat\/es\/wp-json\/wp\/v2\/product_tag?post=460"}],"curies":[{"name":"wp","href":"https:\/\/api.w.org\/{rel}","templated":true}]}}