{"id":46029,"date":"2022-10-02T22:15:30","date_gmt":"2022-10-02T20:15:30","guid":{"rendered":"http:\/\/dev.claret.cat\/producte\/tiburcio-el-tiburon-cocinero\/"},"modified":"2023-10-06T11:14:44","modified_gmt":"2023-10-06T09:14:44","slug":"tiburcio-el-tiburon-cocinero-9788408251897","status":"publish","type":"product","link":"https:\/\/www.claret.cat\/es\/libro\/tiburcio-el-tiburon-cocinero-9788408251897\/","title":{"rendered":"TIBURCIO, EL TIBUR\u00d3N COCINERO"},"content":{"rendered":"<p>Tiburcio es un tibur\u00f3n cocinero. Escuala es su mujer y tiene buena relaci\u00f3n con su marido. De hecho, cocinan a la par. Tienen dos hijos, Tigre y Tora. Ella es reflexiva y con melena corta. \u00c9l, alocado con granos en la cara y brackets. Juntos nos ense\u00f1ar\u00e1n a cocinar a mayores y a peque\u00f1os a trav\u00e9s de una treintena de deliciosas recetas originales, geniales, f\u00e1ciles y divertidas para compartir en familia, y adem\u00e1s nos mostrar\u00e1n un mont\u00f3n de ideas y trucos para que todo salga genial y podamos vacilar a los amigos, familiares, vecinos e invitados que encontremos por ah\u00ed.<br \/> \u00a0<br \/> \u00bfTienes hijos o hijas de entre dos y doce a\u00f1os? \u00bfBuscas un libro que te ense\u00f1e recetas f\u00e1ciles ambientadas en su universo? \u00bfEst\u00e1s intentando encontrar un texto sencillo y divertido que te d\u00e9 ideas para cocinar con los peques? \u00bfCrees que jugando y con algo de humor es como mejor se aprende? \u00bfTe gusta cocinar, aunque sea un poquito? \u00bfTe gusta saber que tus hijos saben lo que comen? \u00bfDisfrutas cuando vas a hacer la compra con ellos? \u00bfSab\u00edas que la cocina es la llave de la futura salud de tus queridos reto\u00f1os? Si has contestado afirmativamente a la mayor\u00eda de estas preguntas, Tiburcio, el tibur\u00f3n cocinero, es tu libro.<\/p>\n","protected":false},"excerpt":{"rendered":"<p>GUTI\u00c9RREZ, XABIER<\/p>\n","protected":false},"featured_media":61214,"template":"","meta":{"_acf_changed":false,"om_disable_all_campaigns":false,"rs_blank_template":"","rs_page_bg_color":"","slide_template_v7":"","inline_featured_image":false,"_monsterinsights_skip_tracking":false,"_monsterinsights_sitenote_active":false,"_monsterinsights_sitenote_note":"","_monsterinsights_sitenote_category":0},"product_brand":[],"product_cat":[553],"product_tag":[],"class_list":{"0":"post-46029","1":"product","2":"type-product","3":"status-publish","4":"has-post-thumbnail","6":"product_cat-cocina","8":"first","9":"instock","10":"taxable","11":"shipping-taxable","12":"purchasable","13":"product-type-simple"},"acf":{"autor":"GUTI\u00c9RREZ, XABIER","codart":"840825189","libros-coleccion":"Cocina T","ediciones":"1","encuadernacion":"R\u00fastica","fecha_de_publicacion":"01\/01\/2022","novedad":"1","paginas":"272","subtitulo":"","orden":"0","portada":"0","idioma":"spa","editorial":[{"ID":6233,"post_author":"3","post_date":"2022-07-28 17:47:48","post_date_gmt":"2022-07-28 15:47:48","post_content":"","post_title":"EDITORIAL PLANETA","post_excerpt":"","post_status":"publish","comment_status":"closed","ping_status":"closed","post_password":"","post_name":"editorial-planeta","to_ping":"","pinged":"","post_modified":"2022-07-28 17:47:48","post_modified_gmt":"2022-07-28 15:47:48","post_content_filtered":"","post_parent":0,"guid":"http:\/\/dev.claret.cat\/editorial\/editorial-planeta\/","menu_order":0,"post_type":"editorial","post_mime_type":"","comment_count":"0","filter":"raw"}],"autores-libros":[{"ID":171374,"post_author":"3","post_date":"2022-10-14 22:42:53","post_date_gmt":"2022-10-14 20:42:53","post_content":"","post_title":"XABIER GUTIERREZ","post_excerpt":"","post_status":"publish","comment_status":"closed","ping_status":"closed","post_password":"","post_name":"xabier-gutierrez","to_ping":"","pinged":"","post_modified":"2022-10-14 22:42:53","post_modified_gmt":"2022-10-14 20:42:53","post_content_filtered":"","post_parent":0,"guid":"http:\/\/dev.claret.cat\/autor\/xabier-gutierrez\/","menu_order":0,"post_type":"autor","post_mime_type":"","comment_count":"0","filter":"raw"}]},"aioseo_notices":[],"_links":{"self":[{"href":"https:\/\/www.claret.cat\/es\/wp-json\/wp\/v2\/product\/46029","targetHints":{"allow":["GET"]}}],"collection":[{"href":"https:\/\/www.claret.cat\/es\/wp-json\/wp\/v2\/product"}],"about":[{"href":"https:\/\/www.claret.cat\/es\/wp-json\/wp\/v2\/types\/product"}],"wp:featuredmedia":[{"embeddable":true,"href":"https:\/\/www.claret.cat\/es\/wp-json\/wp\/v2\/media\/61214"}],"wp:attachment":[{"href":"https:\/\/www.claret.cat\/es\/wp-json\/wp\/v2\/media?parent=46029"}],"wp:term":[{"taxonomy":"product_brand","embeddable":true,"href":"https:\/\/www.claret.cat\/es\/wp-json\/wp\/v2\/product_brand?post=46029"},{"taxonomy":"product_cat","embeddable":true,"href":"https:\/\/www.claret.cat\/es\/wp-json\/wp\/v2\/product_cat?post=46029"},{"taxonomy":"product_tag","embeddable":true,"href":"https:\/\/www.claret.cat\/es\/wp-json\/wp\/v2\/product_tag?post=46029"}],"curies":[{"name":"wp","href":"https:\/\/api.w.org\/{rel}","templated":true}]}}