{"id":46122,"date":"2022-10-02T22:17:02","date_gmt":"2022-10-02T20:17:02","guid":{"rendered":"http:\/\/dev.claret.cat\/producte\/devocionario-de-la-sagrada-familia\/"},"modified":"2026-04-01T02:21:33","modified_gmt":"2026-04-01T00:21:33","slug":"devocionario-de-la-sagrada-familia-9788427146594","status":"publish","type":"product","link":"https:\/\/www.claret.cat\/es\/libro\/devocionario-de-la-sagrada-familia-9788427146594\/","title":{"rendered":"DEVOCIONARIO DE LA SAGRADA FAMILIA"},"content":{"rendered":"<p>Devocionario de la Sagrada Familia. XVII EDICI\u00d3N. La familia es el centro de la sociedad humana. Seg\u00fan las experiencias, la formaci\u00f3n y la relaci\u00f3n de sus miembros, as\u00ed ser\u00e1n ellos mismos, para su propio beneficio y el de la sociedad en que viven. Este devocionario quiere ser un lugar de oraci\u00f3n y reflexi\u00f3n sobre la Sagrada Familia: Jes\u00fas, Mar\u00eda y Jos\u00e9, ejemplos de vida que nos acompa\u00f1en y ayuden a crecer y a ser para los dem\u00e1s, como ellos, personas de bien donde se manifieste la presencia de Dios. EL PROMOTOR DE LA SAGRADA FAMILIA. En la Solemnidad del Nombre de Jes\u00fas y de Mar\u00eda, Madre de Dios.<\/p>\n","protected":false},"excerpt":{"rendered":"<p>MENSAJERO &#8211; GRUPO COMUNICACI\u00d3N LOYOLA<\/p>\n","protected":false},"featured_media":332936,"template":"","meta":{"_acf_changed":false,"om_disable_all_campaigns":false,"rs_blank_template":"","rs_page_bg_color":"","slide_template_v7":"","inline_featured_image":false,"_monsterinsights_skip_tracking":false,"_monsterinsights_sitenote_active":false,"_monsterinsights_sitenote_note":"","_monsterinsights_sitenote_category":0},"product_brand":[],"product_cat":[496,246],"product_tag":[],"class_list":{"0":"post-46122","1":"product","2":"type-product","3":"status-publish","4":"has-post-thumbnail","6":"product_cat-devocionarios","7":"product_cat-devocionaris","9":"first","10":"instock","11":"taxable","12":"shipping-taxable","13":"purchasable","14":"product-type-simple"},"acf":{"autor":"MENSAJERO - GRUPO COMUNICACI\u00d3N LOYOLA","codart":"842714659","libros-coleccion":"FORA DE COL.LECCI\u00d3","ediciones":"1","encuadernacion":"R\u00fastica","fecha_de_publicacion":"17\/01\/2022","novedad":"1","paginas":"222","subtitulo":"","orden":"0","portada":"0","idioma":"spa","editorial":[{"ID":8258,"post_author":"3","post_date":"2022-09-30 09:21:32","post_date_gmt":"2022-09-30 07:21:32","post_content":"","post_title":"MENSAJERO","post_excerpt":"","post_status":"publish","comment_status":"closed","ping_status":"closed","post_password":"","post_name":"mensajero","to_ping":"","pinged":"","post_modified":"2022-09-30 09:21:32","post_modified_gmt":"2022-09-30 07:21:32","post_content_filtered":"","post_parent":0,"guid":"http:\/\/dev.claret.cat\/editorial\/mensajero\/","menu_order":0,"post_type":"editorial","post_mime_type":"","comment_count":"0","filter":"raw"}],"autores-libros":[{"ID":164680,"post_author":"3","post_date":"2022-10-14 17:49:01","post_date_gmt":"2022-10-14 15:49:01","post_content":"","post_title":"MENSAJERO - GRUPO COMUNICACI\u00d3N LOYOLA","post_excerpt":"","post_status":"publish","comment_status":"closed","ping_status":"closed","post_password":"","post_name":"mensajero-grupo-comunicacion-loyola","to_ping":"","pinged":"","post_modified":"2022-10-14 17:49:01","post_modified_gmt":"2022-10-14 15:49:01","post_content_filtered":"","post_parent":0,"guid":"http:\/\/dev.claret.cat\/autor\/mensajero-grupo-comunicacion-loyola\/","menu_order":0,"post_type":"autor","post_mime_type":"","comment_count":"0","filter":"raw"}],"booktrailer":"","resenas":""},"aioseo_notices":[],"_links":{"self":[{"href":"https:\/\/www.claret.cat\/es\/wp-json\/wp\/v2\/product\/46122","targetHints":{"allow":["GET"]}}],"collection":[{"href":"https:\/\/www.claret.cat\/es\/wp-json\/wp\/v2\/product"}],"about":[{"href":"https:\/\/www.claret.cat\/es\/wp-json\/wp\/v2\/types\/product"}],"wp:featuredmedia":[{"embeddable":true,"href":"https:\/\/www.claret.cat\/es\/wp-json\/wp\/v2\/media\/332936"}],"wp:attachment":[{"href":"https:\/\/www.claret.cat\/es\/wp-json\/wp\/v2\/media?parent=46122"}],"wp:term":[{"taxonomy":"product_brand","embeddable":true,"href":"https:\/\/www.claret.cat\/es\/wp-json\/wp\/v2\/product_brand?post=46122"},{"taxonomy":"product_cat","embeddable":true,"href":"https:\/\/www.claret.cat\/es\/wp-json\/wp\/v2\/product_cat?post=46122"},{"taxonomy":"product_tag","embeddable":true,"href":"https:\/\/www.claret.cat\/es\/wp-json\/wp\/v2\/product_tag?post=46122"}],"curies":[{"name":"wp","href":"https:\/\/api.w.org\/{rel}","templated":true}]}}