{"id":46170,"date":"2022-10-02T22:17:49","date_gmt":"2022-10-02T20:17:49","guid":{"rendered":"http:\/\/dev.claret.cat\/producte\/sociedad-plural-y-religiones\/"},"modified":"2024-05-02T07:52:58","modified_gmt":"2024-05-02T05:52:58","slug":"sociedad-plural-y-religiones-9788428564830","status":"publish","type":"product","link":"https:\/\/www.claret.cat\/es\/libro\/sociedad-plural-y-religiones-9788428564830\/","title":{"rendered":"SOCIEDAD PLURAL Y RELIGIONES"},"content":{"rendered":"<p>Uno de los grandes retos a los que nos enfrentamos como sociedad y como Iglesia es el espectacular incremento en las \u00faltimas d\u00e9cadas de la presencia de otras confesiones religiosas en nuestro pa\u00eds. \u00bfC\u00f3mo construir una sociedad integradora y en paz, m\u00e1s atenta a la libertad religiosa, sin perder la propia identidad? Este libro recoge c\u00f3mo se est\u00e1 pasando de la controversia al di\u00e1logo y de qu\u00e9 manera se puede favorecer la convivencia con un adecuado modelo de encaje de las religiones en el marco de la interculturalidad, la laicidad positiva o la aconfesionalidad. Para que se produzca un verdadero di\u00e1logo abierto y enriquecedor para todos.<\/p>\n","protected":false},"excerpt":{"rendered":"<p>MATABOSCH, ANTONI<\/p>\n","protected":false},"featured_media":336615,"template":"","meta":{"_acf_changed":false,"om_disable_all_campaigns":false,"rs_blank_template":"","rs_page_bg_color":"","slide_template_v7":"","inline_featured_image":false,"_monsterinsights_skip_tracking":false,"_monsterinsights_sitenote_active":false,"_monsterinsights_sitenote_note":"","_monsterinsights_sitenote_category":0},"product_brand":[],"product_cat":[544,94],"product_tag":[],"class_list":{"0":"post-46170","1":"product","2":"type-product","3":"status-publish","4":"has-post-thumbnail","6":"product_cat-religiones","7":"product_cat-religions","9":"first","10":"instock","11":"taxable","12":"shipping-taxable","13":"purchasable","14":"product-type-simple"},"acf":{"autor":"MATABOSCH, ANTONI","codart":"842856483","libros-coleccion":"FORA DE COL.LECCI\u00d3","ediciones":"1","encuadernacion":"R\u00fastica","fecha_de_publicacion":"14\/01\/2022","novedad":"1","paginas":"256","subtitulo":"","orden":"0","portada":"0","idioma":"spa","editorial":[{"ID":6356,"post_author":"3","post_date":"2022-07-28 17:50:26","post_date_gmt":"2022-07-28 15:50:26","post_content":"","post_title":"SAN PABLO COMUNICACI\u00d3N","post_excerpt":"","post_status":"publish","comment_status":"closed","ping_status":"closed","post_password":"","post_name":"san-pablo-comunicacion","to_ping":"","pinged":"","post_modified":"2022-07-28 17:50:26","post_modified_gmt":"2022-07-28 15:50:26","post_content_filtered":"","post_parent":0,"guid":"http:\/\/dev.claret.cat\/editorial\/san-pablo-comunicacion\/","menu_order":0,"post_type":"editorial","post_mime_type":"","comment_count":"0","filter":"raw"}],"autores-libros":[{"ID":150830,"post_author":"3","post_date":"2022-10-14 14:36:04","post_date_gmt":"2022-10-14 12:36:04","post_content":"","post_title":"ANTONI MATABOSCH","post_excerpt":"","post_status":"publish","comment_status":"closed","ping_status":"closed","post_password":"","post_name":"antoni-matabosch","to_ping":"","pinged":"","post_modified":"2022-10-14 14:36:04","post_modified_gmt":"2022-10-14 12:36:04","post_content_filtered":"","post_parent":0,"guid":"http:\/\/dev.claret.cat\/autor\/antoni-matabosch\/","menu_order":0,"post_type":"autor","post_mime_type":"","comment_count":"0","filter":"raw"}]},"aioseo_notices":[],"_links":{"self":[{"href":"https:\/\/www.claret.cat\/es\/wp-json\/wp\/v2\/product\/46170","targetHints":{"allow":["GET"]}}],"collection":[{"href":"https:\/\/www.claret.cat\/es\/wp-json\/wp\/v2\/product"}],"about":[{"href":"https:\/\/www.claret.cat\/es\/wp-json\/wp\/v2\/types\/product"}],"wp:featuredmedia":[{"embeddable":true,"href":"https:\/\/www.claret.cat\/es\/wp-json\/wp\/v2\/media\/336615"}],"wp:attachment":[{"href":"https:\/\/www.claret.cat\/es\/wp-json\/wp\/v2\/media?parent=46170"}],"wp:term":[{"taxonomy":"product_brand","embeddable":true,"href":"https:\/\/www.claret.cat\/es\/wp-json\/wp\/v2\/product_brand?post=46170"},{"taxonomy":"product_cat","embeddable":true,"href":"https:\/\/www.claret.cat\/es\/wp-json\/wp\/v2\/product_cat?post=46170"},{"taxonomy":"product_tag","embeddable":true,"href":"https:\/\/www.claret.cat\/es\/wp-json\/wp\/v2\/product_tag?post=46170"}],"curies":[{"name":"wp","href":"https:\/\/api.w.org\/{rel}","templated":true}]}}