{"id":46173,"date":"2022-10-02T22:17:52","date_gmt":"2022-10-02T20:17:52","guid":{"rendered":"http:\/\/dev.claret.cat\/producte\/desarrollo-humano-sin-dios\/"},"modified":"2024-05-02T07:51:47","modified_gmt":"2024-05-02T05:51:47","slug":"desarrollo-humano-sin-dios-9788428565516","status":"publish","type":"product","link":"https:\/\/www.claret.cat\/es\/libro\/desarrollo-humano-sin-dios-9788428565516\/","title":{"rendered":"DESARROLLO HUMANO, \u00bfSIN DIOS?"},"content":{"rendered":"<p>El fen\u00f3meno de la globalizaci\u00f3n nos acerca m\u00e1s, pero no nos hace m\u00e1s hermanos. Los cristianos estamos inmersos, como los dem\u00e1s, en el proceso del desarrollo humano, con sus luces y sus sombras. Y tenemos el derecho y el deber de ofrecer desde la fe nuestra interpretaci\u00f3n sobre c\u00f3mo debe llevarse a cabo; como proposici\u00f3n, en actitud de b\u00fasqueda y en di\u00e1logo con los dem\u00e1s. Jes\u00fas Espeja reflexiona en este libro sobre la econom\u00eda, sus efectos m\u00e1s inhumanos, y las necesidades \u00e9ticas que plantea. Para sugerir finalmente claves desde la fe cristiana para un desarrollo humano integral. Porque \u00abfuera del empe\u00f1o hist\u00f3rico por la fraternidad no hay salvaci\u00f3n\u00bb.<\/p>\n","protected":false},"excerpt":{"rendered":"<p>ESPEJA, JES\u00daS<\/p>\n","protected":false},"featured_media":336633,"template":"","meta":{"_acf_changed":false,"om_disable_all_campaigns":false,"rs_blank_template":"","rs_page_bg_color":"","slide_template_v7":"","inline_featured_image":false,"_monsterinsights_skip_tracking":false,"_monsterinsights_sitenote_active":false,"_monsterinsights_sitenote_note":"","_monsterinsights_sitenote_category":0},"product_brand":[],"product_cat":[288,514,291,517],"product_tag":[],"class_list":{"0":"post-46173","1":"product","2":"type-product","3":"status-publish","4":"has-post-thumbnail","6":"product_cat-moral-fonamental","7":"product_cat-moral-fundamental","8":"product_cat-moral-social-i-politica","9":"product_cat-moral-social-y-politica","11":"first","12":"instock","13":"taxable","14":"shipping-taxable","15":"purchasable","16":"product-type-simple"},"acf":{"autor":"ESPEJA, JES\u00daS","codart":"842856551","libros-coleccion":"FORA DE COL.LECCI\u00d3","ediciones":"1","encuadernacion":"R\u00fastica","fecha_de_publicacion":"14\/01\/2022","novedad":"1","paginas":"116","subtitulo":"","orden":"0","portada":"0","idioma":"spa","editorial":[{"ID":6356,"post_author":"3","post_date":"2022-07-28 17:50:26","post_date_gmt":"2022-07-28 15:50:26","post_content":"","post_title":"SAN PABLO COMUNICACI\u00d3N","post_excerpt":"","post_status":"publish","comment_status":"closed","ping_status":"closed","post_password":"","post_name":"san-pablo-comunicacion","to_ping":"","pinged":"","post_modified":"2022-07-28 17:50:26","post_modified_gmt":"2022-07-28 15:50:26","post_content_filtered":"","post_parent":0,"guid":"http:\/\/dev.claret.cat\/editorial\/san-pablo-comunicacion\/","menu_order":0,"post_type":"editorial","post_mime_type":"","comment_count":"0","filter":"raw"}],"autores-libros":[{"ID":159103,"post_author":"3","post_date":"2022-10-14 15:42:06","post_date_gmt":"2022-10-14 13:42:06","post_content":"","post_title":"JES\u00daS ESPEJA","post_excerpt":"","post_status":"publish","comment_status":"closed","ping_status":"closed","post_password":"","post_name":"jesus-espeja","to_ping":"","pinged":"","post_modified":"2022-10-14 15:42:06","post_modified_gmt":"2022-10-14 13:42:06","post_content_filtered":"","post_parent":0,"guid":"http:\/\/dev.claret.cat\/autor\/jesus-espeja\/","menu_order":0,"post_type":"autor","post_mime_type":"","comment_count":"0","filter":"raw"}]},"aioseo_notices":[],"_links":{"self":[{"href":"https:\/\/www.claret.cat\/es\/wp-json\/wp\/v2\/product\/46173","targetHints":{"allow":["GET"]}}],"collection":[{"href":"https:\/\/www.claret.cat\/es\/wp-json\/wp\/v2\/product"}],"about":[{"href":"https:\/\/www.claret.cat\/es\/wp-json\/wp\/v2\/types\/product"}],"wp:featuredmedia":[{"embeddable":true,"href":"https:\/\/www.claret.cat\/es\/wp-json\/wp\/v2\/media\/336633"}],"wp:attachment":[{"href":"https:\/\/www.claret.cat\/es\/wp-json\/wp\/v2\/media?parent=46173"}],"wp:term":[{"taxonomy":"product_brand","embeddable":true,"href":"https:\/\/www.claret.cat\/es\/wp-json\/wp\/v2\/product_brand?post=46173"},{"taxonomy":"product_cat","embeddable":true,"href":"https:\/\/www.claret.cat\/es\/wp-json\/wp\/v2\/product_cat?post=46173"},{"taxonomy":"product_tag","embeddable":true,"href":"https:\/\/www.claret.cat\/es\/wp-json\/wp\/v2\/product_tag?post=46173"}],"curies":[{"name":"wp","href":"https:\/\/api.w.org\/{rel}","templated":true}]}}