{"id":46203,"date":"2022-10-02T22:18:17","date_gmt":"2022-10-02T20:18:17","guid":{"rendered":"http:\/\/dev.claret.cat\/producte\/2084-inteligencia-artificial-y-el-futuro-de-la-humanidad\/"},"modified":"2023-10-06T11:33:09","modified_gmt":"2023-10-06T09:33:09","slug":"2084-inteligencia-artificial-y-el-futuro-de-la-humanidad-9788418961212","status":"publish","type":"product","link":"https:\/\/www.claret.cat\/es\/libro\/2084-inteligencia-artificial-y-el-futuro-de-la-humanidad-9788418961212\/","title":{"rendered":"2084. INTELIGENCIA ARTIFICIAL Y EL FUTURO DE LA HUMANIDAD"},"content":{"rendered":"<p>NO NECESITAS SER EXPERTO EN INFORM\u00c1TICA PARA INTERESARTE POR EL RUMBO QUE LA TECNOLOG\u00cdA Y LA INTELIGENCIA ARTIFICIAL EST\u00c1N TOMANDO.<\/p>\n<p>\u00bfC\u00f3mo ser\u00e1 todo en el 2084 para ti, para tus amigos, para tu familia y para nuestra sociedad? \u00bfNos dirigimos a una distop\u00eda como la que George Orwell describe en su novela 1984?<\/p>\n<p>En 2084, el cient\u00edfico y fil\u00f3sofo John Lennox presenta los principales avances de la tecnolog\u00eda, la bioingenier\u00eda y, sobre todo, la inteligencia artificial. Pero en este libro encontrar\u00e1s mucho m\u00e1s. La IA plantea preguntas que nos afectan a todos.<\/p>\n<p>\u00bfCu\u00e1les son las ventajas y las desventajas de la IA? \u00bfCu\u00e1nto hay de verdad y de ficci\u00f3n? \u00bfQu\u00e9 significa la incorporaci\u00f3n de la IA para nuestra privacidad y nuestra libertad? \u00bfQu\u00e9 hay de la seguridad de nuestros puestos de trabajo? \u00bfC\u00f3mo afecta la IA a nuestra visi\u00f3n del mundo y, en particular, a nuestra visi\u00f3n de Dios? \u00bfQu\u00e9 futuro nos espera?<\/p>\n<p>Ante todas estas preguntas y muchas m\u00e1s, 2084 muestra c\u00f3mo la visi\u00f3n cristiana proporciona respuestas cre\u00edbles y basadas en la evidencia que traen esperanza para el futuro de la humanidad.<\/p>\n","protected":false},"excerpt":{"rendered":"<p>LENNOX, JOHN C.<\/p>\n","protected":false},"featured_media":451034,"template":"","meta":{"_acf_changed":false,"om_disable_all_campaigns":false,"rs_blank_template":"","rs_page_bg_color":"","slide_template_v7":"","inline_featured_image":false,"_monsterinsights_skip_tracking":false,"_monsterinsights_sitenote_active":false,"_monsterinsights_sitenote_note":"","_monsterinsights_sitenote_category":0},"product_brand":[],"product_cat":[509],"product_tag":[],"class_list":{"0":"post-46203","1":"product","2":"type-product","3":"status-publish","4":"has-post-thumbnail","6":"product_cat-antropologia-teologica-teologia-1_espiritualidad","8":"first","9":"instock","10":"taxable","11":"shipping-taxable","12":"purchasable","13":"product-type-simple"},"acf":{"autor":"LENNOX, JOHN C.","codart":"841896121","libros-coleccion":"","ediciones":"1","encuadernacion":"R\u00fastica","fecha_de_publicacion":"01\/12\/2021","novedad":"0","paginas":"288","subtitulo":"INTELIGENCIA ARTIFICIAL Y EL FUTURO DE LA HUMANIDAD","orden":"0","portada":"0","idioma":"spa","editorial":[{"ID":148705,"post_author":"3","post_date":"2022-10-14 12:00:20","post_date_gmt":"2022-10-14 10:00:20","post_content":"","post_title":"Publicaciones Andamio","post_excerpt":"","post_status":"publish","comment_status":"closed","ping_status":"closed","post_password":"","post_name":"publicaciones-andamio","to_ping":"","pinged":"","post_modified":"2022-10-14 12:00:20","post_modified_gmt":"2022-10-14 10:00:20","post_content_filtered":"","post_parent":0,"guid":"http:\/\/dev.claret.cat\/editorial\/publicaciones-andamio\/","menu_order":0,"post_type":"editorial","post_mime_type":"","comment_count":"0","filter":"raw"}],"autores-libros":[{"ID":159621,"post_author":"3","post_date":"2022-10-14 15:46:21","post_date_gmt":"2022-10-14 13:46:21","post_content":"","post_title":"JOHN C. LENNOX","post_excerpt":"","post_status":"publish","comment_status":"closed","ping_status":"closed","post_password":"","post_name":"john-c-lennox","to_ping":"","pinged":"","post_modified":"2022-10-14 15:46:21","post_modified_gmt":"2022-10-14 13:46:21","post_content_filtered":"","post_parent":0,"guid":"http:\/\/dev.claret.cat\/autor\/john-c-lennox\/","menu_order":0,"post_type":"autor","post_mime_type":"","comment_count":"0","filter":"raw"}]},"aioseo_notices":[],"_links":{"self":[{"href":"https:\/\/www.claret.cat\/es\/wp-json\/wp\/v2\/product\/46203","targetHints":{"allow":["GET"]}}],"collection":[{"href":"https:\/\/www.claret.cat\/es\/wp-json\/wp\/v2\/product"}],"about":[{"href":"https:\/\/www.claret.cat\/es\/wp-json\/wp\/v2\/types\/product"}],"wp:featuredmedia":[{"embeddable":true,"href":"https:\/\/www.claret.cat\/es\/wp-json\/wp\/v2\/media\/451034"}],"wp:attachment":[{"href":"https:\/\/www.claret.cat\/es\/wp-json\/wp\/v2\/media?parent=46203"}],"wp:term":[{"taxonomy":"product_brand","embeddable":true,"href":"https:\/\/www.claret.cat\/es\/wp-json\/wp\/v2\/product_brand?post=46203"},{"taxonomy":"product_cat","embeddable":true,"href":"https:\/\/www.claret.cat\/es\/wp-json\/wp\/v2\/product_cat?post=46203"},{"taxonomy":"product_tag","embeddable":true,"href":"https:\/\/www.claret.cat\/es\/wp-json\/wp\/v2\/product_tag?post=46203"}],"curies":[{"name":"wp","href":"https:\/\/api.w.org\/{rel}","templated":true}]}}