{"id":46302,"date":"2022-10-02T22:19:46","date_gmt":"2022-10-02T20:19:46","guid":{"rendered":"http:\/\/dev.claret.cat\/producte\/crimina-3-0\/"},"modified":"2026-01-19T11:54:45","modified_gmt":"2026-01-19T10:54:45","slug":"crimina-30-9788431337063","status":"publish","type":"product","link":"https:\/\/www.claret.cat\/es\/libro\/crimina-30-9788431337063\/","title":{"rendered":"CRIMINA 3.0"},"content":{"rendered":"<p>Estos materiales se ofrecen para el estudio de la denominada Parte Especial del c\u00f3digo penal: abarca el an\u00e1lisis de buena parte de los comportamientos previstos como delitos. Hemos seleccionado los que nos parecen suficientes para conocer las principales figuras, por su relevancia pr\u00e1ctica y te\u00f3rica. El docente encontrar\u00e1 aqu\u00ed contenidos para basar sus explicaciones: hay textos descriptivos de los principales delitos (lecciones); tambi\u00e9n, explicaci\u00f3n de conceptos usuales (t\u00f3picos); as\u00ed como claves conceptuales para ayudar en la comprensi\u00f3n.<\/p>\n","protected":false},"excerpt":{"rendered":"<p>SANCHEZ-OSTIZ GUTIERREZ\/I\u00d1IGO CORROZA\/PE<\/p>\n","protected":false},"featured_media":61402,"template":"","meta":{"_acf_changed":false,"om_disable_all_campaigns":false,"rs_blank_template":"","rs_page_bg_color":"","slide_template_v7":"","inline_featured_image":false,"_monsterinsights_skip_tracking":false,"_monsterinsights_sitenote_active":false,"_monsterinsights_sitenote_note":"","_monsterinsights_sitenote_category":0},"product_brand":[],"product_cat":[90,540],"product_tag":[],"class_list":{"0":"post-46302","1":"product","2":"type-product","3":"status-publish","4":"has-post-thumbnail","6":"product_cat-altres","7":"product_cat-otros","9":"first","10":"instock","11":"taxable","12":"shipping-taxable","13":"purchasable","14":"product-type-simple"},"acf":{"autor":"SANCHEZ-OSTIZ GUTIERREZ\/I\u00d1IGO CORROZA\/PE","codart":"843133706","libros-coleccion":"","ediciones":"1","encuadernacion":"Carpeta","fecha_de_publicacion":"01\/01\/2022","novedad":"1","paginas":"274","subtitulo":"","orden":"0","portada":"0","idioma":"spa","editorial":[{"ID":6251,"post_author":"3","post_date":"2022-07-28 17:48:11","post_date_gmt":"2022-07-28 15:48:11","post_content":"","post_title":"EUNSA. EDICIONES UNIVERSIDAD DE NAVARRA","post_excerpt":"","post_status":"publish","comment_status":"closed","ping_status":"closed","post_password":"","post_name":"eunsa-ediciones-universidad-de-navarra","to_ping":"","pinged":"","post_modified":"2022-07-28 17:48:11","post_modified_gmt":"2022-07-28 15:48:11","post_content_filtered":"","post_parent":0,"guid":"http:\/\/dev.claret.cat\/editorial\/eunsa-ediciones-universidad-de-navarra\/","menu_order":0,"post_type":"editorial","post_mime_type":"","comment_count":"0","filter":"raw"}],"autores-libros":[{"ID":168939,"post_author":"3","post_date":"2022-10-14 22:23:10","post_date_gmt":"2022-10-14 20:23:10","post_content":"","post_title":"SANCHEZ-OSTIZ GUTIERREZ","post_excerpt":"","post_status":"publish","comment_status":"closed","ping_status":"closed","post_password":"","post_name":"sanchez-ostiz-gutierrez","to_ping":"","pinged":"","post_modified":"2022-10-14 22:23:10","post_modified_gmt":"2022-10-14 20:23:10","post_content_filtered":"","post_parent":0,"guid":"http:\/\/dev.claret.cat\/autor\/sanchez-ostiz-gutierrez\/","menu_order":0,"post_type":"autor","post_mime_type":"","comment_count":"0","filter":"raw"},{"ID":157958,"post_author":"3","post_date":"2022-10-14 15:33:01","post_date_gmt":"2022-10-14 13:33:01","post_content":"","post_title":"I\u00d1IGO CORROZA","post_excerpt":"","post_status":"publish","comment_status":"closed","ping_status":"closed","post_password":"","post_name":"inigo-corroza","to_ping":"","pinged":"","post_modified":"2022-10-14 15:33:01","post_modified_gmt":"2022-10-14 13:33:01","post_content_filtered":"","post_parent":0,"guid":"http:\/\/dev.claret.cat\/autor\/inigo-corroza\/","menu_order":0,"post_type":"autor","post_mime_type":"","comment_count":"0","filter":"raw"},{"ID":166816,"post_author":"3","post_date":"2022-10-14 18:06:17","post_date_gmt":"2022-10-14 16:06:17","post_content":"","post_title":"PE","post_excerpt":"","post_status":"publish","comment_status":"closed","ping_status":"closed","post_password":"","post_name":"pe","to_ping":"","pinged":"","post_modified":"2022-10-14 18:06:17","post_modified_gmt":"2022-10-14 16:06:17","post_content_filtered":"","post_parent":0,"guid":"http:\/\/dev.claret.cat\/autor\/pe\/","menu_order":0,"post_type":"autor","post_mime_type":"","comment_count":"0","filter":"raw"}],"booktrailer":"","resenas":""},"aioseo_notices":[],"_links":{"self":[{"href":"https:\/\/www.claret.cat\/es\/wp-json\/wp\/v2\/product\/46302","targetHints":{"allow":["GET"]}}],"collection":[{"href":"https:\/\/www.claret.cat\/es\/wp-json\/wp\/v2\/product"}],"about":[{"href":"https:\/\/www.claret.cat\/es\/wp-json\/wp\/v2\/types\/product"}],"wp:featuredmedia":[{"embeddable":true,"href":"https:\/\/www.claret.cat\/es\/wp-json\/wp\/v2\/media\/61402"}],"wp:attachment":[{"href":"https:\/\/www.claret.cat\/es\/wp-json\/wp\/v2\/media?parent=46302"}],"wp:term":[{"taxonomy":"product_brand","embeddable":true,"href":"https:\/\/www.claret.cat\/es\/wp-json\/wp\/v2\/product_brand?post=46302"},{"taxonomy":"product_cat","embeddable":true,"href":"https:\/\/www.claret.cat\/es\/wp-json\/wp\/v2\/product_cat?post=46302"},{"taxonomy":"product_tag","embeddable":true,"href":"https:\/\/www.claret.cat\/es\/wp-json\/wp\/v2\/product_tag?post=46302"}],"curies":[{"name":"wp","href":"https:\/\/api.w.org\/{rel}","templated":true}]}}