{"id":46305,"date":"2022-10-02T22:19:48","date_gmt":"2022-10-02T20:19:48","guid":{"rendered":"http:\/\/dev.claret.cat\/producte\/iuspoenale-1-0\/"},"modified":"2026-01-19T11:54:35","modified_gmt":"2026-01-19T10:54:35","slug":"iuspoenale-10-9788431337056","status":"publish","type":"product","link":"https:\/\/www.claret.cat\/es\/libro\/iuspoenale-10-9788431337056\/","title":{"rendered":"IUSPOENALE 1.0"},"content":{"rendered":"<p>Estos materiales se ofrecen en versi\u00f3n impresa como fruto de la experiencia de a\u00f1os de docencia. No se trata de un manual convencional, sino de materiales docentes e instrumentos para el estudio personal. El docente encontrar\u00e1 aqu\u00ed materiales para emplear en las lecciones; el alumno, textos para su estudio y preparaci\u00f3n de las clases; y el que simplemente est\u00e9 interesado, temas para la discusi\u00f3n y profundizaci\u00f3n en el concepto de Derecho penal. Se trata de unos materiales pensados para la docencia y el estudio.<\/p>\n","protected":false},"excerpt":{"rendered":"<p>I\u00d1IGO CORROZA\/RUIZ DE ERENCHUN\/SANCHEZ-O<\/p>\n","protected":false},"featured_media":61404,"template":"","meta":{"_acf_changed":false,"om_disable_all_campaigns":false,"rs_blank_template":"","rs_page_bg_color":"","slide_template_v7":"","inline_featured_image":false,"_monsterinsights_skip_tracking":false,"_monsterinsights_sitenote_active":false,"_monsterinsights_sitenote_note":"","_monsterinsights_sitenote_category":0},"product_brand":[],"product_cat":[189,453],"product_tag":[],"class_list":{"0":"post-46305","1":"product","2":"type-product","3":"status-publish","4":"has-post-thumbnail","6":"product_cat-didactica-i-praxi-escolar","7":"product_cat-didactica-y-praxis-escolar","9":"first","10":"instock","11":"taxable","12":"shipping-taxable","13":"purchasable","14":"product-type-simple"},"acf":{"autor":"I\u00d1IGO CORROZA\/RUIZ DE ERENCHUN\/SANCHEZ-O","codart":"843133705","libros-coleccion":"","ediciones":"1","encuadernacion":"R\u00fastica","fecha_de_publicacion":"01\/01\/2022","novedad":"1","paginas":"292","subtitulo":"","orden":"0","portada":"0","idioma":"spa","editorial":[{"ID":6251,"post_author":"3","post_date":"2022-07-28 17:48:11","post_date_gmt":"2022-07-28 15:48:11","post_content":"","post_title":"EUNSA. EDICIONES UNIVERSIDAD DE NAVARRA","post_excerpt":"","post_status":"publish","comment_status":"closed","ping_status":"closed","post_password":"","post_name":"eunsa-ediciones-universidad-de-navarra","to_ping":"","pinged":"","post_modified":"2022-07-28 17:48:11","post_modified_gmt":"2022-07-28 15:48:11","post_content_filtered":"","post_parent":0,"guid":"http:\/\/dev.claret.cat\/editorial\/eunsa-ediciones-universidad-de-navarra\/","menu_order":0,"post_type":"editorial","post_mime_type":"","comment_count":"0","filter":"raw"}],"autores-libros":[{"ID":157958,"post_author":"3","post_date":"2022-10-14 15:33:01","post_date_gmt":"2022-10-14 13:33:01","post_content":"","post_title":"I\u00d1IGO CORROZA","post_excerpt":"","post_status":"publish","comment_status":"closed","ping_status":"closed","post_password":"","post_name":"inigo-corroza","to_ping":"","pinged":"","post_modified":"2022-10-14 15:33:01","post_modified_gmt":"2022-10-14 13:33:01","post_content_filtered":"","post_parent":0,"guid":"http:\/\/dev.claret.cat\/autor\/inigo-corroza\/","menu_order":0,"post_type":"autor","post_mime_type":"","comment_count":"0","filter":"raw"},{"ID":168675,"post_author":"3","post_date":"2022-10-14 22:21:02","post_date_gmt":"2022-10-14 20:21:02","post_content":"","post_title":"RUIZ DE ERENCHUN","post_excerpt":"","post_status":"publish","comment_status":"closed","ping_status":"closed","post_password":"","post_name":"ruiz-de-erenchun","to_ping":"","pinged":"","post_modified":"2022-10-14 22:21:02","post_modified_gmt":"2022-10-14 20:21:02","post_content_filtered":"","post_parent":0,"guid":"http:\/\/dev.claret.cat\/autor\/ruiz-de-erenchun\/","menu_order":0,"post_type":"autor","post_mime_type":"","comment_count":"0","filter":"raw"},{"ID":168938,"post_author":"3","post_date":"2022-10-14 22:23:09","post_date_gmt":"2022-10-14 20:23:09","post_content":"","post_title":"SANCHEZ-O","post_excerpt":"","post_status":"publish","comment_status":"closed","ping_status":"closed","post_password":"","post_name":"sanchez-o","to_ping":"","pinged":"","post_modified":"2022-10-14 22:23:09","post_modified_gmt":"2022-10-14 20:23:09","post_content_filtered":"","post_parent":0,"guid":"http:\/\/dev.claret.cat\/autor\/sanchez-o\/","menu_order":0,"post_type":"autor","post_mime_type":"","comment_count":"0","filter":"raw"}],"booktrailer":"","resenas":""},"aioseo_notices":[],"_links":{"self":[{"href":"https:\/\/www.claret.cat\/es\/wp-json\/wp\/v2\/product\/46305","targetHints":{"allow":["GET"]}}],"collection":[{"href":"https:\/\/www.claret.cat\/es\/wp-json\/wp\/v2\/product"}],"about":[{"href":"https:\/\/www.claret.cat\/es\/wp-json\/wp\/v2\/types\/product"}],"wp:featuredmedia":[{"embeddable":true,"href":"https:\/\/www.claret.cat\/es\/wp-json\/wp\/v2\/media\/61404"}],"wp:attachment":[{"href":"https:\/\/www.claret.cat\/es\/wp-json\/wp\/v2\/media?parent=46305"}],"wp:term":[{"taxonomy":"product_brand","embeddable":true,"href":"https:\/\/www.claret.cat\/es\/wp-json\/wp\/v2\/product_brand?post=46305"},{"taxonomy":"product_cat","embeddable":true,"href":"https:\/\/www.claret.cat\/es\/wp-json\/wp\/v2\/product_cat?post=46305"},{"taxonomy":"product_tag","embeddable":true,"href":"https:\/\/www.claret.cat\/es\/wp-json\/wp\/v2\/product_tag?post=46305"}],"curies":[{"name":"wp","href":"https:\/\/api.w.org\/{rel}","templated":true}]}}