{"id":46434,"date":"2022-10-02T22:21:57","date_gmt":"2022-10-02T20:21:57","guid":{"rendered":"http:\/\/dev.claret.cat\/producte\/una-chica-como-ella\/"},"modified":"2023-10-06T11:25:28","modified_gmt":"2023-10-06T09:25:28","slug":"una-chica-como-ella-9788418623332","status":"publish","type":"product","link":"https:\/\/www.claret.cat\/es\/libro\/una-chica-como-ella-9788418623332\/","title":{"rendered":"UNA CHICA COMO ELLA"},"content":{"rendered":"<p>\u00abEl magistral regreso de Marc Levy con una comedia deliciosa, rom\u00e1ntica e irresistible. Levy en estado puro\u00bb.En la Quinta Avenida de Nueva York podemos encontrar un peque\u00f1o edificio que no es realmente como los dem\u00e1s? Sus habitantes est\u00e1n muy encari\u00f1ados con su ascensorista, Deepak, que se ocupa de hacer funcionar un antiguo y venerable ascensor mec\u00e1nico. Pero la feliz vida de esta comunidad se ve alterada cuando el ascensorista del turno de noche tiene un accidente que har\u00e1 que llegue Sanji, el misterioso sobrino de Deepak, para sustituirle.Nadie se puede imaginar que quien ahora viste el uniforme de ascensorista sea due\u00f1o de una inmensa fortuna en Bombay? y menos Chlo\u00e9, que vive en el \u00faltimo piso. Entra en el n\u00famero 12 de la Quinta Avenida, atraviesa el hall, sube a bordo del ascensor y p\u00eddele al ascensorista que os lleve a? la comedia neoyorquina m\u00e1s deliciosa del a\u00f1o.<\/p>\n","protected":false},"excerpt":{"rendered":"<p>LEVY, MARC<\/p>\n","protected":false},"featured_media":61498,"template":"","meta":{"_acf_changed":false,"om_disable_all_campaigns":false,"rs_blank_template":"","rs_page_bg_color":"","slide_template_v7":"","inline_featured_image":false,"_monsterinsights_skip_tracking":false,"_monsterinsights_sitenote_active":false,"_monsterinsights_sitenote_note":"","_monsterinsights_sitenote_category":0},"product_brand":[],"product_cat":[357],"product_tag":[],"class_list":{"0":"post-46434","1":"product","2":"type-product","3":"status-publish","4":"has-post-thumbnail","6":"product_cat-novela-contemporanea","8":"first","9":"instock","10":"taxable","11":"shipping-taxable","12":"purchasable","13":"product-type-simple"},"acf":{"autor":"LEVY, MARC","codart":"841862333","libros-coleccion":"BOLSILLO","ediciones":"1","encuadernacion":"R\u00fastica","fecha_de_publicacion":"01\/01\/2022","novedad":"1","paginas":"302","subtitulo":"","orden":"0","portada":"0","idioma":"spa","editorial":[{"ID":6264,"post_author":"3","post_date":"2022-07-28 17:48:28","post_date_gmt":"2022-07-28 15:48:28","post_content":"","post_title":"Harper Bolsillo","post_excerpt":"","post_status":"publish","comment_status":"closed","ping_status":"closed","post_password":"","post_name":"harper-bolsillo","to_ping":"","pinged":"","post_modified":"2022-07-28 17:48:28","post_modified_gmt":"2022-07-28 15:48:28","post_content_filtered":"","post_parent":0,"guid":"http:\/\/dev.claret.cat\/editorial\/harper-bolsillo\/","menu_order":0,"post_type":"editorial","post_mime_type":"","comment_count":"0","filter":"raw"}],"autores-libros":[{"ID":163321,"post_author":"3","post_date":"2022-10-14 17:38:05","post_date_gmt":"2022-10-14 15:38:05","post_content":"","post_title":"MARC LEVY","post_excerpt":"","post_status":"publish","comment_status":"closed","ping_status":"closed","post_password":"","post_name":"marc-levy","to_ping":"","pinged":"","post_modified":"2022-10-14 17:38:05","post_modified_gmt":"2022-10-14 15:38:05","post_content_filtered":"","post_parent":0,"guid":"http:\/\/dev.claret.cat\/autor\/marc-levy\/","menu_order":0,"post_type":"autor","post_mime_type":"","comment_count":"0","filter":"raw"}]},"aioseo_notices":[],"_links":{"self":[{"href":"https:\/\/www.claret.cat\/es\/wp-json\/wp\/v2\/product\/46434","targetHints":{"allow":["GET"]}}],"collection":[{"href":"https:\/\/www.claret.cat\/es\/wp-json\/wp\/v2\/product"}],"about":[{"href":"https:\/\/www.claret.cat\/es\/wp-json\/wp\/v2\/types\/product"}],"wp:featuredmedia":[{"embeddable":true,"href":"https:\/\/www.claret.cat\/es\/wp-json\/wp\/v2\/media\/61498"}],"wp:attachment":[{"href":"https:\/\/www.claret.cat\/es\/wp-json\/wp\/v2\/media?parent=46434"}],"wp:term":[{"taxonomy":"product_brand","embeddable":true,"href":"https:\/\/www.claret.cat\/es\/wp-json\/wp\/v2\/product_brand?post=46434"},{"taxonomy":"product_cat","embeddable":true,"href":"https:\/\/www.claret.cat\/es\/wp-json\/wp\/v2\/product_cat?post=46434"},{"taxonomy":"product_tag","embeddable":true,"href":"https:\/\/www.claret.cat\/es\/wp-json\/wp\/v2\/product_tag?post=46434"}],"curies":[{"name":"wp","href":"https:\/\/api.w.org\/{rel}","templated":true}]}}