{"id":46437,"date":"2022-10-02T22:22:00","date_gmt":"2022-10-02T20:22:00","guid":{"rendered":"http:\/\/dev.claret.cat\/producte\/algu-va-parlar-de-nosaltres\/"},"modified":"2024-01-31T16:38:31","modified_gmt":"2024-01-31T15:38:31","slug":"algu-va-parlar-de-nosaltres-9788466428606","status":"publish","type":"product","link":"https:\/\/www.claret.cat\/es\/libro\/algu-va-parlar-de-nosaltres-9788466428606\/","title":{"rendered":"ALG\u00da VA PARLAR DE NOSALTRES"},"content":{"rendered":"<p>Alg\u00fa va parlar de nosaltres fa desenes, centenars d&#8221;anys, mil\u00b7lennis, i l&#8221;autora ens ensenya que encara \u00e9s possible dialogar amb el passat i trobar suport en aquest ric sediment d&#8221;hist\u00f2ria, pensament i cultura, acumulat durant segles. Ara que l&#8221;estudi de les humanitats est\u00e0 quedant arraconat en els plans educatius, \u00e9s m\u00e9s necessari que mai deixar const\u00e0ncia que Safo, Plat\u00f3 o Spinoza ja van reflexionar sobre els temes que ens preocupen.<br \/> En una \u00e8poca dominada pels titulars instantanis, el vertigen i la pressa, aquest llibre ens parla amb la l\u00facida lentitud de la dist\u00e0ncia i el temps reposat. Traient el cap al passat, Irene Vallejo projecta, amb una veu precisa i l\u00edrica, una nova mirada sobre aquest m\u00f3n cada vegada m\u00e9s incert, conf\u00fas i laber\u00edntic.<\/p>\n","protected":false},"excerpt":{"rendered":"<p>VALLEJO MOREU, IRENE<\/p>\n","protected":false},"featured_media":454372,"template":"","meta":{"_acf_changed":false,"om_disable_all_campaigns":false,"rs_blank_template":"","rs_page_bg_color":"","slide_template_v7":"","inline_featured_image":false,"_monsterinsights_skip_tracking":false,"_monsterinsights_sitenote_active":false,"_monsterinsights_sitenote_note":"","_monsterinsights_sitenote_category":0},"product_brand":[],"product_cat":[157,370],"product_tag":[],"class_list":{"0":"post-46437","1":"product","2":"type-product","3":"status-publish","4":"has-post-thumbnail","6":"product_cat-investigacio-i-corrents","7":"product_cat-investigacion-y-corrientes","9":"first","10":"instock","11":"taxable","12":"shipping-taxable","13":"purchasable","14":"product-type-simple"},"acf":{"autor":"VALLEJO MOREU, IRENE","codart":"846642860","libros-coleccion":"NO FICCI\u00d3 COLUMNA","ediciones":"1","encuadernacion":"R\u00fastica","fecha_de_publicacion":"01\/01\/2022","novedad":"1","paginas":"413","subtitulo":"","orden":"0","portada":"0","idioma":"cat","editorial":[{"ID":6166,"post_author":"3","post_date":"2022-07-28 17:46:19","post_date_gmt":"2022-07-28 15:46:19","post_content":"","post_title":"Columna CAT","post_excerpt":"","post_status":"publish","comment_status":"closed","ping_status":"closed","post_password":"","post_name":"columna-cat","to_ping":"","pinged":"","post_modified":"2022-07-28 17:46:19","post_modified_gmt":"2022-07-28 15:46:19","post_content_filtered":"","post_parent":0,"guid":"http:\/\/dev.claret.cat\/editorial\/columna-cat\/","menu_order":0,"post_type":"editorial","post_mime_type":"","comment_count":"0","filter":"raw"}],"autores-libros":[{"ID":158004,"post_author":"3","post_date":"2022-10-14 15:33:23","post_date_gmt":"2022-10-14 13:33:23","post_content":"","post_title":"IRENE VALLEJO MOREU","post_excerpt":"","post_status":"publish","comment_status":"closed","ping_status":"closed","post_password":"","post_name":"irene-vallejo-moreu","to_ping":"","pinged":"","post_modified":"2022-10-14 15:33:23","post_modified_gmt":"2022-10-14 13:33:23","post_content_filtered":"","post_parent":0,"guid":"http:\/\/dev.claret.cat\/autor\/irene-vallejo-moreu\/","menu_order":0,"post_type":"autor","post_mime_type":"","comment_count":"0","filter":"raw"}]},"aioseo_notices":[],"_links":{"self":[{"href":"https:\/\/www.claret.cat\/es\/wp-json\/wp\/v2\/product\/46437","targetHints":{"allow":["GET"]}}],"collection":[{"href":"https:\/\/www.claret.cat\/es\/wp-json\/wp\/v2\/product"}],"about":[{"href":"https:\/\/www.claret.cat\/es\/wp-json\/wp\/v2\/types\/product"}],"wp:featuredmedia":[{"embeddable":true,"href":"https:\/\/www.claret.cat\/es\/wp-json\/wp\/v2\/media\/454372"}],"wp:attachment":[{"href":"https:\/\/www.claret.cat\/es\/wp-json\/wp\/v2\/media?parent=46437"}],"wp:term":[{"taxonomy":"product_brand","embeddable":true,"href":"https:\/\/www.claret.cat\/es\/wp-json\/wp\/v2\/product_brand?post=46437"},{"taxonomy":"product_cat","embeddable":true,"href":"https:\/\/www.claret.cat\/es\/wp-json\/wp\/v2\/product_cat?post=46437"},{"taxonomy":"product_tag","embeddable":true,"href":"https:\/\/www.claret.cat\/es\/wp-json\/wp\/v2\/product_tag?post=46437"}],"curies":[{"name":"wp","href":"https:\/\/api.w.org\/{rel}","templated":true}]}}