{"id":46470,"date":"2022-10-02T22:22:43","date_gmt":"2022-10-02T20:22:43","guid":{"rendered":"http:\/\/dev.claret.cat\/producte\/el-xiulet-de-larquer\/"},"modified":"2024-01-31T16:38:25","modified_gmt":"2024-01-31T15:38:25","slug":"el-xiulet-de-larquer-9788466428590","status":"publish","type":"product","link":"https:\/\/www.claret.cat\/es\/libro\/el-xiulet-de-larquer-9788466428590\/","title":{"rendered":"EL XIULET DE L&#8217;ARQUER"},"content":{"rendered":"<p>Novel\u00b7la d&#8217;aventures, novel\u00b7la de guerra, d&#8217;exili i d&#8217;amor, El xiulet de l&#8217;arquer \u00e9s un viatge als mites d&#8217;un passat que encara il\u00b7lumina el nostre present. Quan Enees, fugint del saqueig de Troia amb el seu fill i alguns homes, naufraga a la costa africana, davant les platges de la ciutat de Cartago, la seva sort queda en mans de la reina Elisa. Heroi vagabund i derrotat, una profecia misteriosa l&#8217;assenyala com a fundador de la futura civilitzaci\u00f3 romana. Alguns segles m\u00e9s tard, en un temps circular i embolcallant, el poeta Virgili haur\u00e0 de recrear, per enc\u00e0rrec de l&#8217;emperador August, aquella aventura inicial i les gl\u00f2ries passades de l&#8217;Imperi ja victori\u00f3s, que amaga abismes de mis\u00e8ria i cobd\u00edcia rere els seus marbres fastuosos.<br \/> En un joc singular entre la hist\u00f2ria i la llegenda, El xiulet de l&#8217;arquer atrapa el reflex dels nostres conflictes contemporanis i la llavor de temes que no deixaran mai de fascinar-nos.<br \/> UNA NOVEL\u00b7LA D&#8217;AMOR I AVENTURES AL M\u00d3N ANTIC.<\/p>\n","protected":false},"excerpt":{"rendered":"<p>VALLEJO MOREU, IRENE<\/p>\n","protected":false},"featured_media":61522,"template":"","meta":{"_acf_changed":false,"om_disable_all_campaigns":false,"rs_blank_template":"","rs_page_bg_color":"","slide_template_v7":"","inline_featured_image":false,"_monsterinsights_skip_tracking":false,"_monsterinsights_sitenote_active":false,"_monsterinsights_sitenote_note":"","_monsterinsights_sitenote_category":0},"product_brand":[],"product_cat":[130,360],"product_tag":[],"class_list":{"0":"post-46470","1":"product","2":"type-product","3":"status-publish","4":"has-post-thumbnail","6":"product_cat-novella-historica-i-ficcio","7":"product_cat-novela-historica-y-ficcion","9":"first","10":"instock","11":"taxable","12":"shipping-taxable","13":"purchasable","14":"product-type-simple"},"acf":{"autor":"VALLEJO MOREU, IRENE","codart":"846642859","libros-coleccion":"Cl\u00e0ssica","ediciones":"1","encuadernacion":"R\u00fastica","fecha_de_publicacion":"01\/01\/2022","novedad":"1","paginas":"322","subtitulo":"","orden":"0","portada":"0","idioma":"cat","editorial":[{"ID":6166,"post_author":"3","post_date":"2022-07-28 17:46:19","post_date_gmt":"2022-07-28 15:46:19","post_content":"","post_title":"Columna CAT","post_excerpt":"","post_status":"publish","comment_status":"closed","ping_status":"closed","post_password":"","post_name":"columna-cat","to_ping":"","pinged":"","post_modified":"2022-07-28 17:46:19","post_modified_gmt":"2022-07-28 15:46:19","post_content_filtered":"","post_parent":0,"guid":"http:\/\/dev.claret.cat\/editorial\/columna-cat\/","menu_order":0,"post_type":"editorial","post_mime_type":"","comment_count":"0","filter":"raw"}],"autores-libros":[{"ID":158004,"post_author":"3","post_date":"2022-10-14 15:33:23","post_date_gmt":"2022-10-14 13:33:23","post_content":"","post_title":"IRENE VALLEJO MOREU","post_excerpt":"","post_status":"publish","comment_status":"closed","ping_status":"closed","post_password":"","post_name":"irene-vallejo-moreu","to_ping":"","pinged":"","post_modified":"2022-10-14 15:33:23","post_modified_gmt":"2022-10-14 13:33:23","post_content_filtered":"","post_parent":0,"guid":"http:\/\/dev.claret.cat\/autor\/irene-vallejo-moreu\/","menu_order":0,"post_type":"autor","post_mime_type":"","comment_count":"0","filter":"raw"}]},"aioseo_notices":[],"_links":{"self":[{"href":"https:\/\/www.claret.cat\/es\/wp-json\/wp\/v2\/product\/46470","targetHints":{"allow":["GET"]}}],"collection":[{"href":"https:\/\/www.claret.cat\/es\/wp-json\/wp\/v2\/product"}],"about":[{"href":"https:\/\/www.claret.cat\/es\/wp-json\/wp\/v2\/types\/product"}],"wp:featuredmedia":[{"embeddable":true,"href":"https:\/\/www.claret.cat\/es\/wp-json\/wp\/v2\/media\/61522"}],"wp:attachment":[{"href":"https:\/\/www.claret.cat\/es\/wp-json\/wp\/v2\/media?parent=46470"}],"wp:term":[{"taxonomy":"product_brand","embeddable":true,"href":"https:\/\/www.claret.cat\/es\/wp-json\/wp\/v2\/product_brand?post=46470"},{"taxonomy":"product_cat","embeddable":true,"href":"https:\/\/www.claret.cat\/es\/wp-json\/wp\/v2\/product_cat?post=46470"},{"taxonomy":"product_tag","embeddable":true,"href":"https:\/\/www.claret.cat\/es\/wp-json\/wp\/v2\/product_tag?post=46470"}],"curies":[{"name":"wp","href":"https:\/\/api.w.org\/{rel}","templated":true}]}}