{"id":46482,"date":"2022-10-02T22:22:56","date_gmt":"2022-10-02T20:22:56","guid":{"rendered":"http:\/\/dev.claret.cat\/producte\/miradas-sobre-francisco-de-asis\/"},"modified":"2024-07-17T11:30:12","modified_gmt":"2024-07-17T09:30:12","slug":"miradas-sobre-francisco-de-asis-9788472403321","status":"publish","type":"product","link":"https:\/\/www.claret.cat\/es\/libro\/miradas-sobre-francisco-de-asis-9788472403321\/","title":{"rendered":"MIRADAS SOBRE FRANCISCO DE AS\u00cdS"},"content":{"rendered":"<p>\u00bfPor qu\u00e9 sigue Francisco de As\u00eds atrayendo las miradas? Los siglos pasan y la presencia de Francisco permanece.<\/p>\n<p>La mirada es un lenguaje. Mirar es acercarse, asomarse, entrar en el huerto del otro. A trav\u00e9s de la mirada, han dirigido sus ojos a Francisco de As\u00eds muchas personas que se pueden considerar ajenas a lo que llamamos ?familia franciscana?. Pero mirar a Francisco con aprecio crea v\u00ednculos ?familiares?, no de sangre ni de grupo religioso, sino de familia que ama la vida y a quien la am\u00f3 sobremanera.<\/p>\n<p>Fidel Aizpur\u00faa nos presenta en este libro una serie de miradas de autores que, en su mayor\u00eda, no se vinculan con san Francisco y que, sin embargo, podemos considerar que son de la ?familia franciscana?, aquella que no exige h\u00e1bito, ni filiaci\u00f3n, ni siquiera fe. Solamente demanda aprecio por Francisco, y estas personas que aqu\u00ed se nos presentan lo tuvieron y lo consideraron valioso en sus vidas.<\/p>\n","protected":false},"excerpt":{"rendered":"<p>AIZPUR\u00daA, FIDEL<\/p>\n","protected":false},"featured_media":454015,"template":"","meta":{"_acf_changed":false,"om_disable_all_campaigns":false,"rs_blank_template":"","rs_page_bg_color":"","slide_template_v7":"","inline_featured_image":false,"_monsterinsights_skip_tracking":false,"_monsterinsights_sitenote_active":false,"_monsterinsights_sitenote_note":"","_monsterinsights_sitenote_category":0},"product_brand":[],"product_cat":[243,493],"product_tag":[],"class_list":{"0":"post-46482","1":"product","2":"type-product","3":"status-publish","4":"has-post-thumbnail","6":"product_cat-franciscana","7":"product_cat-franciscana-espiritualidad-1_espiritualidad","9":"first","10":"instock","11":"taxable","12":"shipping-taxable","13":"purchasable","14":"product-type-simple"},"acf":{"autor":"AIZPUR\u00daA, FIDEL","codart":"847240332","libros-coleccion":"Hermano Francisco","ediciones":"1","encuadernacion":"R\u00fastica","fecha_de_publicacion":"10\/01\/2022","novedad":"1","paginas":"168","subtitulo":"","orden":"0","portada":"0","idioma":"spa","editorial":[{"ID":147454,"post_author":"3","post_date":"2022-10-14 11:50:42","post_date_gmt":"2022-10-14 09:50:42","post_content":"","post_title":"ARANTZAZU","post_excerpt":"","post_status":"publish","comment_status":"closed","ping_status":"closed","post_password":"","post_name":"arantzazu","to_ping":"","pinged":"","post_modified":"2022-10-14 11:50:42","post_modified_gmt":"2022-10-14 09:50:42","post_content_filtered":"","post_parent":0,"guid":"http:\/\/dev.claret.cat\/editorial\/arantzazu\/","menu_order":0,"post_type":"editorial","post_mime_type":"","comment_count":"0","filter":"raw"}],"autores-libros":[{"ID":155922,"post_author":"3","post_date":"2022-10-14 15:16:42","post_date_gmt":"2022-10-14 13:16:42","post_content":"","post_title":"FIDEL AIZPUR\u00daA","post_excerpt":"","post_status":"publish","comment_status":"closed","ping_status":"closed","post_password":"","post_name":"fidel-aizpurua","to_ping":"","pinged":"","post_modified":"2022-10-14 15:16:42","post_modified_gmt":"2022-10-14 13:16:42","post_content_filtered":"","post_parent":0,"guid":"http:\/\/dev.claret.cat\/autor\/fidel-aizpurua\/","menu_order":0,"post_type":"autor","post_mime_type":"","comment_count":"0","filter":"raw"}]},"aioseo_notices":[],"_links":{"self":[{"href":"https:\/\/www.claret.cat\/es\/wp-json\/wp\/v2\/product\/46482","targetHints":{"allow":["GET"]}}],"collection":[{"href":"https:\/\/www.claret.cat\/es\/wp-json\/wp\/v2\/product"}],"about":[{"href":"https:\/\/www.claret.cat\/es\/wp-json\/wp\/v2\/types\/product"}],"wp:featuredmedia":[{"embeddable":true,"href":"https:\/\/www.claret.cat\/es\/wp-json\/wp\/v2\/media\/454015"}],"wp:attachment":[{"href":"https:\/\/www.claret.cat\/es\/wp-json\/wp\/v2\/media?parent=46482"}],"wp:term":[{"taxonomy":"product_brand","embeddable":true,"href":"https:\/\/www.claret.cat\/es\/wp-json\/wp\/v2\/product_brand?post=46482"},{"taxonomy":"product_cat","embeddable":true,"href":"https:\/\/www.claret.cat\/es\/wp-json\/wp\/v2\/product_cat?post=46482"},{"taxonomy":"product_tag","embeddable":true,"href":"https:\/\/www.claret.cat\/es\/wp-json\/wp\/v2\/product_tag?post=46482"}],"curies":[{"name":"wp","href":"https:\/\/api.w.org\/{rel}","templated":true}]}}