{"id":46539,"date":"2022-10-02T22:24:04","date_gmt":"2022-10-02T20:24:04","guid":{"rendered":"http:\/\/dev.claret.cat\/producte\/despertar-salvaje\/"},"modified":"2023-10-06T11:20:03","modified_gmt":"2023-10-06T09:20:03","slug":"despertar-salvaje-9788499889191","status":"publish","type":"product","link":"https:\/\/www.claret.cat\/es\/libro\/despertar-salvaje-9788499889191\/","title":{"rendered":"DESPERTAR SALVAJE"},"content":{"rendered":"<p>Considerada la culminaci\u00f3n de todas las pr\u00e1cticas y estudios de la escuela Kagyu del budismo tibetano, la experiencia de Mahamudra, o \u00abgran s\u00edmbolo\u00bb, es una sensaci\u00f3n abrumadora de extraordinaria claridad, totalmente abierta y no dual. Dzogchen, o \u00abgran perfecci\u00f3n\u00bb, constituye la ense\u00f1anza \u00faltima para la tradici\u00f3n Nyingma, y tambi\u00e9n representa el pin\u00e1culo del desarrollo espiritual. Ambas corrientes de meditaci\u00f3n enfatizan el estado \u00faltimo de conciencia interior y la naturaleza clara y luminosa de la mente. <br \/> Dzogchen Ponlop, un destacado representante del linaje de la sabidur\u00eda Dzogchen y Mahamudra, presenta en este libro la visi\u00f3n y las pr\u00e1cticas de estas dos tradiciones con un enfoque pragm\u00e1tico y un estilo informal. Rinpoch\u00e9 ense\u00f1a que, si nos ejercitamos en estas pr\u00e1cticas, todos podemos experimentar nuestro mundo de forma m\u00e1s directa.<\/p>\n","protected":false},"excerpt":{"rendered":"<p>PONLOP RINPOCH\u00c9, DZOGCHEN<\/p>\n","protected":false},"featured_media":452280,"template":"","meta":{"_acf_changed":false,"om_disable_all_campaigns":false,"rs_blank_template":"","rs_page_bg_color":"","slide_template_v7":"","inline_featured_image":false,"_monsterinsights_skip_tracking":false,"_monsterinsights_sitenote_active":false,"_monsterinsights_sitenote_note":"","_monsterinsights_sitenote_category":0},"product_brand":[],"product_cat":[544],"product_tag":[],"class_list":{"0":"post-46539","1":"product","2":"type-product","3":"status-publish","4":"has-post-thumbnail","6":"product_cat-religiones","8":"first","9":"instock","10":"taxable","11":"shipping-taxable","12":"purchasable","13":"product-type-simple"},"acf":{"autor":"PONLOP RINPOCH\u00c9, DZOGCHEN","codart":"849988919","libros-coleccion":"Sabidur\u00eda perenne","ediciones":"1","encuadernacion":"R\u00fastica","fecha_de_publicacion":"01\/01\/2022","novedad":"1","paginas":"464","subtitulo":"EL CORAZ\u00d3N DE MAHAMUDRA Y DZOGCHEN","orden":"0","portada":"0","idioma":"spa","editorial":[{"ID":6227,"post_author":"3","post_date":"2022-07-28 17:47:37","post_date_gmt":"2022-07-28 15:47:37","post_content":"","post_title":"Editorial Kair\u00f3s","post_excerpt":"","post_status":"publish","comment_status":"closed","ping_status":"closed","post_password":"","post_name":"editorial-kairos","to_ping":"","pinged":"","post_modified":"2022-07-28 17:47:37","post_modified_gmt":"2022-07-28 15:47:37","post_content_filtered":"","post_parent":0,"guid":"http:\/\/dev.claret.cat\/editorial\/editorial-kairos\/","menu_order":0,"post_type":"editorial","post_mime_type":"","comment_count":"0","filter":"raw"}],"autores-libros":[{"ID":154437,"post_author":"3","post_date":"2022-10-14 15:04:48","post_date_gmt":"2022-10-14 13:04:48","post_content":"","post_title":"DZOGCHEN PONLOP RINPOCH\u00c9","post_excerpt":"","post_status":"publish","comment_status":"closed","ping_status":"closed","post_password":"","post_name":"dzogchen-ponlop-rinpoche","to_ping":"","pinged":"","post_modified":"2022-10-14 15:04:48","post_modified_gmt":"2022-10-14 13:04:48","post_content_filtered":"","post_parent":0,"guid":"http:\/\/dev.claret.cat\/autor\/dzogchen-ponlop-rinpoche\/","menu_order":0,"post_type":"autor","post_mime_type":"","comment_count":"0","filter":"raw"}]},"aioseo_notices":[],"_links":{"self":[{"href":"https:\/\/www.claret.cat\/es\/wp-json\/wp\/v2\/product\/46539","targetHints":{"allow":["GET"]}}],"collection":[{"href":"https:\/\/www.claret.cat\/es\/wp-json\/wp\/v2\/product"}],"about":[{"href":"https:\/\/www.claret.cat\/es\/wp-json\/wp\/v2\/types\/product"}],"wp:featuredmedia":[{"embeddable":true,"href":"https:\/\/www.claret.cat\/es\/wp-json\/wp\/v2\/media\/452280"}],"wp:attachment":[{"href":"https:\/\/www.claret.cat\/es\/wp-json\/wp\/v2\/media?parent=46539"}],"wp:term":[{"taxonomy":"product_brand","embeddable":true,"href":"https:\/\/www.claret.cat\/es\/wp-json\/wp\/v2\/product_brand?post=46539"},{"taxonomy":"product_cat","embeddable":true,"href":"https:\/\/www.claret.cat\/es\/wp-json\/wp\/v2\/product_cat?post=46539"},{"taxonomy":"product_tag","embeddable":true,"href":"https:\/\/www.claret.cat\/es\/wp-json\/wp\/v2\/product_tag?post=46539"}],"curies":[{"name":"wp","href":"https:\/\/api.w.org\/{rel}","templated":true}]}}