{"id":46542,"date":"2022-10-02T22:24:06","date_gmt":"2022-10-02T20:24:06","guid":{"rendered":"http:\/\/dev.claret.cat\/producte\/les-palmeres-salvatges\/"},"modified":"2024-12-04T17:30:07","modified_gmt":"2024-12-04T16:30:07","slug":"les-palmeres-salvatges-9788418858031","status":"publish","type":"product","link":"https:\/\/www.claret.cat\/es\/libro\/les-palmeres-salvatges-9788418858031\/","title":{"rendered":"LES PALMERES SALVATGES"},"content":{"rendered":"<p>A Nova Orleans, el 1937, un home i una dona ho sacrifiquen tot per una passi\u00f3 il\u00b7l\u00edcita. Al Mississip\u00ed, deu anys m\u00e9s tard, un presidiari es llan\u00e7a a travessar el riu inundat i arrisca la llibertat per salvar una embarassada. A partir d&#8221;aquestes dues narracions, Faulkner compon una simfonia d&#8217;alliberaci\u00f3 i condemna, de superviv\u00e8ncia i autosacrifici. A Les palmeres salvatges s&#8217;entrellacen dues hist\u00f2ries que basteixen una novel\u00b7la captivadora que confronta l&#8217;\u00e9sser hum\u00e0 amb les forces de la natura i, sobretot, amb les seves pr\u00f2pies passions, sentiments i ambicions. <br \/> Amb una prosa que deixa bocabadat, William Faulkner ens regala, un cop m\u00e9s, una obra de gran inventiva impregnada a cada p\u00e0gina del pa\u00eds que va fer seu.<\/p>\n<p> William Faulkner va n\u00e9ixer a New Albany, Mississip\u00ed, el 25 de setembre de 1897. Va publicar el primer recull de poemes, The Marble Faun (El faune de marbre), l&#8217;any 1924 i, al cap de dos anys, la seva primera novel\u00b7la, Soldier&#8217;s Pay (La paga del soldat). El 1949, despr\u00e9s d&#8217;haver escrit obres com ara Absalom, Absalom!, Mentre em moria o Llum d&#8217;agost, va ser guardonat amb el Premi Nobel de Literatura. Uns quants anys m\u00e9s tard, va publicar la trilogia dels Snopes \u2014composta per El llogaret, La ciutat i La mansi\u00f3\u2014, tradu\u00efda per primer cop al catal\u00e0 en aquesta mateixa col\u00b7lecci\u00f3. Tamb\u00e9 va obtenir el Premi Pulitzer per A Fable (Una faula, 1954) i The Reivers (Els lladregots, 1962). Va morir el 6 de juliol de 1962 a Byhalia, Mississip\u00ed.<\/p>\n","protected":false},"excerpt":{"rendered":"<p>FAULKNER, WILLIAM<\/p>\n","protected":false},"featured_media":61576,"template":"","meta":{"_acf_changed":false,"om_disable_all_campaigns":false,"rs_blank_template":"","rs_page_bg_color":"","slide_template_v7":"","inline_featured_image":false,"_monsterinsights_skip_tracking":false,"_monsterinsights_sitenote_active":false,"_monsterinsights_sitenote_note":"","_monsterinsights_sitenote_category":0},"product_brand":[],"product_cat":[127,357],"product_tag":[],"class_list":{"0":"post-46542","1":"product","2":"type-product","3":"status-publish","4":"has-post-thumbnail","6":"product_cat-novella-contemporania","7":"product_cat-novela-contemporanea","9":"first","10":"instock","11":"taxable","12":"shipping-taxable","13":"purchasable","14":"product-type-simple"},"acf":{"autor":"FAULKNER, WILLIAM","codart":"841885803","libros-coleccion":"Mirmanda","ediciones":"1","encuadernacion":"R\u00fastica","fecha_de_publicacion":"01\/12\/2021","novedad":"1","paginas":"384","subtitulo":"","orden":"0","portada":"0","idioma":"cat","editorial":[{"ID":6211,"post_author":"3","post_date":"2022-07-28 17:47:15","post_date_gmt":"2022-07-28 15:47:15","post_content":"","post_title":"EDICIONS DE 1984","post_excerpt":"","post_status":"publish","comment_status":"closed","ping_status":"closed","post_password":"","post_name":"edicions-de-1984","to_ping":"","pinged":"","post_modified":"2022-07-28 17:47:15","post_modified_gmt":"2022-07-28 15:47:15","post_content_filtered":"","post_parent":0,"guid":"http:\/\/dev.claret.cat\/editorial\/edicions-de-1984\/","menu_order":0,"post_type":"editorial","post_mime_type":"","comment_count":"0","filter":"raw"}],"autores-libros":[{"ID":171311,"post_author":"3","post_date":"2022-10-14 22:42:22","post_date_gmt":"2022-10-14 20:42:22","post_content":"","post_title":"WILLIAM FAULKNER","post_excerpt":"","post_status":"publish","comment_status":"closed","ping_status":"closed","post_password":"","post_name":"william-faulkner","to_ping":"","pinged":"","post_modified":"2022-10-14 22:42:22","post_modified_gmt":"2022-10-14 20:42:22","post_content_filtered":"","post_parent":0,"guid":"http:\/\/dev.claret.cat\/autor\/william-faulkner\/","menu_order":0,"post_type":"autor","post_mime_type":"","comment_count":"0","filter":"raw"}]},"aioseo_notices":[],"_links":{"self":[{"href":"https:\/\/www.claret.cat\/es\/wp-json\/wp\/v2\/product\/46542","targetHints":{"allow":["GET"]}}],"collection":[{"href":"https:\/\/www.claret.cat\/es\/wp-json\/wp\/v2\/product"}],"about":[{"href":"https:\/\/www.claret.cat\/es\/wp-json\/wp\/v2\/types\/product"}],"wp:featuredmedia":[{"embeddable":true,"href":"https:\/\/www.claret.cat\/es\/wp-json\/wp\/v2\/media\/61576"}],"wp:attachment":[{"href":"https:\/\/www.claret.cat\/es\/wp-json\/wp\/v2\/media?parent=46542"}],"wp:term":[{"taxonomy":"product_brand","embeddable":true,"href":"https:\/\/www.claret.cat\/es\/wp-json\/wp\/v2\/product_brand?post=46542"},{"taxonomy":"product_cat","embeddable":true,"href":"https:\/\/www.claret.cat\/es\/wp-json\/wp\/v2\/product_cat?post=46542"},{"taxonomy":"product_tag","embeddable":true,"href":"https:\/\/www.claret.cat\/es\/wp-json\/wp\/v2\/product_tag?post=46542"}],"curies":[{"name":"wp","href":"https:\/\/api.w.org\/{rel}","templated":true}]}}