{"id":46548,"date":"2022-10-02T22:24:14","date_gmt":"2022-10-02T20:24:14","guid":{"rendered":"http:\/\/dev.claret.cat\/producte\/los-enemigos\/"},"modified":"2023-10-06T11:08:36","modified_gmt":"2023-10-06T09:08:36","slug":"los-enemigos-9788433916587","status":"publish","type":"product","link":"https:\/\/www.claret.cat\/es\/libro\/los-enemigos-9788433916587\/","title":{"rendered":"LOS ENEMIGOS"},"content":{"rendered":"<p>Despu\u00e9s de su Revancha, Kiko Amat re?exiona sobre los cimientos de la enemistad: el odio de clase, la desvalidez infantil&#8230; y la omnipresencia de la violencia. Este libro es un manual para comprender la enemistad, la ?jaci\u00f3n con lo antip\u00f3dico, las acciones por despecho y el odio (con ocasional elevaci\u00f3n) que suele acompa\u00f1arlas. Tambi\u00e9n es una confesi\u00f3n de estupidez en primera persona, una clase pr\u00e1ctica sobre la utilidad del rencor y la venganza (la tirria indeleble como e?caz motor vital y art\u00edstico), y un lamento persistente por todo lo enunciado. En \u00e9l hallar\u00e1n re?exiones sobre los enemigos equivocados, los enemigos usables, los enemigos naturales, los enemigos invisibles (enemigos con piel de amigo), los enemigos instant\u00e1neos y m\u00e1s. Examinando cada uno de ellos tal vez descubra el lector que la animosidad puede, y debe, ponerse a buen uso.<\/p>\n","protected":false},"excerpt":{"rendered":"<p>AMAT, KIKO<\/p>\n","protected":false},"featured_media":61582,"template":"","meta":{"_acf_changed":false,"om_disable_all_campaigns":false,"rs_blank_template":"","rs_page_bg_color":"","slide_template_v7":"","inline_featured_image":false,"_monsterinsights_skip_tracking":false,"_monsterinsights_sitenote_active":false,"_monsterinsights_sitenote_note":"","_monsterinsights_sitenote_category":0},"product_brand":[],"product_cat":[373],"product_tag":[],"class_list":{"0":"post-46548","1":"product","2":"type-product","3":"status-publish","4":"has-post-thumbnail","6":"product_cat-autores","8":"first","9":"instock","10":"taxable","11":"shipping-taxable","12":"purchasable","13":"product-type-simple"},"acf":{"autor":"AMAT, KIKO","codart":"843391658","libros-coleccion":"Nuevos cuadernos Anagrama","ediciones":"1","encuadernacion":"R\u00fastica","fecha_de_publicacion":"01\/01\/2022","novedad":"1","paginas":"152","subtitulo":"O C\u00d3MO SOBREVIVIR AL ODIO Y APROVECHAR LA ENEMISTAD","orden":"0","portada":"0","idioma":"spa","editorial":[{"ID":6219,"post_author":"3","post_date":"2022-07-28 17:47:26","post_date_gmt":"2022-07-28 15:47:26","post_content":"","post_title":"Editorial Anagrama S.A.","post_excerpt":"","post_status":"publish","comment_status":"closed","ping_status":"closed","post_password":"","post_name":"editorial-anagrama-s-a","to_ping":"","pinged":"","post_modified":"2022-07-28 17:47:26","post_modified_gmt":"2022-07-28 15:47:26","post_content_filtered":"","post_parent":0,"guid":"http:\/\/dev.claret.cat\/editorial\/editorial-anagrama-s-a\/","menu_order":0,"post_type":"editorial","post_mime_type":"","comment_count":"0","filter":"raw"}],"autores-libros":[{"ID":161669,"post_author":"3","post_date":"2022-10-14 17:20:05","post_date_gmt":"2022-10-14 15:20:05","post_content":"","post_title":"KIKO AMAT","post_excerpt":"","post_status":"publish","comment_status":"closed","ping_status":"closed","post_password":"","post_name":"kiko-amat","to_ping":"","pinged":"","post_modified":"2022-10-14 17:20:05","post_modified_gmt":"2022-10-14 15:20:05","post_content_filtered":"","post_parent":0,"guid":"http:\/\/dev.claret.cat\/autor\/kiko-amat\/","menu_order":0,"post_type":"autor","post_mime_type":"","comment_count":"0","filter":"raw"}]},"aioseo_notices":[],"_links":{"self":[{"href":"https:\/\/www.claret.cat\/es\/wp-json\/wp\/v2\/product\/46548","targetHints":{"allow":["GET"]}}],"collection":[{"href":"https:\/\/www.claret.cat\/es\/wp-json\/wp\/v2\/product"}],"about":[{"href":"https:\/\/www.claret.cat\/es\/wp-json\/wp\/v2\/types\/product"}],"wp:featuredmedia":[{"embeddable":true,"href":"https:\/\/www.claret.cat\/es\/wp-json\/wp\/v2\/media\/61582"}],"wp:attachment":[{"href":"https:\/\/www.claret.cat\/es\/wp-json\/wp\/v2\/media?parent=46548"}],"wp:term":[{"taxonomy":"product_brand","embeddable":true,"href":"https:\/\/www.claret.cat\/es\/wp-json\/wp\/v2\/product_brand?post=46548"},{"taxonomy":"product_cat","embeddable":true,"href":"https:\/\/www.claret.cat\/es\/wp-json\/wp\/v2\/product_cat?post=46548"},{"taxonomy":"product_tag","embeddable":true,"href":"https:\/\/www.claret.cat\/es\/wp-json\/wp\/v2\/product_tag?post=46548"}],"curies":[{"name":"wp","href":"https:\/\/api.w.org\/{rel}","templated":true}]}}