{"id":46599,"date":"2022-10-02T22:25:08","date_gmt":"2022-10-02T20:25:08","guid":{"rendered":"http:\/\/dev.claret.cat\/producte\/com-vas-perdre-el-brac-balchowsky\/"},"modified":"2024-01-31T16:38:11","modified_gmt":"2024-01-31T15:38:11","slug":"com-vas-perdre-el-brac-balchowsky-9788466428576","status":"publish","type":"product","link":"https:\/\/www.claret.cat\/es\/libro\/com-vas-perdre-el-brac-balchowsky-9788466428576\/","title":{"rendered":"COM VAS PERDRE EL BRA\u00c7, BALCHOWSKY?"},"content":{"rendered":"<p>Un jove pianista de Chicago s&#8221;enrola a les Brigades Internacionals i viatja a l&#8221;Espanya de la Guerra Civil en lluita contra el feixisme, on perdr\u00e0 el bra\u00e7 dret. De retorn als Estats Units, la seva ser\u00e0 una hist\u00f2ria de superaci\u00f3 que el convertir\u00e0 en una llegenda de la boh\u00e8mia art\u00edstica de Chicago, en un storyteller prodigi\u00f3s i en un pioner de la contracultura, i ens permetr\u00e0 sobrevolar, com si fos un llibre de cavalleries, la hist\u00f2ria nord-americana de la segona meitat del segle xx.<br \/> \u00abVa ser un supervivent que es va aferrar a la vida. Una lli\u00e7\u00f3 ambulant de resist\u00e8ncia i de superaci\u00f3 somrient. Un perdedor entre perdedors a qui res no li va acabar de sortir b\u00e9, per\u00f2 que inspirava afecte a tothom. Un idealista a qui la vida va maltractar amb acarnissament. Mentor espiritual i guru salvador per a molts, encara que ell no sab\u00e9s redimir-se, com els bons messies. Un home essencialment lliure i d&#8221;una certa candidesa. Un bon jan. Un amor. Un idealista i?l\u00fas. Un mestre of the streets. El pianista d&#8221;un sol bra\u00e7. Aquell pecador tan agradable. El rei dels carrerons\u00bb.<\/p>\n","protected":false},"excerpt":{"rendered":"<p>ORENSANZ, TONI<\/p>\n","protected":false},"featured_media":61618,"template":"","meta":{"_acf_changed":false,"om_disable_all_campaigns":false,"rs_blank_template":"","rs_page_bg_color":"","slide_template_v7":"","inline_featured_image":false,"_monsterinsights_skip_tracking":false,"_monsterinsights_sitenote_active":false,"_monsterinsights_sitenote_note":"","_monsterinsights_sitenote_category":0},"product_brand":[],"product_cat":[549,99],"product_tag":[],"class_list":{"0":"post-46599","1":"product","2":"type-product","3":"status-publish","4":"has-post-thumbnail","6":"product_cat-biografias","7":"product_cat-biografies","9":"first","10":"instock","11":"taxable","12":"shipping-taxable","13":"purchasable","14":"product-type-simple"},"acf":{"autor":"ORENSANZ, TONI","codart":"846642857","libros-coleccion":"NO FICCI\u00d3 COLUMNA","ediciones":"1","encuadernacion":"R\u00fastica","fecha_de_publicacion":"01\/01\/2022","novedad":"1","paginas":"439","subtitulo":"","orden":"0","portada":"0","idioma":"cat","editorial":[{"ID":6166,"post_author":"3","post_date":"2022-07-28 17:46:19","post_date_gmt":"2022-07-28 15:46:19","post_content":"","post_title":"Columna CAT","post_excerpt":"","post_status":"publish","comment_status":"closed","ping_status":"closed","post_password":"","post_name":"columna-cat","to_ping":"","pinged":"","post_modified":"2022-07-28 17:46:19","post_modified_gmt":"2022-07-28 15:46:19","post_content_filtered":"","post_parent":0,"guid":"http:\/\/dev.claret.cat\/editorial\/columna-cat\/","menu_order":0,"post_type":"editorial","post_mime_type":"","comment_count":"0","filter":"raw"}],"autores-libros":[{"ID":6060,"post_author":"3","post_date":"2022-07-28 17:37:17","post_date_gmt":"2022-07-28 15:37:17","post_content":"","post_title":"TONI ORENSANZ","post_excerpt":"","post_status":"publish","comment_status":"closed","ping_status":"closed","post_password":"","post_name":"toni-orensanz","to_ping":"","pinged":"","post_modified":"2022-07-28 17:37:17","post_modified_gmt":"2022-07-28 15:37:17","post_content_filtered":"","post_parent":0,"guid":"http:\/\/dev.claret.cat\/autor\/toni-orensanz\/","menu_order":0,"post_type":"autor","post_mime_type":"","comment_count":"0","filter":"raw"}]},"aioseo_notices":[],"_links":{"self":[{"href":"https:\/\/www.claret.cat\/es\/wp-json\/wp\/v2\/product\/46599","targetHints":{"allow":["GET"]}}],"collection":[{"href":"https:\/\/www.claret.cat\/es\/wp-json\/wp\/v2\/product"}],"about":[{"href":"https:\/\/www.claret.cat\/es\/wp-json\/wp\/v2\/types\/product"}],"wp:featuredmedia":[{"embeddable":true,"href":"https:\/\/www.claret.cat\/es\/wp-json\/wp\/v2\/media\/61618"}],"wp:attachment":[{"href":"https:\/\/www.claret.cat\/es\/wp-json\/wp\/v2\/media?parent=46599"}],"wp:term":[{"taxonomy":"product_brand","embeddable":true,"href":"https:\/\/www.claret.cat\/es\/wp-json\/wp\/v2\/product_brand?post=46599"},{"taxonomy":"product_cat","embeddable":true,"href":"https:\/\/www.claret.cat\/es\/wp-json\/wp\/v2\/product_cat?post=46599"},{"taxonomy":"product_tag","embeddable":true,"href":"https:\/\/www.claret.cat\/es\/wp-json\/wp\/v2\/product_tag?post=46599"}],"curies":[{"name":"wp","href":"https:\/\/api.w.org\/{rel}","templated":true}]}}