{"id":46644,"date":"2022-10-02T22:25:52","date_gmt":"2022-10-02T20:25:52","guid":{"rendered":"http:\/\/dev.claret.cat\/producte\/ulises-ilustrado\/"},"modified":"2023-10-06T11:09:14","modified_gmt":"2023-10-06T09:09:14","slug":"ulises-ilustrado-9788418807299","status":"publish","type":"product","link":"https:\/\/www.claret.cat\/es\/libro\/ulises-ilustrado-9788418807299\/","title":{"rendered":"ULISES ILUSTRADO"},"content":{"rendered":"<p>Ser\u00e1 la primera vez que se publica esta novela ilustrada por un gran artista. Esta edici\u00f3n de Ulises, traducida por Jos\u00e9 Salas Subirat, cuenta con 134 ilustraciones a color y casi 200 en blanco y negro de Eduardo Arroyo. Su publicaci\u00f3n coincidir\u00e1 con el centenario de la primera edici\u00f3n en Par\u00eds.<\/p>\n","protected":false},"excerpt":{"rendered":"<p>JOYCE, JAMES \/ ARROYO, EDUARDO<\/p>\n","protected":false},"featured_media":61648,"template":"","meta":{"_acf_changed":false,"om_disable_all_campaigns":false,"rs_blank_template":"","rs_page_bg_color":"","slide_template_v7":"","inline_featured_image":false,"_monsterinsights_skip_tracking":false,"_monsterinsights_sitenote_active":false,"_monsterinsights_sitenote_note":"","_monsterinsights_sitenote_category":0},"product_brand":[],"product_cat":[354,555],"product_tag":[],"class_list":{"0":"post-46644","1":"product","2":"type-product","3":"status-publish","4":"has-post-thumbnail","6":"product_cat-clasica","7":"product_cat-regalo","9":"first","10":"instock","11":"taxable","12":"shipping-taxable","13":"purchasable","14":"product-type-simple"},"acf":{"autor":"JOYCE, JAMES \/ ARROYO, EDUARDO","codart":"841880729","libros-coleccion":"Ilustrados","ediciones":"1","encuadernacion":"Carton\u00e9","fecha_de_publicacion":"01\/01\/2022","novedad":"1","paginas":"720","subtitulo":"","orden":"0","portada":"0","idioma":"spa","editorial":[{"ID":6260,"post_author":"3","post_date":"2022-07-28 17:48:23","post_date_gmt":"2022-07-28 15:48:23","post_content":"","post_title":"Galaxia Gutenberg","post_excerpt":"","post_status":"publish","comment_status":"closed","ping_status":"closed","post_password":"","post_name":"galaxia-gutenberg","to_ping":"","pinged":"","post_modified":"2022-07-28 17:48:23","post_modified_gmt":"2022-07-28 15:48:23","post_content_filtered":"","post_parent":0,"guid":"http:\/\/dev.claret.cat\/editorial\/galaxia-gutenberg\/","menu_order":0,"post_type":"editorial","post_mime_type":"","comment_count":"0","filter":"raw"}],"autores-libros":[{"ID":5567,"post_author":"3","post_date":"2022-07-28 17:26:45","post_date_gmt":"2022-07-28 15:26:45","post_content":"","post_title":"JAMES JOYCE","post_excerpt":"","post_status":"publish","comment_status":"closed","ping_status":"closed","post_password":"","post_name":"james-joyce","to_ping":"","pinged":"","post_modified":"2022-07-28 17:26:45","post_modified_gmt":"2022-07-28 15:26:45","post_content_filtered":"","post_parent":0,"guid":"http:\/\/dev.claret.cat\/autor\/james-joyce\/","menu_order":0,"post_type":"autor","post_mime_type":"","comment_count":"0","filter":"raw"},{"ID":154576,"post_author":"3","post_date":"2022-10-14 15:05:55","post_date_gmt":"2022-10-14 13:05:55","post_content":"","post_title":"EDUARDO ARROYO","post_excerpt":"","post_status":"publish","comment_status":"closed","ping_status":"closed","post_password":"","post_name":"eduardo-arroyo","to_ping":"","pinged":"","post_modified":"2022-10-14 15:05:55","post_modified_gmt":"2022-10-14 13:05:55","post_content_filtered":"","post_parent":0,"guid":"http:\/\/dev.claret.cat\/autor\/eduardo-arroyo\/","menu_order":0,"post_type":"autor","post_mime_type":"","comment_count":"0","filter":"raw"}]},"aioseo_notices":[],"_links":{"self":[{"href":"https:\/\/www.claret.cat\/es\/wp-json\/wp\/v2\/product\/46644","targetHints":{"allow":["GET"]}}],"collection":[{"href":"https:\/\/www.claret.cat\/es\/wp-json\/wp\/v2\/product"}],"about":[{"href":"https:\/\/www.claret.cat\/es\/wp-json\/wp\/v2\/types\/product"}],"wp:featuredmedia":[{"embeddable":true,"href":"https:\/\/www.claret.cat\/es\/wp-json\/wp\/v2\/media\/61648"}],"wp:attachment":[{"href":"https:\/\/www.claret.cat\/es\/wp-json\/wp\/v2\/media?parent=46644"}],"wp:term":[{"taxonomy":"product_brand","embeddable":true,"href":"https:\/\/www.claret.cat\/es\/wp-json\/wp\/v2\/product_brand?post=46644"},{"taxonomy":"product_cat","embeddable":true,"href":"https:\/\/www.claret.cat\/es\/wp-json\/wp\/v2\/product_cat?post=46644"},{"taxonomy":"product_tag","embeddable":true,"href":"https:\/\/www.claret.cat\/es\/wp-json\/wp\/v2\/product_tag?post=46644"}],"curies":[{"name":"wp","href":"https:\/\/api.w.org\/{rel}","templated":true}]}}