{"id":46710,"date":"2022-10-02T22:26:53","date_gmt":"2022-10-02T20:26:53","guid":{"rendered":"http:\/\/dev.claret.cat\/producte\/amamos-a-dios-sin-saberlo\/"},"modified":"2024-05-02T16:06:43","modified_gmt":"2024-05-02T14:06:43","slug":"amamos-a-dios-sin-saberlo-9788418303906","status":"publish","type":"product","link":"https:\/\/www.claret.cat\/es\/libro\/amamos-a-dios-sin-saberlo-9788418303906\/","title":{"rendered":"AMAMOS A DIOS SIN SABERLO"},"content":{"rendered":"<p>El t\u00edtulo de este libro es un pensamiento de san Agust\u00edn que expresa el ser ontol\u00f3gico del coraz\u00f3n humano, cuya esencia es amar. Todo el que ama, afirma, est\u00e1 amando a Dios, sea consciente de ello o no lo sea, pues amar a una persona es desearle que viva siempre, anhelo que \u00fanicamente Dios puede garantizar.<\/p>\n<p>La vida es, pues, como dice Martin Heidegger, caminar hacia una estrella.<\/p>\n<p>La estrella, Dios, tiene su morada, asombrosamente, en el interior y vocifera en el coraz\u00f3n, pero, lamentablemente, no se oyen sus voces debido al estruendo de los ruidos del entorno.<\/p>\n<p>El presente estudio intenta poner de manifiesto el amor inconsciente a Dios analizando diversos aspectos de la realidad.<\/p>\n","protected":false},"excerpt":{"rendered":"<p>CANCELO GARC\u00cdA, JOS\u00c9 LUIS<\/p>\n","protected":false},"featured_media":330576,"template":"","meta":{"_acf_changed":false,"om_disable_all_campaigns":false,"rs_blank_template":"","rs_page_bg_color":"","slide_template_v7":"","inline_featured_image":false,"_monsterinsights_skip_tracking":false,"_monsterinsights_sitenote_active":false,"_monsterinsights_sitenote_note":"","_monsterinsights_sitenote_category":0},"product_brand":[],"product_cat":[485,232,237,488],"product_tag":[],"class_list":{"0":"post-46710","1":"product","2":"type-product","3":"status-publish","4":"has-post-thumbnail","6":"product_cat-autores-espiritualidad-1_espiritualidad","7":"product_cat-autors-espiritualitat","8":"product_cat-cami-de-perfeccionament","9":"product_cat-camino-de-perfeccionamiento","11":"first","12":"instock","13":"taxable","14":"shipping-taxable","15":"purchasable","16":"product-type-simple"},"acf":{"autor":"CANCELO GARC\u00cdA, JOS\u00c9 LUIS","codart":"841830390","libros-coleccion":"","ediciones":"1","encuadernacion":"R\u00fastica","fecha_de_publicacion":"23\/12\/2021","novedad":"1","paginas":"222","subtitulo":"LA VIDA ES CAMINAR HACIA UNA ESTRELLA MUY CONOCIDA POR EL CORAZ\u00d3N, PERO INADVERTIDA POR LA MENTE","orden":"0","portada":"0","idioma":"spa","editorial":[{"ID":6309,"post_author":"3","post_date":"2022-07-28 17:49:25","post_date_gmt":"2022-07-28 15:49:25","post_content":"","post_title":"Monte Carmelo","post_excerpt":"","post_status":"publish","comment_status":"closed","ping_status":"closed","post_password":"","post_name":"monte-carmelo","to_ping":"","pinged":"","post_modified":"2022-07-28 17:49:25","post_modified_gmt":"2022-07-28 15:49:25","post_content_filtered":"","post_parent":0,"guid":"http:\/\/dev.claret.cat\/editorial\/monte-carmelo\/","menu_order":0,"post_type":"editorial","post_mime_type":"","comment_count":"0","filter":"raw"}],"autores-libros":[{"ID":160314,"post_author":"3","post_date":"2022-10-14 15:52:04","post_date_gmt":"2022-10-14 13:52:04","post_content":"","post_title":"JOS\u00c9 LUIS CANCELO GARC\u00cdA","post_excerpt":"","post_status":"publish","comment_status":"closed","ping_status":"closed","post_password":"","post_name":"jose-luis-cancelo-garcia","to_ping":"","pinged":"","post_modified":"2022-10-14 15:52:04","post_modified_gmt":"2022-10-14 13:52:04","post_content_filtered":"","post_parent":0,"guid":"http:\/\/dev.claret.cat\/autor\/jose-luis-cancelo-garcia\/","menu_order":0,"post_type":"autor","post_mime_type":"","comment_count":"0","filter":"raw"}]},"aioseo_notices":[],"_links":{"self":[{"href":"https:\/\/www.claret.cat\/es\/wp-json\/wp\/v2\/product\/46710","targetHints":{"allow":["GET"]}}],"collection":[{"href":"https:\/\/www.claret.cat\/es\/wp-json\/wp\/v2\/product"}],"about":[{"href":"https:\/\/www.claret.cat\/es\/wp-json\/wp\/v2\/types\/product"}],"wp:featuredmedia":[{"embeddable":true,"href":"https:\/\/www.claret.cat\/es\/wp-json\/wp\/v2\/media\/330576"}],"wp:attachment":[{"href":"https:\/\/www.claret.cat\/es\/wp-json\/wp\/v2\/media?parent=46710"}],"wp:term":[{"taxonomy":"product_brand","embeddable":true,"href":"https:\/\/www.claret.cat\/es\/wp-json\/wp\/v2\/product_brand?post=46710"},{"taxonomy":"product_cat","embeddable":true,"href":"https:\/\/www.claret.cat\/es\/wp-json\/wp\/v2\/product_cat?post=46710"},{"taxonomy":"product_tag","embeddable":true,"href":"https:\/\/www.claret.cat\/es\/wp-json\/wp\/v2\/product_tag?post=46710"}],"curies":[{"name":"wp","href":"https:\/\/api.w.org\/{rel}","templated":true}]}}