{"id":46792,"date":"2022-10-02T22:28:02","date_gmt":"2022-10-02T20:28:02","guid":{"rendered":"http:\/\/dev.claret.cat\/producte\/fallschirmjager-en-la-defensa-del-oder-1945\/"},"modified":"2023-07-14T17:28:27","modified_gmt":"2023-07-14T15:28:27","slug":"fallschirmjager-en-la-defensa-del-oder-1945-9788412336269","status":"publish","type":"product","link":"https:\/\/www.claret.cat\/es\/libro\/fallschirmjager-en-la-defensa-del-oder-1945-9788412336269\/","title":{"rendered":"FALLSCHIRMJ\u00c4GER EN LA DEFENSA DEL ODER 1945"},"content":{"rendered":"<p>Durante los primeros meses de 1945, las vanguardias del Ej\u00e9rcito Rojo se detuvieron en la orilla este del r\u00edo \u00d6der, \u00faltima barrera geogr\u00e1fica de importancia que les separaba de su objetivo final: la capital del Reich. Ambos bandos eran conscientes de que la batalla que se avecinaba era decisiva, y en la otra orilla un ej\u00e9rcito alem\u00e1n, dispuesto a impedir la invasi\u00f3n del suelo patrio, se preparaba para una defensa a ultranza. Con este objetivo, las fuerzas germanas mantuvieron algunas cabezas de puente en la orilla este del \u00d6der, como las creadas en Schwedt, Zehden o Eberswalde, que sirvieron para lanzar contraataques capaces de hacer retroceder al enemigo. En dichos escenarios, as\u00ed como en las colinas de Seelow, que dominaban el valle del r\u00edo combatieron dos unidades paracaidistas cuya organizacion y actuaci\u00f3n queda detalladamente testimoniada en las p\u00e1ginas de este libro. El 600. SS-Fallschirmj\u00e4gerbataillon, unidad nacida con la vocaci\u00f3n de convertirse en una \u00e9lite dentro de las Waffen SS, combati\u00f3 en las cabezas de puente como fuerza de operaciones especiales a las \u00f3rdenes del ya famoso SS-Standartenf\u00fcher Otto Skorzeny. Tambi\u00e9n la 9. Fallschirmj\u00e4ger Division de la Luftwaffe, luch\u00f3 valerosamente tanto en Seelow como en el asedio de Bresalu y, tras su repliegue, en la defensa de Berl\u00edn. La historia de ambas unidades es sin duda un valiosos y apasionante testimonio de la dureza de los combates librados en el ocaso de la Segunda Guerra Mundial.<\/p>\n","protected":false},"excerpt":{"rendered":"<p>GIL MARTINEZ, EDUARDO MANUEL<\/p>\n","protected":false},"featured_media":451774,"template":"","meta":{"_acf_changed":false,"om_disable_all_campaigns":false,"rs_blank_template":"","rs_page_bg_color":"","slide_template_v7":"","inline_featured_image":false,"_monsterinsights_skip_tracking":false,"_monsterinsights_sitenote_active":false,"_monsterinsights_sitenote_note":"","_monsterinsights_sitenote_category":0},"product_brand":[],"product_cat":[368,151],"product_tag":[],"class_list":{"0":"post-46792","1":"product","2":"type-product","3":"status-publish","4":"has-post-thumbnail","6":"product_cat-contemporanea","7":"product_cat-contemporania","9":"first","10":"instock","11":"taxable","12":"shipping-taxable","13":"purchasable","14":"product-type-simple"},"acf":{"autor":"GIL MARTINEZ, EDUARDO MANUEL","codart":"841233626","libros-coleccion":"Im\u00e1genes de Guerra","ediciones":"1","encuadernacion":"R\u00fastica","fecha_de_publicacion":"01\/11\/2021","novedad":"1","paginas":"157","subtitulo":"","orden":"0","portada":"0","idioma":"spa","editorial":[{"ID":147407,"post_author":"3","post_date":"2022-10-14 11:50:20","post_date_gmt":"2022-10-14 09:50:20","post_content":"","post_title":"Almena Ediciones","post_excerpt":"","post_status":"publish","comment_status":"closed","ping_status":"closed","post_password":"","post_name":"almena-ediciones","to_ping":"","pinged":"","post_modified":"2022-10-14 11:50:20","post_modified_gmt":"2022-10-14 09:50:20","post_content_filtered":"","post_parent":0,"guid":"http:\/\/dev.claret.cat\/editorial\/almena-ediciones\/","menu_order":0,"post_type":"editorial","post_mime_type":"","comment_count":"0","filter":"raw"}],"autores-libros":[{"ID":154599,"post_author":"3","post_date":"2022-10-14 15:06:06","post_date_gmt":"2022-10-14 13:06:06","post_content":"","post_title":"EDUARDO MANUEL GIL MART\u00cdNEZ","post_excerpt":"","post_status":"publish","comment_status":"closed","ping_status":"closed","post_password":"","post_name":"eduardo-manuel-gil-martinez","to_ping":"","pinged":"","post_modified":"2022-10-14 15:06:06","post_modified_gmt":"2022-10-14 13:06:06","post_content_filtered":"","post_parent":0,"guid":"http:\/\/dev.claret.cat\/autor\/eduardo-manuel-gil-martinez\/","menu_order":0,"post_type":"autor","post_mime_type":"","comment_count":"0","filter":"raw"}]},"aioseo_notices":[],"_links":{"self":[{"href":"https:\/\/www.claret.cat\/es\/wp-json\/wp\/v2\/product\/46792","targetHints":{"allow":["GET"]}}],"collection":[{"href":"https:\/\/www.claret.cat\/es\/wp-json\/wp\/v2\/product"}],"about":[{"href":"https:\/\/www.claret.cat\/es\/wp-json\/wp\/v2\/types\/product"}],"wp:featuredmedia":[{"embeddable":true,"href":"https:\/\/www.claret.cat\/es\/wp-json\/wp\/v2\/media\/451774"}],"wp:attachment":[{"href":"https:\/\/www.claret.cat\/es\/wp-json\/wp\/v2\/media?parent=46792"}],"wp:term":[{"taxonomy":"product_brand","embeddable":true,"href":"https:\/\/www.claret.cat\/es\/wp-json\/wp\/v2\/product_brand?post=46792"},{"taxonomy":"product_cat","embeddable":true,"href":"https:\/\/www.claret.cat\/es\/wp-json\/wp\/v2\/product_cat?post=46792"},{"taxonomy":"product_tag","embeddable":true,"href":"https:\/\/www.claret.cat\/es\/wp-json\/wp\/v2\/product_tag?post=46792"}],"curies":[{"name":"wp","href":"https:\/\/api.w.org\/{rel}","templated":true}]}}