{"id":46795,"date":"2022-10-02T22:28:05","date_gmt":"2022-10-02T20:28:05","guid":{"rendered":"http:\/\/dev.claret.cat\/producte\/egipte-misterios\/"},"modified":"2023-01-28T23:40:01","modified_gmt":"2023-01-28T22:40:01","slug":"egipte-misterios-9788467778045","status":"publish","type":"product","link":"https:\/\/www.claret.cat\/es\/libro\/egipte-misterios-9788467778045\/","title":{"rendered":"EGIPTE MISTERI\u00d3S"},"content":{"rendered":"<p>Tot i estar situat en una de les zones des\u00e8rtiques i \u00e0rides m\u00e9s extenses del planeta, Egipte va acollir una de les civilitzacions m\u00e9s brillants i riques de l\u00b4Antiguitat. Aix\u00f2 va ser possible gr\u00e0cies al riu Nil, que va tenir un paper crucial en la formaci\u00f3 i el desenvolupament de la cultura fara\u00f2nica.En una estreta franja d\u00b4uns pocs quil\u00f2metres, els egipcis van crear una de les civilitzacions m\u00e9s fascinants de la hist\u00f2ria, van construir impressionats obres arquitect\u00f2niques, van desenvolupar ci\u00e8ncies com les matem\u00e0tiques o la medicina i van destacar en arts com l\u00b4orfebreria o l\u00b4escultura. Encara avui dia, milers d?anys despr\u00e9s, aquelles fites continuen fascinant-nos.Descobreix com \u00e9s per dins el sarc\u00f2fag de Tutankamon!<\/p>\n","protected":false},"excerpt":{"rendered":"<p>MONTORO, JORGE<\/p>\n","protected":false},"featured_media":61766,"template":"","meta":{"_acf_changed":false,"om_disable_all_campaigns":false,"rs_blank_template":"","rs_page_bg_color":"","slide_template_v7":"","inline_featured_image":false,"_monsterinsights_skip_tracking":false,"_monsterinsights_sitenote_active":false,"_monsterinsights_sitenote_note":"","_monsterinsights_sitenote_category":0},"product_brand":[],"product_cat":[131],"product_tag":[],"class_list":{"0":"post-46795","1":"product","2":"type-product","3":"status-publish","4":"has-post-thumbnail","6":"product_cat-contes-per-infants-0-6-anys","8":"first","9":"instock","10":"taxable","11":"shipping-taxable","12":"purchasable","13":"product-type-simple"},"acf":{"autor":"MONTORO, JORGE","codart":"846777804","libros-coleccion":"FORA DE COL.LECCI\u00d3","ediciones":"1","encuadernacion":"Carton\u00e9","fecha_de_publicacion":"01\/09\/2021","novedad":"1","paginas":"46","subtitulo":"","orden":"0","portada":"0","idioma":"cat","editorial":[{"ID":148846,"post_author":"3","post_date":"2022-10-14 12:01:27","post_date_gmt":"2022-10-14 10:01:27","post_content":"","post_title":"SUSAETA EDICIONES","post_excerpt":"","post_status":"publish","comment_status":"closed","ping_status":"closed","post_password":"","post_name":"susaeta-ediciones","to_ping":"","pinged":"","post_modified":"2022-10-14 12:01:27","post_modified_gmt":"2022-10-14 10:01:27","post_content_filtered":"","post_parent":0,"guid":"http:\/\/dev.claret.cat\/editorial\/susaeta-ediciones\/","menu_order":0,"post_type":"editorial","post_mime_type":"","comment_count":"0","filter":"raw"}],"autores-libros":[{"ID":160094,"post_author":"3","post_date":"2022-10-14 15:50:15","post_date_gmt":"2022-10-14 13:50:15","post_content":"","post_title":"JORGE MONTORO","post_excerpt":"","post_status":"publish","comment_status":"closed","ping_status":"closed","post_password":"","post_name":"jorge-montoro","to_ping":"","pinged":"","post_modified":"2022-10-14 15:50:15","post_modified_gmt":"2022-10-14 13:50:15","post_content_filtered":"","post_parent":0,"guid":"http:\/\/dev.claret.cat\/autor\/jorge-montoro\/","menu_order":0,"post_type":"autor","post_mime_type":"","comment_count":"0","filter":"raw"}]},"aioseo_notices":[],"_links":{"self":[{"href":"https:\/\/www.claret.cat\/es\/wp-json\/wp\/v2\/product\/46795","targetHints":{"allow":["GET"]}}],"collection":[{"href":"https:\/\/www.claret.cat\/es\/wp-json\/wp\/v2\/product"}],"about":[{"href":"https:\/\/www.claret.cat\/es\/wp-json\/wp\/v2\/types\/product"}],"wp:featuredmedia":[{"embeddable":true,"href":"https:\/\/www.claret.cat\/es\/wp-json\/wp\/v2\/media\/61766"}],"wp:attachment":[{"href":"https:\/\/www.claret.cat\/es\/wp-json\/wp\/v2\/media?parent=46795"}],"wp:term":[{"taxonomy":"product_brand","embeddable":true,"href":"https:\/\/www.claret.cat\/es\/wp-json\/wp\/v2\/product_brand?post=46795"},{"taxonomy":"product_cat","embeddable":true,"href":"https:\/\/www.claret.cat\/es\/wp-json\/wp\/v2\/product_cat?post=46795"},{"taxonomy":"product_tag","embeddable":true,"href":"https:\/\/www.claret.cat\/es\/wp-json\/wp\/v2\/product_tag?post=46795"}],"curies":[{"name":"wp","href":"https:\/\/api.w.org\/{rel}","templated":true}]}}