{"id":46798,"date":"2022-10-02T22:28:08","date_gmt":"2022-10-02T20:28:08","guid":{"rendered":"http:\/\/dev.claret.cat\/producte\/josep-massot-i-muntaner-el-combat-per-la-historia\/"},"modified":"2024-11-20T13:40:33","modified_gmt":"2024-11-20T12:40:33","slug":"josep-massot-i-muntaner-el-combat-per-la-historia-9788418758157","status":"publish","type":"product","link":"https:\/\/www.claret.cat\/es\/libro\/josep-massot-i-muntaner-el-combat-per-la-historia-9788418758157\/","title":{"rendered":"JOSEP MASSOT I MUNTANER. EL COMBAT PER LA HIST\u00d2RIA"},"content":{"rendered":"","protected":false},"excerpt":{"rendered":"<p>GINARD I F\u00c9RON, DAVID<\/p>\n","protected":false},"featured_media":61768,"template":"","meta":{"_acf_changed":false,"om_disable_all_campaigns":false,"rs_blank_template":"","rs_page_bg_color":"","slide_template_v7":"","inline_featured_image":false,"_monsterinsights_skip_tracking":false,"_monsterinsights_sitenote_active":false,"_monsterinsights_sitenote_note":"","_monsterinsights_sitenote_category":0},"product_brand":[],"product_cat":[549,99],"product_tag":[],"class_list":{"0":"post-46798","1":"product","2":"type-product","3":"status-publish","4":"has-post-thumbnail","6":"product_cat-biografias","7":"product_cat-biografies","9":"first","10":"instock","11":"taxable","12":"shipping-taxable","13":"purchasable","14":"product-type-simple"},"acf":{"autor":"GINARD I F\u00c9RON, DAVID","codart":"841875815","libros-coleccion":"FORA DE COL.LECCI\u00d3","ediciones":"1","encuadernacion":"R\u00fastica","fecha_de_publicacion":"01\/10\/2021","novedad":"1","paginas":"143","subtitulo":"","orden":"0","portada":"0","idioma":"cat","editorial":[{"ID":148447,"post_author":"3","post_date":"2022-10-14 11:58:19","post_date_gmt":"2022-10-14 09:58:19","post_content":"","post_title":"Lleonard Muntaner Editor","post_excerpt":"","post_status":"publish","comment_status":"closed","ping_status":"closed","post_password":"","post_name":"lleonard-muntaner-editor","to_ping":"","pinged":"","post_modified":"2022-10-14 11:58:19","post_modified_gmt":"2022-10-14 09:58:19","post_content_filtered":"","post_parent":0,"guid":"http:\/\/dev.claret.cat\/editorial\/lleonard-muntaner-editor\/","menu_order":0,"post_type":"editorial","post_mime_type":"","comment_count":"0","filter":"raw"}],"autores-libros":[{"ID":153828,"post_author":"3","post_date":"2022-10-14 14:59:51","post_date_gmt":"2022-10-14 12:59:51","post_content":"","post_title":"DAVID GINARD I FERON","post_excerpt":"","post_status":"publish","comment_status":"closed","ping_status":"closed","post_password":"","post_name":"david-ginard-i-feron","to_ping":"","pinged":"","post_modified":"2022-10-14 14:59:51","post_modified_gmt":"2022-10-14 12:59:51","post_content_filtered":"","post_parent":0,"guid":"http:\/\/dev.claret.cat\/autor\/david-ginard-i-feron\/","menu_order":0,"post_type":"autor","post_mime_type":"","comment_count":"0","filter":"raw"}]},"aioseo_notices":[],"_links":{"self":[{"href":"https:\/\/www.claret.cat\/es\/wp-json\/wp\/v2\/product\/46798","targetHints":{"allow":["GET"]}}],"collection":[{"href":"https:\/\/www.claret.cat\/es\/wp-json\/wp\/v2\/product"}],"about":[{"href":"https:\/\/www.claret.cat\/es\/wp-json\/wp\/v2\/types\/product"}],"wp:featuredmedia":[{"embeddable":true,"href":"https:\/\/www.claret.cat\/es\/wp-json\/wp\/v2\/media\/61768"}],"wp:attachment":[{"href":"https:\/\/www.claret.cat\/es\/wp-json\/wp\/v2\/media?parent=46798"}],"wp:term":[{"taxonomy":"product_brand","embeddable":true,"href":"https:\/\/www.claret.cat\/es\/wp-json\/wp\/v2\/product_brand?post=46798"},{"taxonomy":"product_cat","embeddable":true,"href":"https:\/\/www.claret.cat\/es\/wp-json\/wp\/v2\/product_cat?post=46798"},{"taxonomy":"product_tag","embeddable":true,"href":"https:\/\/www.claret.cat\/es\/wp-json\/wp\/v2\/product_tag?post=46798"}],"curies":[{"name":"wp","href":"https:\/\/api.w.org\/{rel}","templated":true}]}}