{"id":46816,"date":"2022-10-02T22:28:26","date_gmt":"2022-10-02T20:28:26","guid":{"rendered":"http:\/\/dev.claret.cat\/producte\/con-sabor-a-dios-oraciones-para-la-esperanza\/"},"modified":"2024-05-02T05:36:35","modified_gmt":"2024-05-02T03:36:35","slug":"con-sabor-a-dios-oraciones-para-la-esperanza-9788428837620","status":"publish","type":"product","link":"https:\/\/www.claret.cat\/es\/libro\/con-sabor-a-dios-oraciones-para-la-esperanza-9788428837620\/","title":{"rendered":"CON SABOR A DIOS. ORACIONES PARA LA ESPERANZA"},"content":{"rendered":"<p>Meditaciones para todos los momentos de la vida. Ayuda para rezar con los santos y a partir de diferentes m\u00e9todos de oraci\u00f3n.<\/p>\n","protected":false},"excerpt":{"rendered":"<p>ARJONA GIL, JOS\u00c9<\/p>\n","protected":false},"featured_media":338299,"template":"","meta":{"_acf_changed":false,"om_disable_all_campaigns":false,"rs_blank_template":"","rs_page_bg_color":"","slide_template_v7":"","inline_featured_image":false,"_monsterinsights_skip_tracking":false,"_monsterinsights_sitenote_active":false,"_monsterinsights_sitenote_note":"","_monsterinsights_sitenote_category":0},"product_brand":[],"product_cat":[485,232,495,245],"product_tag":[],"class_list":{"0":"post-46816","1":"product","2":"type-product","3":"status-publish","4":"has-post-thumbnail","6":"product_cat-autores-espiritualidad-1_espiritualidad","7":"product_cat-autors-espiritualitat","8":"product_cat-diversa-espiritualidad-1_espiritualidad","9":"product_cat-diversa","11":"first","12":"instock","13":"taxable","14":"shipping-taxable","15":"purchasable","16":"product-type-simple"},"acf":{"autor":"ARJONA GIL, JOS\u00c9","codart":"842883762","libros-coleccion":"Manuales de Oraci\u00f3n","ediciones":"1","encuadernacion":"R\u00fastica","fecha_de_publicacion":"20\/12\/2021","novedad":"1","paginas":"210","subtitulo":"ORACIONES PARA LA ESPERANZA","orden":"0","portada":"0","idioma":"spa","editorial":[{"ID":6335,"post_author":"3","post_date":"2022-07-28 17:49:59","post_date_gmt":"2022-07-28 15:49:59","post_content":"","post_title":"PPC altres","post_excerpt":"","post_status":"publish","comment_status":"closed","ping_status":"closed","post_password":"","post_name":"ppc-altres","to_ping":"","pinged":"","post_modified":"2022-07-28 17:49:59","post_modified_gmt":"2022-07-28 15:49:59","post_content_filtered":"","post_parent":0,"guid":"http:\/\/dev.claret.cat\/editorial\/ppc-altres\/","menu_order":0,"post_type":"editorial","post_mime_type":"","comment_count":"0","filter":"raw"}],"autores-libros":[{"ID":5636,"post_author":"3","post_date":"2022-07-28 17:28:14","post_date_gmt":"2022-07-28 15:28:14","post_content":"","post_title":"JOS\u00c9 ARJONA GIL","post_excerpt":"","post_status":"publish","comment_status":"closed","ping_status":"closed","post_password":"","post_name":"jose-arjona-gil","to_ping":"","pinged":"","post_modified":"2022-07-28 17:28:14","post_modified_gmt":"2022-07-28 15:28:14","post_content_filtered":"","post_parent":0,"guid":"http:\/\/dev.claret.cat\/autor\/jose-arjona-gil\/","menu_order":0,"post_type":"autor","post_mime_type":"","comment_count":"0","filter":"raw"},{"ID":166815,"post_author":"3","post_date":"2022-10-14 18:06:16","post_date_gmt":"2022-10-14 16:06:16","post_content":"","post_title":"pbro.","post_excerpt":"","post_status":"publish","comment_status":"closed","ping_status":"closed","post_password":"","post_name":"pbro","to_ping":"","pinged":"","post_modified":"2022-10-14 18:06:16","post_modified_gmt":"2022-10-14 16:06:16","post_content_filtered":"","post_parent":0,"guid":"http:\/\/dev.claret.cat\/autor\/pbro\/","menu_order":0,"post_type":"autor","post_mime_type":"","comment_count":"0","filter":"raw"}]},"aioseo_notices":[],"_links":{"self":[{"href":"https:\/\/www.claret.cat\/es\/wp-json\/wp\/v2\/product\/46816","targetHints":{"allow":["GET"]}}],"collection":[{"href":"https:\/\/www.claret.cat\/es\/wp-json\/wp\/v2\/product"}],"about":[{"href":"https:\/\/www.claret.cat\/es\/wp-json\/wp\/v2\/types\/product"}],"wp:featuredmedia":[{"embeddable":true,"href":"https:\/\/www.claret.cat\/es\/wp-json\/wp\/v2\/media\/338299"}],"wp:attachment":[{"href":"https:\/\/www.claret.cat\/es\/wp-json\/wp\/v2\/media?parent=46816"}],"wp:term":[{"taxonomy":"product_brand","embeddable":true,"href":"https:\/\/www.claret.cat\/es\/wp-json\/wp\/v2\/product_brand?post=46816"},{"taxonomy":"product_cat","embeddable":true,"href":"https:\/\/www.claret.cat\/es\/wp-json\/wp\/v2\/product_cat?post=46816"},{"taxonomy":"product_tag","embeddable":true,"href":"https:\/\/www.claret.cat\/es\/wp-json\/wp\/v2\/product_tag?post=46816"}],"curies":[{"name":"wp","href":"https:\/\/api.w.org\/{rel}","templated":true}]}}