{"id":46825,"date":"2022-10-02T22:28:36","date_gmt":"2022-10-02T20:28:36","guid":{"rendered":"http:\/\/dev.claret.cat\/producte\/san-jose-el-mas-grande-con-jesus-y-maria\/"},"modified":"2024-09-27T12:05:40","modified_gmt":"2024-09-27T10:05:40","slug":"san-jose-el-mas-grande-con-jesus-y-maria-9788417204662","status":"publish","type":"product","link":"https:\/\/www.claret.cat\/es\/libro\/san-jose-el-mas-grande-con-jesus-y-maria-9788417204662\/","title":{"rendered":"SAN JOS\u00c9, EL M\u00c1S GRANDE CON JES\u00daS Y MAR\u00cdA"},"content":{"rendered":"<p>En el a\u00f1o de san Jos\u00e9, se ha visto la necesidad no solo de &#8216;Ir a Jos\u00e9&#8217;, que tanto se repite, sino tambi\u00e9n de acercar san Jos\u00e9 a los miembros de la Iglesia, de la que es Patrono celestial en los \u00faltimos 150 a\u00f1os. Si Jos\u00e9 fue el hombre fiel elegido por Dios para ser esposo de la Virgen Madre de Dios y padre legal de Jes\u00fas &#8211; de quienes estuvo siempre cerca cuid\u00e1ndolos -, \u00bfpor qu\u00e9 no va a estar san Jos\u00e9 cerca de quienes lo invocan y desean seguir su camino y su vida de santidad: somos miembros de la Iglesia, sucesores de Jes\u00fas y Mar\u00eda: su familia de hoy?<br \/> En este libro encuentra el lector los conocimientos b\u00e1sicos sobre qui\u00e9n fue Jos\u00e9, c\u00f3mo fue su vida, su entrega a solucionar las dificultades que encontr\u00f3 en su servicio a Jes\u00fas y a Mar\u00eda: su perfil biogr\u00e1fico, al hilo de los datos evang\u00e9licos, hist\u00f3ricos y eclesi\u00e1sticos: para seguirle hay que conocer sus pasos.<br \/> Y, muy importante, su poder de intercesi\u00f3n en el cielo, &#8216;junto a Jes\u00fas y Mar\u00eda&#8217;, que le obedecieron en la tierra y ahora en el cielo obtienen lo que le pedimos: &#8216;Le pido una cosa, y siempre la veo cumplida. Si va algo torcida la petici\u00f3n, \u00e9l la endereza para m\u00e1s bien m\u00edo&#8217;, dec\u00eda santa Teresa. Otros santos, y los papas de los \u00faltimos siglos, fueron tambi\u00e9n devotos de san Jos\u00e9, como ver\u00e1n quienes lean este libro de conocimientos y oraciones. \u00a1Y magn\u00edficos cuadros del joven Jos\u00e9!<br \/> Cierran la obra los dos documentos pontificios m\u00e1s importantes de los siglos XX y XXI sobre san Jos\u00e9: los textos completos de: la exhortaci\u00f3n apost\u00f3lica de san Juan Pablo II: &#8216;Redemptoris Custos&#8217; y la carta apost\u00f3lica de Francisco en el A\u00f1o de san Jos\u00e9: &#8216;Patris corde&#8217;.<\/p>\n","protected":false},"excerpt":{"rendered":"<p>MART\u00cdNEZ PUCHE, JOS\u00c9 ANTONIO<\/p>\n","protected":false},"featured_media":451708,"template":"","meta":{"_acf_changed":false,"om_disable_all_campaigns":false,"rs_blank_template":"","rs_page_bg_color":"","slide_template_v7":"","inline_featured_image":false,"_monsterinsights_skip_tracking":false,"_monsterinsights_sitenote_active":false,"_monsterinsights_sitenote_note":"","_monsterinsights_sitenote_category":0},"product_brand":[],"product_cat":[92,542],"product_tag":[],"class_list":{"0":"post-46825","1":"product","2":"type-product","3":"status-publish","4":"has-post-thumbnail","6":"product_cat-vida-religiosa","7":"product_cat-vida-religiosa-1_espiritualidad-spa","9":"first","10":"instock","11":"taxable","12":"shipping-taxable","13":"purchasable","14":"product-type-simple"},"acf":{"autor":"MART\u00cdNEZ PUCHE, JOS\u00c9 ANTONIO","codart":"841720466","libros-coleccion":"FORA DE COL.LECCI\u00d3","ediciones":"1","encuadernacion":"R\u00fastica","fecha_de_publicacion":"01\/12\/2021","novedad":"1","paginas":"247","subtitulo":"","orden":"0","portada":"0","idioma":"spa","editorial":[{"ID":147774,"post_author":"3","post_date":"2022-10-14 11:53:07","post_date_gmt":"2022-10-14 09:53:07","post_content":"","post_title":"EDIBESA","post_excerpt":"","post_status":"publish","comment_status":"closed","ping_status":"closed","post_password":"","post_name":"edibesa","to_ping":"","pinged":"","post_modified":"2022-10-14 11:53:07","post_modified_gmt":"2022-10-14 09:53:07","post_content_filtered":"","post_parent":0,"guid":"http:\/\/dev.claret.cat\/editorial\/edibesa\/","menu_order":0,"post_type":"editorial","post_mime_type":"","comment_count":"0","filter":"raw"}],"autores-libros":[{"ID":160180,"post_author":"3","post_date":"2022-10-14 15:50:56","post_date_gmt":"2022-10-14 13:50:56","post_content":"","post_title":"JOS\u00c9 ANTONIO MART\u00cdNEZ PUCHE","post_excerpt":"","post_status":"publish","comment_status":"closed","ping_status":"closed","post_password":"","post_name":"jose-antonio-martinez-puche","to_ping":"","pinged":"","post_modified":"2022-10-14 15:50:56","post_modified_gmt":"2022-10-14 13:50:56","post_content_filtered":"","post_parent":0,"guid":"http:\/\/dev.claret.cat\/autor\/jose-antonio-martinez-puche\/","menu_order":0,"post_type":"autor","post_mime_type":"","comment_count":"0","filter":"raw"}]},"aioseo_notices":[],"_links":{"self":[{"href":"https:\/\/www.claret.cat\/es\/wp-json\/wp\/v2\/product\/46825","targetHints":{"allow":["GET"]}}],"collection":[{"href":"https:\/\/www.claret.cat\/es\/wp-json\/wp\/v2\/product"}],"about":[{"href":"https:\/\/www.claret.cat\/es\/wp-json\/wp\/v2\/types\/product"}],"wp:featuredmedia":[{"embeddable":true,"href":"https:\/\/www.claret.cat\/es\/wp-json\/wp\/v2\/media\/451708"}],"wp:attachment":[{"href":"https:\/\/www.claret.cat\/es\/wp-json\/wp\/v2\/media?parent=46825"}],"wp:term":[{"taxonomy":"product_brand","embeddable":true,"href":"https:\/\/www.claret.cat\/es\/wp-json\/wp\/v2\/product_brand?post=46825"},{"taxonomy":"product_cat","embeddable":true,"href":"https:\/\/www.claret.cat\/es\/wp-json\/wp\/v2\/product_cat?post=46825"},{"taxonomy":"product_tag","embeddable":true,"href":"https:\/\/www.claret.cat\/es\/wp-json\/wp\/v2\/product_tag?post=46825"}],"curies":[{"name":"wp","href":"https:\/\/api.w.org\/{rel}","templated":true}]}}