{"id":46889,"date":"2022-10-02T22:29:26","date_gmt":"2022-10-02T20:29:26","guid":{"rendered":"http:\/\/dev.claret.cat\/producte\/comics-de-ciencia-dinosaurios-fosiles-y-plumas\/"},"modified":"2026-03-02T12:20:53","modified_gmt":"2026-03-02T11:20:53","slug":"comics-de-ciencia-dinosaurios-fosiles-y-plumas-9788467947618","status":"publish","type":"product","link":"https:\/\/www.claret.cat\/es\/libro\/comics-de-ciencia-dinosaurios-fosiles-y-plumas-9788467947618\/","title":{"rendered":"COMICS DE CIENCIA. DINOSAURIOS. F\u00d3SILES Y PLUMAS"},"content":{"rendered":"<p>\u00a1Excava en busca del conocimiento!ace 68 millones a\u00f1os, un Tyrannosaurus Rex acechaba a su presa en Norteam\u00e9rica. Hace 200 a\u00f1os, Mary Anning desenterraba un extra\u00f1o cr\u00e1neo fosilizado en Inglaterra. Y ahora, en el presente, \u00a1nuestra concepci\u00f3n sobre los dinosaurios no deja de cambiar a toda velocidad!escubre en este c\u00f3mic, a trav\u00e9s de la apasionante historia de la paleontolog\u00eda, todo lo que cre\u00edamos saber sobre estas fascinantes criaturas y todo lo que conocemos actualmente. MK Reed es la guionista de The Cute Girl Network y C\u00f3mics de ciencia. Dinosaurios entre otros. Tambi\u00e9n escribe y dibuja About a Bull, un webc\u00f3mic que adapta la mitolog\u00eda irlandesa. Actualmente vive en Portland, Oregon, con su alt\u00edsimo marido. oe Flood es un autor e ilustrador de c\u00f3mics, entre los cuales se incluyen Piratas del Caribe y Orcs: Forged for War. Para C\u00f3mics de ciencia ha colaborado en Dinosaurios. F\u00f3siles y plumas y en Sharks: Nature?s Perfect Hunter. Actualmente vive con su mujer e hija en Hudson Valley, Nueva York.<\/p>\n","protected":false},"excerpt":{"rendered":"<p>MK REED \/ JOE FLOOD<\/p>\n","protected":false},"featured_media":1087066,"template":"","meta":{"_acf_changed":false,"om_disable_all_campaigns":false,"rs_blank_template":"","rs_page_bg_color":"","slide_template_v7":"","inline_featured_image":false,"_monsterinsights_skip_tracking":false,"_monsterinsights_sitenote_active":false,"_monsterinsights_sitenote_note":"","_monsterinsights_sitenote_category":0},"product_brand":[],"product_cat":[554,104,364,134],"product_tag":[],"class_list":{"0":"post-46889","1":"product","2":"type-product","3":"status-publish","4":"has-post-thumbnail","6":"product_cat-ciencia-5_otras-spa","7":"product_cat-ciencia","8":"product_cat-comics-infantil-3_infantil-juvenil-spa","9":"product_cat-comics","11":"first","12":"outofstock","13":"taxable","14":"shipping-taxable","15":"purchasable","16":"product-type-simple"},"acf":{"autor":"MK REED \/ JOE FLOOD","codart":"846794761","libros-coleccion":"COMIC","ediciones":"1","encuadernacion":"Carton\u00e9","fecha_de_publicacion":"01\/12\/2021","novedad":"0","paginas":"128","subtitulo":"","orden":"0","portada":"0","idioma":"spa","editorial":[{"ID":6315,"post_author":"3","post_date":"2022-07-28 17:49:33","post_date_gmt":"2022-07-28 15:49:33","post_content":"","post_title":"NORMA EDITORIAL S.A","post_excerpt":"","post_status":"publish","comment_status":"closed","ping_status":"closed","post_password":"","post_name":"norma-editorial-s-a","to_ping":"","pinged":"","post_modified":"2022-07-28 17:49:33","post_modified_gmt":"2022-07-28 15:49:33","post_content_filtered":"","post_parent":0,"guid":"http:\/\/dev.claret.cat\/editorial\/norma-editorial-s-a\/","menu_order":0,"post_type":"editorial","post_mime_type":"","comment_count":"0","filter":"raw"}],"autores-libros":[{"ID":165259,"post_author":"3","post_date":"2022-10-14 17:53:44","post_date_gmt":"2022-10-14 15:53:44","post_content":"","post_title":"MK REED","post_excerpt":"","post_status":"publish","comment_status":"closed","ping_status":"closed","post_password":"","post_name":"mk-reed","to_ping":"","pinged":"","post_modified":"2022-10-14 17:53:44","post_modified_gmt":"2022-10-14 15:53:44","post_content_filtered":"","post_parent":0,"guid":"http:\/\/dev.claret.cat\/autor\/mk-reed\/","menu_order":0,"post_type":"autor","post_mime_type":"","comment_count":"0","filter":"raw"},{"ID":159556,"post_author":"3","post_date":"2022-10-14 15:45:49","post_date_gmt":"2022-10-14 13:45:49","post_content":"","post_title":"JOE FLOOD","post_excerpt":"","post_status":"publish","comment_status":"closed","ping_status":"closed","post_password":"","post_name":"joe-flood","to_ping":"","pinged":"","post_modified":"2022-10-14 15:45:49","post_modified_gmt":"2022-10-14 13:45:49","post_content_filtered":"","post_parent":0,"guid":"http:\/\/dev.claret.cat\/autor\/joe-flood\/","menu_order":0,"post_type":"autor","post_mime_type":"","comment_count":"0","filter":"raw"}],"booktrailer":"","resenas":""},"aioseo_notices":[],"_links":{"self":[{"href":"https:\/\/www.claret.cat\/es\/wp-json\/wp\/v2\/product\/46889","targetHints":{"allow":["GET"]}}],"collection":[{"href":"https:\/\/www.claret.cat\/es\/wp-json\/wp\/v2\/product"}],"about":[{"href":"https:\/\/www.claret.cat\/es\/wp-json\/wp\/v2\/types\/product"}],"wp:featuredmedia":[{"embeddable":true,"href":"https:\/\/www.claret.cat\/es\/wp-json\/wp\/v2\/media\/1087066"}],"wp:attachment":[{"href":"https:\/\/www.claret.cat\/es\/wp-json\/wp\/v2\/media?parent=46889"}],"wp:term":[{"taxonomy":"product_brand","embeddable":true,"href":"https:\/\/www.claret.cat\/es\/wp-json\/wp\/v2\/product_brand?post=46889"},{"taxonomy":"product_cat","embeddable":true,"href":"https:\/\/www.claret.cat\/es\/wp-json\/wp\/v2\/product_cat?post=46889"},{"taxonomy":"product_tag","embeddable":true,"href":"https:\/\/www.claret.cat\/es\/wp-json\/wp\/v2\/product_tag?post=46889"}],"curies":[{"name":"wp","href":"https:\/\/api.w.org\/{rel}","templated":true}]}}