{"id":46895,"date":"2022-10-02T22:29:31","date_gmt":"2022-10-02T20:29:31","guid":{"rendered":"http:\/\/dev.claret.cat\/producte\/musclos-per-sopar\/"},"modified":"2025-02-01T01:59:53","modified_gmt":"2025-02-01T00:59:53","slug":"musclos-per-sopar-9788418908132","status":"publish","type":"product","link":"https:\/\/www.claret.cat\/es\/libro\/musclos-per-sopar-9788418908132\/","title":{"rendered":"MUSCLOS PER SOPAR"},"content":{"rendered":"<p>Un vespre, una mod\u00e8lica fam\u00edlia alemanya espera la tornada del pare, el cap de casa, que ve d&#8217;un viatge de negocis que ha de suposar un ascens laboral i social. Han preparat musclos per sopar, el seu plat preferit, tot i que a cap dels altres els agraden especialment. Per\u00f2 passen les hores i el pare no arriba&#8230; Mare, fill i filla comencen a parlar i a poc a poc es va gestant una revolta que posar\u00e0 en q\u00fcesti\u00f3 el sistema patriarcal al qual es troben sotmesos.<\/p>\n","protected":false},"excerpt":{"rendered":"<p>VANDERBEKE, BIRGIT<\/p>\n","protected":false},"featured_media":390549,"template":"","meta":{"_acf_changed":false,"om_disable_all_campaigns":false,"rs_blank_template":"","rs_page_bg_color":"","slide_template_v7":"","inline_featured_image":false,"_monsterinsights_skip_tracking":false,"_monsterinsights_sitenote_active":false,"_monsterinsights_sitenote_note":"","_monsterinsights_sitenote_category":0},"product_brand":[],"product_cat":[354,123],"product_tag":[],"class_list":{"0":"post-46895","1":"product","2":"type-product","3":"status-publish","4":"has-post-thumbnail","6":"product_cat-clasica","7":"product_cat-classica","9":"first","10":"instock","11":"taxable","12":"shipping-taxable","13":"purchasable","14":"product-type-simple"},"acf":{"autor":"VANDERBEKE, BIRGIT","codart":"841890813","libros-coleccion":"Petits Plaers","ediciones":"1","encuadernacion":"R\u00fastica","fecha_de_publicacion":"01\/10\/2021","novedad":"1","paginas":"144","subtitulo":"","orden":"0","portada":"0","idioma":"cat","editorial":[{"ID":6392,"post_author":"3","post_date":"2022-07-28 17:51:10","post_date_gmt":"2022-07-28 15:51:10","post_content":"","post_title":"Viena","post_excerpt":"","post_status":"publish","comment_status":"closed","ping_status":"closed","post_password":"","post_name":"viena","to_ping":"","pinged":"","post_modified":"2022-07-28 17:51:10","post_modified_gmt":"2022-07-28 15:51:10","post_content_filtered":"","post_parent":0,"guid":"http:\/\/dev.claret.cat\/editorial\/viena\/","menu_order":0,"post_type":"editorial","post_mime_type":"","comment_count":"0","filter":"raw"}],"autores-libros":[{"ID":151723,"post_author":"3","post_date":"2022-10-14 14:43:07","post_date_gmt":"2022-10-14 12:43:07","post_content":"","post_title":"BIRGIT VANDERBEKE","post_excerpt":"","post_status":"publish","comment_status":"closed","ping_status":"closed","post_password":"","post_name":"birgit-vanderbeke","to_ping":"","pinged":"","post_modified":"2022-10-14 14:43:07","post_modified_gmt":"2022-10-14 12:43:07","post_content_filtered":"","post_parent":0,"guid":"http:\/\/dev.claret.cat\/autor\/birgit-vanderbeke\/","menu_order":0,"post_type":"autor","post_mime_type":"","comment_count":"0","filter":"raw"}]},"aioseo_notices":[],"_links":{"self":[{"href":"https:\/\/www.claret.cat\/es\/wp-json\/wp\/v2\/product\/46895","targetHints":{"allow":["GET"]}}],"collection":[{"href":"https:\/\/www.claret.cat\/es\/wp-json\/wp\/v2\/product"}],"about":[{"href":"https:\/\/www.claret.cat\/es\/wp-json\/wp\/v2\/types\/product"}],"wp:featuredmedia":[{"embeddable":true,"href":"https:\/\/www.claret.cat\/es\/wp-json\/wp\/v2\/media\/390549"}],"wp:attachment":[{"href":"https:\/\/www.claret.cat\/es\/wp-json\/wp\/v2\/media?parent=46895"}],"wp:term":[{"taxonomy":"product_brand","embeddable":true,"href":"https:\/\/www.claret.cat\/es\/wp-json\/wp\/v2\/product_brand?post=46895"},{"taxonomy":"product_cat","embeddable":true,"href":"https:\/\/www.claret.cat\/es\/wp-json\/wp\/v2\/product_cat?post=46895"},{"taxonomy":"product_tag","embeddable":true,"href":"https:\/\/www.claret.cat\/es\/wp-json\/wp\/v2\/product_tag?post=46895"}],"curies":[{"name":"wp","href":"https:\/\/api.w.org\/{rel}","templated":true}]}}