{"id":46907,"date":"2022-10-02T22:29:42","date_gmt":"2022-10-02T20:29:42","guid":{"rendered":"http:\/\/dev.claret.cat\/producte\/las-recetas-de-saul-craviotto\/"},"modified":"2023-01-28T20:41:21","modified_gmt":"2023-01-28T19:41:21","slug":"las-recetas-de-saul-craviotto-9788441544932","status":"publish","type":"product","link":"https:\/\/www.claret.cat\/es\/libro\/las-recetas-de-saul-craviotto-9788441544932\/","title":{"rendered":"LAS RECETAS DE SA\u00daL CRAVIOTTO"},"content":{"rendered":"<p>En este libro vas a encontrar recetas de estilo m\u00e1s tradicional, las de siempre, las que podemos preparar con m\u00e1s tiempo y mimo, como puede ser la fabada, el marmitako o una fideu\u00e1.<\/p>\n<p> Tambi\u00e9n hay una selecci\u00f3n de postres para los m\u00e1s golosos, los que hacen que una comida sea perfecta del todo, ese momento que todo el mundo espera con la cucharilla en la mano una vez que han acabado de comer.<\/p>\n<p> Como deportista que soy, tambi\u00e9n puedes encontrar una selecci\u00f3n de las recetas de mi d\u00eda a d\u00eda, tanto para comer o cenar como para desayunar, y recetas perfectas para estar a tope antes de hacer ejercicio y recuperar despu\u00e9s de haber entrenado.<\/p>\n<p> Y no pod\u00edan faltar esos ricos bowls de Celia que tanto disfrutamos en casa, recetas dulces y saladas elaboradas de forma sencilla y saludable con ingredientes frescos y naturales.<\/p>\n<p> En definitiva, es un resumen de mi vida llevada a un libro de cocina, con su lado m\u00e1s deportivo y su lado m\u00e1s familiar, dos pilares imprescindibles en mi existencia.<\/p>\n","protected":false},"excerpt":{"rendered":"<p>CRAVIOTTO, SA\u00daL<\/p>\n","protected":false},"featured_media":61854,"template":"","meta":{"_acf_changed":false,"om_disable_all_campaigns":false,"rs_blank_template":"","rs_page_bg_color":"","slide_template_v7":"","inline_featured_image":false,"_monsterinsights_skip_tracking":false,"_monsterinsights_sitenote_active":false,"_monsterinsights_sitenote_note":"","_monsterinsights_sitenote_category":0},"product_brand":[],"product_cat":[103],"product_tag":[],"class_list":{"0":"post-46907","1":"product","2":"type-product","3":"status-publish","4":"has-post-thumbnail","6":"product_cat-cuina","8":"first","9":"instock","10":"taxable","11":"shipping-taxable","12":"purchasable","13":"product-type-simple"},"acf":{"autor":"CRAVIOTTO, SA\u00daL","codart":"844154493","libros-coleccion":"","ediciones":"1","encuadernacion":"R\u00fastica","fecha_de_publicacion":"01\/11\/2021","novedad":"1","paginas":"223","subtitulo":"COMIDA FAMILIAR, DIVERTIDA Y SALUDABLE","orden":"0","portada":"0","idioma":"spa","editorial":[{"ID":147434,"post_author":"3","post_date":"2022-10-14 11:50:33","post_date_gmt":"2022-10-14 09:50:33","post_content":"","post_title":"ANAYA MULTIMEDIA","post_excerpt":"","post_status":"publish","comment_status":"closed","ping_status":"closed","post_password":"","post_name":"anaya-multimedia","to_ping":"","pinged":"","post_modified":"2022-10-14 11:50:33","post_modified_gmt":"2022-10-14 09:50:33","post_content_filtered":"","post_parent":0,"guid":"http:\/\/dev.claret.cat\/editorial\/anaya-multimedia\/","menu_order":0,"post_type":"editorial","post_mime_type":"","comment_count":"0","filter":"raw"}],"autores-libros":[{"ID":169191,"post_author":"3","post_date":"2022-10-14 22:25:13","post_date_gmt":"2022-10-14 20:25:13","post_content":"","post_title":"SA\u00daL CRAVIOTTO","post_excerpt":"","post_status":"publish","comment_status":"closed","ping_status":"closed","post_password":"","post_name":"saul-craviotto","to_ping":"","pinged":"","post_modified":"2022-10-14 22:25:13","post_modified_gmt":"2022-10-14 20:25:13","post_content_filtered":"","post_parent":0,"guid":"http:\/\/dev.claret.cat\/autor\/saul-craviotto\/","menu_order":0,"post_type":"autor","post_mime_type":"","comment_count":"0","filter":"raw"}]},"aioseo_notices":[],"_links":{"self":[{"href":"https:\/\/www.claret.cat\/es\/wp-json\/wp\/v2\/product\/46907","targetHints":{"allow":["GET"]}}],"collection":[{"href":"https:\/\/www.claret.cat\/es\/wp-json\/wp\/v2\/product"}],"about":[{"href":"https:\/\/www.claret.cat\/es\/wp-json\/wp\/v2\/types\/product"}],"wp:featuredmedia":[{"embeddable":true,"href":"https:\/\/www.claret.cat\/es\/wp-json\/wp\/v2\/media\/61854"}],"wp:attachment":[{"href":"https:\/\/www.claret.cat\/es\/wp-json\/wp\/v2\/media?parent=46907"}],"wp:term":[{"taxonomy":"product_brand","embeddable":true,"href":"https:\/\/www.claret.cat\/es\/wp-json\/wp\/v2\/product_brand?post=46907"},{"taxonomy":"product_cat","embeddable":true,"href":"https:\/\/www.claret.cat\/es\/wp-json\/wp\/v2\/product_cat?post=46907"},{"taxonomy":"product_tag","embeddable":true,"href":"https:\/\/www.claret.cat\/es\/wp-json\/wp\/v2\/product_tag?post=46907"}],"curies":[{"name":"wp","href":"https:\/\/api.w.org\/{rel}","templated":true}]}}