{"id":46952,"date":"2022-10-02T22:30:25","date_gmt":"2022-10-02T20:30:25","guid":{"rendered":"http:\/\/dev.claret.cat\/producte\/tienes-un-regalo-los-evangelios-62-poster\/"},"modified":"2025-11-27T19:43:36","modified_gmt":"2025-11-27T18:43:36","slug":"tienes-un-regalo-los-evangelios-62-poster-9788413790879","status":"publish","type":"product","link":"https:\/\/www.claret.cat\/es\/libro\/tienes-un-regalo-los-evangelios-62-poster-9788413790879\/","title":{"rendered":"TIENES UN REGALO: LOS EVANGELIOS &#8211; 62 &#8211; POSTER"},"content":{"rendered":"<p>La entrega de los evangelios a quienes acaban de hacer la Primera Comuni\u00f3n o est\u00e1n en v\u00edsperas de hacerla, conviene hacerse dentro de la celebraci\u00f3n de la Eucarist\u00eda.<\/p>\n<p> El p\u00f3ster propone y explica, de forma gr\u00e1fica y did\u00e1ctica, las claves para trabajar esta nueva entrega.<\/p>\n<p> \u00abEn la misa no leemos el Evangelio para saber c\u00f3mo han ido las cosas, sino que escuchamos el Evangelio para tomar conciencia de que lo que Jes\u00fas hizo y dijo una vez; y esa Palabra est\u00e1 viva, la Palabra de Jes\u00fas que est\u00e1 en el Evangelio est\u00e1 viva y llega a mi coraz\u00f3n. Por eso escuchar el Evangelio es tan importante, con el coraz\u00f3n abierto, porque es Palabra viva. San Agust\u00edn escribe que la boca de Cristo es el Evangelio. \u00c9l reina en el cielo, pero no deja de hablar en la tierra. Si es verdad que en la liturgia Cristo sigue anunciando el Evangelio, se deduce que, al participar en la misa, debemos darle una respuesta. Nosotros escuchamos el Evangelio y tenemos que responder con nuestra vida\u00bb. (Papa Francisco)<\/p>\n","protected":false},"excerpt":{"rendered":"<p>GARC\u00cdA MOURELO, SANTIAGO; FANO (ilustraci\u00f3n)<\/p>\n","protected":false},"featured_media":1068897,"template":"","meta":{"_acf_changed":false,"om_disable_all_campaigns":false,"rs_blank_template":"","rs_page_bg_color":"","slide_template_v7":"","inline_featured_image":false,"_monsterinsights_skip_tracking":false,"_monsterinsights_sitenote_active":false,"_monsterinsights_sitenote_note":"","_monsterinsights_sitenote_category":0},"product_brand":[],"product_cat":[230,391],"product_tag":[],"class_list":{"0":"post-46952","1":"product","2":"type-product","3":"status-publish","4":"has-post-thumbnail","6":"product_cat-jocs-cancons-i-dances","7":"product_cat-juegos-canciones-y-danzas","9":"first","10":"outofstock","11":"taxable","12":"shipping-taxable","13":"purchasable","14":"product-type-simple"},"acf":{"autor":"GARC\u00cdA MOURELO, SANTIAGO; FANO (ilustraci\u00f3n)","codart":"841379087","libros-coleccion":"FORA DE COL.LECCI\u00d3","ediciones":"1","encuadernacion":"R\u00fastica","fecha_de_publicacion":"17\/12\/2021","novedad":"1","paginas":"16","subtitulo":"P\u00d3STERS CATEQUISTAS N\u00ba 62","orden":"0","portada":"0","idioma":"spa","editorial":[{"ID":6155,"post_author":"3","post_date":"2022-07-28 17:46:04","post_date_gmt":"2022-07-28 15:46:04","post_content":"","post_title":"Central Catequ\u00edstica Salesiana","post_excerpt":"","post_status":"publish","comment_status":"closed","ping_status":"closed","post_password":"","post_name":"central-catequistica-salesiana","to_ping":"","pinged":"","post_modified":"2022-07-28 17:46:04","post_modified_gmt":"2022-07-28 15:46:04","post_content_filtered":"","post_parent":0,"guid":"http:\/\/dev.claret.cat\/editorial\/central-catequistica-salesiana\/","menu_order":0,"post_type":"editorial","post_mime_type":"","comment_count":"0","filter":"raw"}],"autores-libros":[{"ID":155639,"post_author":"3","post_date":"2022-10-14 15:14:26","post_date_gmt":"2022-10-14 13:14:26","post_content":"","post_title":"FANO (ilustraci\u00f3n)","post_excerpt":"","post_status":"publish","comment_status":"closed","ping_status":"closed","post_password":"","post_name":"fano-ilustracion","to_ping":"","pinged":"","post_modified":"2022-10-14 15:14:26","post_modified_gmt":"2022-10-14 13:14:26","post_content_filtered":"","post_parent":0,"guid":"http:\/\/dev.claret.cat\/autor\/fano-ilustracion\/","menu_order":0,"post_type":"autor","post_mime_type":"","comment_count":"0","filter":"raw"},{"ID":169045,"post_author":"3","post_date":"2022-10-14 22:24:02","post_date_gmt":"2022-10-14 20:24:02","post_content":"","post_title":"SANTIAGO GARC\u00cdA MOURELO","post_excerpt":"","post_status":"publish","comment_status":"closed","ping_status":"closed","post_password":"","post_name":"santiago-garcia-mourelo","to_ping":"","pinged":"","post_modified":"2022-10-14 22:24:02","post_modified_gmt":"2022-10-14 20:24:02","post_content_filtered":"","post_parent":0,"guid":"http:\/\/dev.claret.cat\/autor\/santiago-garcia-mourelo\/","menu_order":0,"post_type":"autor","post_mime_type":"","comment_count":"0","filter":"raw"}],"booktrailer":"","resenas":""},"aioseo_notices":[],"_links":{"self":[{"href":"https:\/\/www.claret.cat\/es\/wp-json\/wp\/v2\/product\/46952","targetHints":{"allow":["GET"]}}],"collection":[{"href":"https:\/\/www.claret.cat\/es\/wp-json\/wp\/v2\/product"}],"about":[{"href":"https:\/\/www.claret.cat\/es\/wp-json\/wp\/v2\/types\/product"}],"wp:featuredmedia":[{"embeddable":true,"href":"https:\/\/www.claret.cat\/es\/wp-json\/wp\/v2\/media\/1068897"}],"wp:attachment":[{"href":"https:\/\/www.claret.cat\/es\/wp-json\/wp\/v2\/media?parent=46952"}],"wp:term":[{"taxonomy":"product_brand","embeddable":true,"href":"https:\/\/www.claret.cat\/es\/wp-json\/wp\/v2\/product_brand?post=46952"},{"taxonomy":"product_cat","embeddable":true,"href":"https:\/\/www.claret.cat\/es\/wp-json\/wp\/v2\/product_cat?post=46952"},{"taxonomy":"product_tag","embeddable":true,"href":"https:\/\/www.claret.cat\/es\/wp-json\/wp\/v2\/product_tag?post=46952"}],"curies":[{"name":"wp","href":"https:\/\/api.w.org\/{rel}","templated":true}]}}