{"id":46964,"date":"2022-10-02T22:30:36","date_gmt":"2022-10-02T20:30:36","guid":{"rendered":"http:\/\/dev.claret.cat\/producte\/homilias-sobre-la-carta-a-los-efesios\/"},"modified":"2024-10-21T19:36:11","modified_gmt":"2024-10-21T17:36:11","slug":"homilias-sobre-la-carta-a-los-efesios-9788497155120","status":"publish","type":"product","link":"https:\/\/www.claret.cat\/es\/libro\/homilias-sobre-la-carta-a-los-efesios-9788497155120\/","title":{"rendered":"HOMIL\u00cdAS SOBRE LA CARTA A LOS EFESIOS"},"content":{"rendered":"<p>Entre los comentarios m\u00e1s selectos del Cris\u00f3stomo (345-407) a los escritos de san Pablo se encuentran estas Homil\u00edas a la Carta a los Efesios; ciertamente porque tratan las cosas m\u00e1s importantes y se explican con mayor rigor, a la vez que se hacen aquellas oportunas indicaciones de inter\u00e9s para conseguir una vida m\u00e1s feliz para el ser humano.<\/p>\n<p> Los comentarios del Cris\u00f3stomo a la Carta a los Efesios del ap\u00f3stol san Pablo se encuentran repartidos entre veinticuatro homil\u00edas de parecida extensi\u00f3n, si hacemos excepci\u00f3n de la Homil\u00eda octava, que es un poco m\u00e1s amplia que el resto. En este conjunto homil\u00e9tico el Padre de la Iglesia va desgranando sus observaciones a cada uno de los cap\u00edtulos que componen el escrito paulino.<\/p>\n<p> Las Homil\u00edas del Cris\u00f3stomo van precedidas de un Argumento en el que el orador antioqueno sit\u00faa a los oyentes en el lugar en que seg\u00fan \u00e9l se encontraban los destinatarios de la Carta a los Efesios de san Pablo. En efecto, recuerda a su auditorio algunos aspectos caracter\u00edsticos e importantes de la ciudad de \u00c9feso.<\/p>\n<p> A modo de resumen se puede decir que, para el orador antioqueno, como para san Pablo, Dios nos eligi\u00f3 para que fu\u00e9semos santos, pero \u00absanto\u00bb es el que participa de la fe y a la vez es inmaculado porque persigue una vida sin tacha. De esta confluencia nace la amistad que el cristiano debe procurar con Dios, pues \u00c9l nos ha dado a conocer lo que tiene en su coraz\u00f3n.<\/p>\n<p> Las Homil\u00edas de este volumen se publican por primera vez en versi\u00f3n castellana.<\/p>\n","protected":false},"excerpt":{"rendered":"<p>JUAN CRIS\u00d3STOMO<\/p>\n","protected":false},"featured_media":387785,"template":"","meta":{"_acf_changed":false,"om_disable_all_campaigns":false,"rs_blank_template":"","rs_page_bg_color":"","slide_template_v7":"","inline_featured_image":false,"_monsterinsights_skip_tracking":false,"_monsterinsights_sitenote_active":false,"_monsterinsights_sitenote_note":"","_monsterinsights_sitenote_category":0},"product_brand":[],"product_cat":[468,207,205,466],"product_tag":[],"class_list":{"0":"post-46964","1":"product","2":"type-product","3":"status-publish","4":"has-post-thumbnail","6":"product_cat-epistolas-catolicas","7":"product_cat-epistoles-catoliques","8":"product_cat-fets-dels-apostols","9":"product_cat-hechos-de-los-apostoles","11":"first","12":"instock","13":"taxable","14":"shipping-taxable","15":"purchasable","16":"product-type-simple"},"acf":{"autor":"JUAN CRIS\u00d3STOMO","codart":"849715512","libros-coleccion":"Biblioteca de Patr\u00edstica","ediciones":"1","encuadernacion":"R\u00fastica","fecha_de_publicacion":"15\/12\/2021","novedad":"1","paginas":"480","subtitulo":"","orden":"0","portada":"0","idioma":"spa","editorial":[{"ID":6157,"post_author":"3","post_date":"2022-07-28 17:46:07","post_date_gmt":"2022-07-28 15:46:07","post_content":"","post_title":"Ciudad Nueva","post_excerpt":"","post_status":"publish","comment_status":"closed","ping_status":"closed","post_password":"","post_name":"ciudad-nueva","to_ping":"","pinged":"","post_modified":"2022-07-28 17:46:07","post_modified_gmt":"2022-07-28 15:46:07","post_content_filtered":"","post_parent":0,"guid":"http:\/\/dev.claret.cat\/editorial\/ciudad-nueva\/","menu_order":0,"post_type":"editorial","post_mime_type":"","comment_count":"0","filter":"raw"}],"autores-libros":[{"ID":5676,"post_author":"3","post_date":"2022-07-28 17:29:06","post_date_gmt":"2022-07-28 15:29:06","post_content":"","post_title":"JUAN CRIS\u00d3STOMO","post_excerpt":"","post_status":"publish","comment_status":"closed","ping_status":"closed","post_password":"","post_name":"juan-crisostomo","to_ping":"","pinged":"","post_modified":"2022-07-28 17:29:06","post_modified_gmt":"2022-07-28 15:29:06","post_content_filtered":"","post_parent":0,"guid":"http:\/\/dev.claret.cat\/autor\/juan-crisostomo\/","menu_order":0,"post_type":"autor","post_mime_type":"","comment_count":"0","filter":"raw"}]},"aioseo_notices":[],"_links":{"self":[{"href":"https:\/\/www.claret.cat\/es\/wp-json\/wp\/v2\/product\/46964","targetHints":{"allow":["GET"]}}],"collection":[{"href":"https:\/\/www.claret.cat\/es\/wp-json\/wp\/v2\/product"}],"about":[{"href":"https:\/\/www.claret.cat\/es\/wp-json\/wp\/v2\/types\/product"}],"wp:featuredmedia":[{"embeddable":true,"href":"https:\/\/www.claret.cat\/es\/wp-json\/wp\/v2\/media\/387785"}],"wp:attachment":[{"href":"https:\/\/www.claret.cat\/es\/wp-json\/wp\/v2\/media?parent=46964"}],"wp:term":[{"taxonomy":"product_brand","embeddable":true,"href":"https:\/\/www.claret.cat\/es\/wp-json\/wp\/v2\/product_brand?post=46964"},{"taxonomy":"product_cat","embeddable":true,"href":"https:\/\/www.claret.cat\/es\/wp-json\/wp\/v2\/product_cat?post=46964"},{"taxonomy":"product_tag","embeddable":true,"href":"https:\/\/www.claret.cat\/es\/wp-json\/wp\/v2\/product_tag?post=46964"}],"curies":[{"name":"wp","href":"https:\/\/api.w.org\/{rel}","templated":true}]}}