{"id":46979,"date":"2022-10-02T22:30:49","date_gmt":"2022-10-02T20:30:49","guid":{"rendered":"http:\/\/dev.claret.cat\/producte\/manual-practico-de-mindfulness-para-el-ambito-escolar\/"},"modified":"2025-09-19T19:05:56","modified_gmt":"2025-09-19T17:05:56","slug":"manual-practico-de-mindfulness-para-el-ambito-escolar-9788433031624","status":"publish","type":"product","link":"https:\/\/www.claret.cat\/es\/libro\/manual-practico-de-mindfulness-para-el-ambito-escolar-9788433031624\/","title":{"rendered":"MANUAL PR\u00c1CTICO DE MINDFULNESS PARA EL \u00c1MBITO ESCOLAR"},"content":{"rendered":"<p>Las etapas de Infantil y Primaria son ideales para trabajar la atenci\u00f3n consciente a trav\u00e9s de juegos, visualizaciones, pr\u00e1cticas de pie, sentados, tumbados, paseos meditativos, danzas y rituales. Tienes en tus manos m\u00e1s de 100 propuestas que surgen de la pr\u00e1ctica docente diaria, con descripciones detalladas para llevarlas a cabo. La experiencia nos ha ido ense\u00f1ando que hay detalles importantes que se deben tener en cuenta para que la pr\u00e1ctica sea exitosa. Uno de los criterios fundamentales que nutren todos los ejercicios es la sencillez en su ejecuci\u00f3n. Este planteamiento sencillo, a la vez que riguroso, facilita su puesta en pr\u00e1ctica.<br \/> Muchas de las propuestas que presentamos no se agotan en s\u00ed mismas. Planteamos diversos ejemplos para desentra\u00f1ar la arquitectura interna que las sustenta, y os animamos a profundizar en ellas. Se trata por tanto de un manual pr\u00e1ctico, para tener a mano, hacer anotaciones, completar, ampliar. En definitiva, un libro de trabajo.<\/p>\n<p> Lorenzo S\u00e1nchez Ramos es licenciado en Psicolog\u00eda, bachiller en Teolog\u00eda y diplomado en Magisterio. Educador por vocaci\u00f3n, ejerce su actividad docente en el Colegio Montpellier de Madrid. Experto Universitario en Educaci\u00f3n de la Interioridad en Centros Educativos y formador de educadores. Titulado Superior Universitario en Mindfulness y Gesti\u00f3n Emocional. Autor de varias publicaciones sobre Meditaci\u00f3n, Mindfulness e Inteligencia Espiritual.<\/p>\n","protected":false},"excerpt":{"rendered":"<p>S\u00c1NCHEZ RAMOS, LORENZO<\/p>\n","protected":false},"featured_media":347297,"template":"","meta":{"_acf_changed":false,"om_disable_all_campaigns":false,"rs_blank_template":"","rs_page_bg_color":"","slide_template_v7":"","inline_featured_image":false,"_monsterinsights_skip_tracking":false,"_monsterinsights_sitenote_active":false,"_monsterinsights_sitenote_note":"","_monsterinsights_sitenote_category":0},"product_brand":[],"product_cat":[179,377],"product_tag":[],"class_list":{"0":"post-46979","1":"product","2":"type-product","3":"status-publish","4":"has-post-thumbnail","6":"product_cat-autoajuda-i-salut-mental","7":"product_cat-autoayuda-y-salud-mental","9":"first","10":"instock","11":"taxable","12":"shipping-taxable","13":"purchasable","14":"product-type-simple"},"acf":{"autor":"S\u00c1NCHEZ RAMOS, LORENZO","codart":"843303162","libros-coleccion":"Aprender a ser","ediciones":"1","encuadernacion":"R\u00fastica","fecha_de_publicacion":"14\/12\/2021","novedad":"1","paginas":"232","subtitulo":"INFANTIL Y PRIMARIA","orden":"0","portada":"0","idioma":"spa","editorial":[{"ID":6179,"post_author":"3","post_date":"2022-07-28 17:46:36","post_date_gmt":"2022-07-28 15:46:36","post_content":"","post_title":"DESCLEE DE BROUWER","post_excerpt":"","post_status":"publish","comment_status":"closed","ping_status":"closed","post_password":"","post_name":"desclee-de-brouwer","to_ping":"","pinged":"","post_modified":"2022-07-28 17:46:36","post_modified_gmt":"2022-07-28 15:46:36","post_content_filtered":"","post_parent":0,"guid":"http:\/\/dev.claret.cat\/editorial\/desclee-de-brouwer\/","menu_order":0,"post_type":"editorial","post_mime_type":"","comment_count":"0","filter":"raw"}],"autores-libros":[{"ID":5738,"post_author":"3","post_date":"2022-07-28 17:30:24","post_date_gmt":"2022-07-28 15:30:24","post_content":"","post_title":"LORENZO S\u00c1NCHEZ RAMOS","post_excerpt":"","post_status":"publish","comment_status":"closed","ping_status":"closed","post_password":"","post_name":"lorenzo-sanchez-ramos","to_ping":"","pinged":"","post_modified":"2022-07-28 17:30:24","post_modified_gmt":"2022-07-28 15:30:24","post_content_filtered":"","post_parent":0,"guid":"http:\/\/dev.claret.cat\/autor\/lorenzo-sanchez-ramos\/","menu_order":0,"post_type":"autor","post_mime_type":"","comment_count":"0","filter":"raw"}],"booktrailer":"","resenas":""},"aioseo_notices":[],"_links":{"self":[{"href":"https:\/\/www.claret.cat\/es\/wp-json\/wp\/v2\/product\/46979","targetHints":{"allow":["GET"]}}],"collection":[{"href":"https:\/\/www.claret.cat\/es\/wp-json\/wp\/v2\/product"}],"about":[{"href":"https:\/\/www.claret.cat\/es\/wp-json\/wp\/v2\/types\/product"}],"wp:featuredmedia":[{"embeddable":true,"href":"https:\/\/www.claret.cat\/es\/wp-json\/wp\/v2\/media\/347297"}],"wp:attachment":[{"href":"https:\/\/www.claret.cat\/es\/wp-json\/wp\/v2\/media?parent=46979"}],"wp:term":[{"taxonomy":"product_brand","embeddable":true,"href":"https:\/\/www.claret.cat\/es\/wp-json\/wp\/v2\/product_brand?post=46979"},{"taxonomy":"product_cat","embeddable":true,"href":"https:\/\/www.claret.cat\/es\/wp-json\/wp\/v2\/product_cat?post=46979"},{"taxonomy":"product_tag","embeddable":true,"href":"https:\/\/www.claret.cat\/es\/wp-json\/wp\/v2\/product_tag?post=46979"}],"curies":[{"name":"wp","href":"https:\/\/api.w.org\/{rel}","templated":true}]}}