{"id":47084,"date":"2022-10-02T22:33:03","date_gmt":"2022-10-02T20:33:03","guid":{"rendered":"http:\/\/dev.claret.cat\/producte\/nus-schiele\/"},"modified":"2023-01-28T05:15:14","modified_gmt":"2023-01-28T04:15:14","slug":"nus-schiele-9788473293211","status":"publish","type":"product","link":"https:\/\/www.claret.cat\/es\/libro\/nus-schiele-9788473293211\/","title":{"rendered":"NUS SCHIELE"},"content":{"rendered":"<p>Vint poemes d&#8217;Eva Baltasar que responen a vint nus de dona que Egon Schiele va pintar del 1910 al 1917. Baltasar ha escrit &#8221;Nus Schiele&#8221; al mateix temps que el tr\u00edptic que va de &#8221;Permagel&#8221; a &#8221;Mamut&#8221;: n&#8217;\u00e9s el fons subterrani, el pinyol. <br \/> Impr\u00e8s en plom a L&#8217;Autom\u00e0tica de Gr\u00e0cia, \u00e9s un llibre artesanal, de tirada limitada.<\/p>\n","protected":false},"excerpt":{"rendered":"<p>BALTASAR, EVA<\/p>\n","protected":false},"featured_media":61986,"template":"","meta":{"_acf_changed":false,"om_disable_all_campaigns":false,"rs_blank_template":"","rs_page_bg_color":"","slide_template_v7":"","inline_featured_image":false,"_monsterinsights_skip_tracking":false,"_monsterinsights_sitenote_active":false,"_monsterinsights_sitenote_note":"","_monsterinsights_sitenote_category":0},"product_brand":[],"product_cat":[121,128],"product_tag":[],"class_list":{"0":"post-47084","1":"product","2":"type-product","3":"status-publish","4":"has-post-thumbnail","6":"product_cat-poesia","7":"product_cat-poesia-contemporania","9":"first","10":"instock","11":"taxable","12":"shipping-taxable","13":"purchasable","14":"product-type-simple"},"acf":{"autor":"BALTASAR, EVA","codart":"847329321","libros-coleccion":"FORA DE COL.LECCI\u00d3","ediciones":"1","encuadernacion":"R\u00fastica","fecha_de_publicacion":"01\/11\/2021","novedad":"1","paginas":"48","subtitulo":"","orden":"0","portada":"0","idioma":"cat","editorial":[{"ID":6163,"post_author":"3","post_date":"2022-07-28 17:46:15","post_date_gmt":"2022-07-28 15:46:15","post_content":"","post_title":"CLUB EDITOR","post_excerpt":"","post_status":"publish","comment_status":"closed","ping_status":"closed","post_password":"","post_name":"club-editor","to_ping":"","pinged":"","post_modified":"2022-07-28 17:46:15","post_modified_gmt":"2022-07-28 15:46:15","post_content_filtered":"","post_parent":0,"guid":"http:\/\/dev.claret.cat\/editorial\/club-editor\/","menu_order":0,"post_type":"editorial","post_mime_type":"","comment_count":"0","filter":"raw"}],"autores-libros":[{"ID":155514,"post_author":"3","post_date":"2022-10-14 15:13:26","post_date_gmt":"2022-10-14 13:13:26","post_content":"","post_title":"EVA BALTASAR","post_excerpt":"","post_status":"publish","comment_status":"closed","ping_status":"closed","post_password":"","post_name":"eva-baltasar","to_ping":"","pinged":"","post_modified":"2022-10-14 15:13:26","post_modified_gmt":"2022-10-14 13:13:26","post_content_filtered":"","post_parent":0,"guid":"http:\/\/dev.claret.cat\/autor\/eva-baltasar\/","menu_order":0,"post_type":"autor","post_mime_type":"","comment_count":"0","filter":"raw"}]},"aioseo_notices":[],"_links":{"self":[{"href":"https:\/\/www.claret.cat\/es\/wp-json\/wp\/v2\/product\/47084","targetHints":{"allow":["GET"]}}],"collection":[{"href":"https:\/\/www.claret.cat\/es\/wp-json\/wp\/v2\/product"}],"about":[{"href":"https:\/\/www.claret.cat\/es\/wp-json\/wp\/v2\/types\/product"}],"wp:featuredmedia":[{"embeddable":true,"href":"https:\/\/www.claret.cat\/es\/wp-json\/wp\/v2\/media\/61986"}],"wp:attachment":[{"href":"https:\/\/www.claret.cat\/es\/wp-json\/wp\/v2\/media?parent=47084"}],"wp:term":[{"taxonomy":"product_brand","embeddable":true,"href":"https:\/\/www.claret.cat\/es\/wp-json\/wp\/v2\/product_brand?post=47084"},{"taxonomy":"product_cat","embeddable":true,"href":"https:\/\/www.claret.cat\/es\/wp-json\/wp\/v2\/product_cat?post=47084"},{"taxonomy":"product_tag","embeddable":true,"href":"https:\/\/www.claret.cat\/es\/wp-json\/wp\/v2\/product_tag?post=47084"}],"curies":[{"name":"wp","href":"https:\/\/api.w.org\/{rel}","templated":true}]}}