{"id":47108,"date":"2022-10-02T22:33:32","date_gmt":"2022-10-02T20:33:32","guid":{"rendered":"http:\/\/dev.claret.cat\/producte\/historia-de-la-filosofia-antigua\/"},"modified":"2026-01-19T11:56:15","modified_gmt":"2026-01-19T10:56:15","slug":"historia-de-la-filosofia-antigua-9788431336714","status":"publish","type":"product","link":"https:\/\/www.claret.cat\/es\/libro\/historia-de-la-filosofia-antigua-9788431336714\/","title":{"rendered":"HISTORIA DE LA FILOSOF\u00cdA ANTIGUA"},"content":{"rendered":"<p>La filosof\u00eda se aprende en buena medida asistiendo al pensamiento de los que nos preceden. La historia de la filosof\u00eda antigua muestra la b\u00fasqueda de la verdad de los pensadores de los primeros siglos. En su pensamiento, con tanteos, aciertos y errores, est\u00e1n ya planteados los grandes temas de la humanidad: Dios, el mundo, el ser humano. Estos primeros fil\u00f3sofos, lejos de ser reliquias del pasado, son pioneros y maestros de todos los tiempos. Con un marcado car\u00e1cter did\u00e1ctico, este manual pretende ser una exposici\u00f3n (asequible y con criterio) a los grandes temas tratados por los fil\u00f3sofos antiguos. Est\u00e1 pensado para aportar una visi\u00f3n sint\u00e9tica de su pensamiento y una gu\u00eda valorativa de su alcance y sus limitaciones.<\/p>\n","protected":false},"excerpt":{"rendered":"<p>SELL\u00c9S DAUDER, JUAN FERNANDO \/ FIDALGO ALAIZ, JOS\u00c9 MANUEL<\/p>\n","protected":false},"featured_media":62002,"template":"","meta":{"_acf_changed":false,"om_disable_all_campaigns":false,"rs_blank_template":"","rs_page_bg_color":"","slide_template_v7":"","inline_featured_image":false,"_monsterinsights_skip_tracking":false,"_monsterinsights_sitenote_active":false,"_monsterinsights_sitenote_note":"","_monsterinsights_sitenote_category":0},"product_brand":[],"product_cat":[165,438],"product_tag":[],"class_list":{"0":"post-47108","1":"product","2":"type-product","3":"status-publish","4":"has-post-thumbnail","6":"product_cat-historia-i-corrents-filosofia-2_humanitats","7":"product_cat-historia-y-corrientes-filosofia-2_humanidades","9":"first","10":"instock","11":"taxable","12":"shipping-taxable","13":"purchasable","14":"product-type-simple"},"acf":{"autor":"SELL\u00c9S DAUDER, JUAN FERNANDO \/ FIDALGO ALAIZ, JOS\u00c9 MANUEL","codart":"843133671","libros-coleccion":"Manuales del ISCR","ediciones":"1","encuadernacion":"R\u00fastica","fecha_de_publicacion":"01\/10\/2021","novedad":"1","paginas":"168","subtitulo":"","orden":"0","portada":"0","idioma":"spa","editorial":[{"ID":6251,"post_author":"3","post_date":"2022-07-28 17:48:11","post_date_gmt":"2022-07-28 15:48:11","post_content":"","post_title":"EUNSA. EDICIONES UNIVERSIDAD DE NAVARRA","post_excerpt":"","post_status":"publish","comment_status":"closed","ping_status":"closed","post_password":"","post_name":"eunsa-ediciones-universidad-de-navarra","to_ping":"","pinged":"","post_modified":"2022-07-28 17:48:11","post_modified_gmt":"2022-07-28 15:48:11","post_content_filtered":"","post_parent":0,"guid":"http:\/\/dev.claret.cat\/editorial\/eunsa-ediciones-universidad-de-navarra\/","menu_order":0,"post_type":"editorial","post_mime_type":"","comment_count":"0","filter":"raw"}],"autores-libros":[{"ID":161040,"post_author":"3","post_date":"2022-10-14 15:57:55","post_date_gmt":"2022-10-14 13:57:55","post_content":"","post_title":"JUAN FERNANDO SELLES DAUDER","post_excerpt":"","post_status":"publish","comment_status":"closed","ping_status":"closed","post_password":"","post_name":"juan-fernando-selles-dauder","to_ping":"","pinged":"","post_modified":"2022-10-14 15:57:55","post_modified_gmt":"2022-10-14 13:57:55","post_content_filtered":"","post_parent":0,"guid":"http:\/\/dev.claret.cat\/autor\/juan-fernando-selles-dauder\/","menu_order":0,"post_type":"autor","post_mime_type":"","comment_count":"0","filter":"raw"},{"ID":160403,"post_author":"3","post_date":"2022-10-14 15:52:47","post_date_gmt":"2022-10-14 13:52:47","post_content":"","post_title":"JOSE MANUEL FIDALGO ALAIZ","post_excerpt":"","post_status":"publish","comment_status":"closed","ping_status":"closed","post_password":"","post_name":"jose-manuel-fidalgo-alaiz","to_ping":"","pinged":"","post_modified":"2022-10-14 15:52:47","post_modified_gmt":"2022-10-14 13:52:47","post_content_filtered":"","post_parent":0,"guid":"http:\/\/dev.claret.cat\/autor\/jose-manuel-fidalgo-alaiz\/","menu_order":0,"post_type":"autor","post_mime_type":"","comment_count":"0","filter":"raw"}],"booktrailer":"","resenas":""},"aioseo_notices":[],"_links":{"self":[{"href":"https:\/\/www.claret.cat\/es\/wp-json\/wp\/v2\/product\/47108","targetHints":{"allow":["GET"]}}],"collection":[{"href":"https:\/\/www.claret.cat\/es\/wp-json\/wp\/v2\/product"}],"about":[{"href":"https:\/\/www.claret.cat\/es\/wp-json\/wp\/v2\/types\/product"}],"wp:featuredmedia":[{"embeddable":true,"href":"https:\/\/www.claret.cat\/es\/wp-json\/wp\/v2\/media\/62002"}],"wp:attachment":[{"href":"https:\/\/www.claret.cat\/es\/wp-json\/wp\/v2\/media?parent=47108"}],"wp:term":[{"taxonomy":"product_brand","embeddable":true,"href":"https:\/\/www.claret.cat\/es\/wp-json\/wp\/v2\/product_brand?post=47108"},{"taxonomy":"product_cat","embeddable":true,"href":"https:\/\/www.claret.cat\/es\/wp-json\/wp\/v2\/product_cat?post=47108"},{"taxonomy":"product_tag","embeddable":true,"href":"https:\/\/www.claret.cat\/es\/wp-json\/wp\/v2\/product_tag?post=47108"}],"curies":[{"name":"wp","href":"https:\/\/api.w.org\/{rel}","templated":true}]}}