{"id":47123,"date":"2022-10-02T22:33:48","date_gmt":"2022-10-02T20:33:48","guid":{"rendered":"http:\/\/dev.claret.cat\/producte\/espana-inedita\/"},"modified":"2023-10-06T11:32:05","modified_gmt":"2023-10-06T09:32:05","slug":"espana-inedita-9788408249771","status":"publish","type":"product","link":"https:\/\/www.claret.cat\/es\/libro\/espana-inedita-9788408249771\/","title":{"rendered":"ESPA\u00d1A IN\u00c9DITA"},"content":{"rendered":"<p>\u00bfSab\u00edas que Espa\u00f1a alberga el primer parque estelar del mundo? \u00bfO que posee su propio monstruo del lago Ness? \u00bfCu\u00e1l de sus pueblos cuenta con una Estatua de la Libertad? \u00bfD\u00f3nde se halla la Pompeya fenicia? \u00bfY el coito m\u00e1s antiguo del arte rupestre?<br \/> En Espa\u00f1a in\u00e9dita descubrir\u00e1s maravillas de la naturaleza, el arte y el patrimonio, edificios con historia, museos curiosos, vestigios del pasado y presente, y otros rincones ins\u00f3litos que te sorprender\u00e1n.\u00a0<br \/> \u00a0\u00bfTe sumas al viaje?<\/p>\n","protected":false},"excerpt":{"rendered":"<p>PUENTE MAYOR, ANTONIO<\/p>\n","protected":false},"featured_media":62012,"template":"","meta":{"_acf_changed":false,"om_disable_all_campaigns":false,"rs_blank_template":"","rs_page_bg_color":"","slide_template_v7":"","inline_featured_image":false,"_monsterinsights_skip_tracking":false,"_monsterinsights_sitenote_active":false,"_monsterinsights_sitenote_note":"","_monsterinsights_sitenote_category":0},"product_brand":[],"product_cat":[557],"product_tag":[],"class_list":{"0":"post-47123","1":"product","2":"type-product","3":"status-publish","4":"has-post-thumbnail","6":"product_cat-guias-de-viaje","8":"first","9":"instock","10":"taxable","11":"shipping-taxable","12":"purchasable","13":"product-type-simple"},"acf":{"autor":"PUENTE MAYOR, ANTONIO","codart":"840824977","libros-coleccion":"NOMADAS","ediciones":"1","encuadernacion":"R\u00fastica","fecha_de_publicacion":"01\/12\/2021","novedad":"1","paginas":"0","subtitulo":"","orden":"0","portada":"0","idioma":"spa","editorial":[{"ID":6233,"post_author":"3","post_date":"2022-07-28 17:47:48","post_date_gmt":"2022-07-28 15:47:48","post_content":"","post_title":"EDITORIAL PLANETA","post_excerpt":"","post_status":"publish","comment_status":"closed","ping_status":"closed","post_password":"","post_name":"editorial-planeta","to_ping":"","pinged":"","post_modified":"2022-07-28 17:47:48","post_modified_gmt":"2022-07-28 15:47:48","post_content_filtered":"","post_parent":0,"guid":"http:\/\/dev.claret.cat\/editorial\/editorial-planeta\/","menu_order":0,"post_type":"editorial","post_mime_type":"","comment_count":"0","filter":"raw"}],"autores-libros":[{"ID":150994,"post_author":"3","post_date":"2022-10-14 14:37:22","post_date_gmt":"2022-10-14 12:37:22","post_content":"","post_title":"ANTONIO PUENTE MAYOR","post_excerpt":"","post_status":"publish","comment_status":"closed","ping_status":"closed","post_password":"","post_name":"antonio-puente-mayor","to_ping":"","pinged":"","post_modified":"2022-10-14 14:37:22","post_modified_gmt":"2022-10-14 12:37:22","post_content_filtered":"","post_parent":0,"guid":"http:\/\/dev.claret.cat\/autor\/antonio-puente-mayor\/","menu_order":0,"post_type":"autor","post_mime_type":"","comment_count":"0","filter":"raw"}]},"aioseo_notices":[],"_links":{"self":[{"href":"https:\/\/www.claret.cat\/es\/wp-json\/wp\/v2\/product\/47123","targetHints":{"allow":["GET"]}}],"collection":[{"href":"https:\/\/www.claret.cat\/es\/wp-json\/wp\/v2\/product"}],"about":[{"href":"https:\/\/www.claret.cat\/es\/wp-json\/wp\/v2\/types\/product"}],"wp:featuredmedia":[{"embeddable":true,"href":"https:\/\/www.claret.cat\/es\/wp-json\/wp\/v2\/media\/62012"}],"wp:attachment":[{"href":"https:\/\/www.claret.cat\/es\/wp-json\/wp\/v2\/media?parent=47123"}],"wp:term":[{"taxonomy":"product_brand","embeddable":true,"href":"https:\/\/www.claret.cat\/es\/wp-json\/wp\/v2\/product_brand?post=47123"},{"taxonomy":"product_cat","embeddable":true,"href":"https:\/\/www.claret.cat\/es\/wp-json\/wp\/v2\/product_cat?post=47123"},{"taxonomy":"product_tag","embeddable":true,"href":"https:\/\/www.claret.cat\/es\/wp-json\/wp\/v2\/product_tag?post=47123"}],"curies":[{"name":"wp","href":"https:\/\/api.w.org\/{rel}","templated":true}]}}