{"id":47126,"date":"2022-10-02T22:33:51","date_gmt":"2022-10-02T20:33:51","guid":{"rendered":"http:\/\/dev.claret.cat\/producte\/las-mejores-cosas-de-la-vida-son-gratis-2\/"},"modified":"2023-10-06T11:32:26","modified_gmt":"2023-10-06T09:32:26","slug":"las-mejores-cosas-de-la-vida-son-gratis-2-9788408243007","status":"publish","type":"product","link":"https:\/\/www.claret.cat\/es\/libro\/las-mejores-cosas-de-la-vida-son-gratis-2-9788408243007\/","title":{"rendered":"LAS MEJORES COSAS DE LA VIDA SON GRATIS 2"},"content":{"rendered":"<p>Esta nueva edici\u00f3n, totalmente actualizada, de Las mejores cosas de la vida son gratis de Lonely Planet est\u00e1 repleta de trucos y consejos para ahorrar dinero, as\u00ed como de recomendaciones para vivir grandes experiencias alrededor del mundo por muy poco.<br \/> En este recorrido por 130 ciudades y regiones del mundo se muestran maravillas culturales y las aventuras m\u00e1s salvajes gratuitas, propuestas aut\u00f3ctonas sobre alimentos y bienestar con una inmejorable relaci\u00f3n calidad-precio o consejos sobre transporte y alojamiento econ\u00f3micos. Este libro atesora ideas de incalculable valor para que cualquier viajero, sea cual sea su presupuesto, aproveche al m\u00e1ximo su viaje.<br \/> Y es que, no nos enga\u00f1emos, muchas de las mejores vivencias suelen ser econ\u00f3micas, ya que lo barato puede ser much\u00edsimo mejor.<br \/> Pa\u00edses de todo el globo reconocen el valor de dar acceso a las maravillas que administran. \u00bfQuinientos a\u00f1os de historia de China? Gratis (Museo Nacional de China); \u00bfDiecinueve museos y galer\u00edas en Washington D. C.? Gratis (Smithsonian Institution). \u00bfLos parques nacionales de Gran Breta\u00f1a? Todos gratis.<br \/> Es exagerado decir que todo lo bueno es gratis, as\u00ed que este libro tambi\u00e9n contiene un mont\u00f3n de sugerencias econ\u00f3micas. Con apenas unas monedas se puede comprar un bocado de primera como el chorip\u00e1n en Buenos Aires, visitar los mejores templos de Bangkok y los mejores mercados del norte de California. Grandes recuerdos, m\u00e1s felicidad y un bolsillo aliviado: despu\u00e9s de hojear estas p\u00e1ginas quiz\u00e1 ya nunca se vuelva a aspirar al lujo.<\/p>\n","protected":false},"excerpt":{"rendered":"<p>AA. VV.<\/p>\n","protected":false},"featured_media":62014,"template":"","meta":{"_acf_changed":false,"om_disable_all_campaigns":false,"rs_blank_template":"","rs_page_bg_color":"","slide_template_v7":"","inline_featured_image":false,"_monsterinsights_skip_tracking":false,"_monsterinsights_sitenote_active":false,"_monsterinsights_sitenote_note":"","_monsterinsights_sitenote_category":0},"product_brand":[],"product_cat":[540,555],"product_tag":[],"class_list":{"0":"post-47126","1":"product","2":"type-product","3":"status-publish","4":"has-post-thumbnail","6":"product_cat-otros","7":"product_cat-regalo","9":"first","10":"instock","11":"taxable","12":"shipping-taxable","13":"purchasable","14":"product-type-simple"},"acf":{"autor":"AA. VV.","codart":"840824300","libros-coleccion":"FORA DE COL.LECCI\u00d3","ediciones":"1","encuadernacion":"Carton\u00e9","fecha_de_publicacion":"01\/12\/2021","novedad":"1","paginas":"312","subtitulo":"","orden":"0","portada":"0","idioma":"spa","editorial":[{"ID":6233,"post_author":"3","post_date":"2022-07-28 17:47:48","post_date_gmt":"2022-07-28 15:47:48","post_content":"","post_title":"EDITORIAL PLANETA","post_excerpt":"","post_status":"publish","comment_status":"closed","ping_status":"closed","post_password":"","post_name":"editorial-planeta","to_ping":"","pinged":"","post_modified":"2022-07-28 17:47:48","post_modified_gmt":"2022-07-28 15:47:48","post_content_filtered":"","post_parent":0,"guid":"http:\/\/dev.claret.cat\/editorial\/editorial-planeta\/","menu_order":0,"post_type":"editorial","post_mime_type":"","comment_count":"0","filter":"raw"}],"autores-libros":[{"ID":5197,"post_author":"3","post_date":"2022-07-28 17:16:51","post_date_gmt":"2022-07-28 15:16:51","post_content":"","post_title":"AA. VV.","post_excerpt":"","post_status":"publish","comment_status":"closed","ping_status":"closed","post_password":"","post_name":"aa-vv","to_ping":"","pinged":"","post_modified":"2022-07-28 17:16:51","post_modified_gmt":"2022-07-28 15:16:51","post_content_filtered":"","post_parent":0,"guid":"http:\/\/dev.claret.cat\/autor\/aa-vv\/","menu_order":0,"post_type":"autor","post_mime_type":"","comment_count":"0","filter":"raw"}]},"aioseo_notices":[],"_links":{"self":[{"href":"https:\/\/www.claret.cat\/es\/wp-json\/wp\/v2\/product\/47126","targetHints":{"allow":["GET"]}}],"collection":[{"href":"https:\/\/www.claret.cat\/es\/wp-json\/wp\/v2\/product"}],"about":[{"href":"https:\/\/www.claret.cat\/es\/wp-json\/wp\/v2\/types\/product"}],"wp:featuredmedia":[{"embeddable":true,"href":"https:\/\/www.claret.cat\/es\/wp-json\/wp\/v2\/media\/62014"}],"wp:attachment":[{"href":"https:\/\/www.claret.cat\/es\/wp-json\/wp\/v2\/media?parent=47126"}],"wp:term":[{"taxonomy":"product_brand","embeddable":true,"href":"https:\/\/www.claret.cat\/es\/wp-json\/wp\/v2\/product_brand?post=47126"},{"taxonomy":"product_cat","embeddable":true,"href":"https:\/\/www.claret.cat\/es\/wp-json\/wp\/v2\/product_cat?post=47126"},{"taxonomy":"product_tag","embeddable":true,"href":"https:\/\/www.claret.cat\/es\/wp-json\/wp\/v2\/product_tag?post=47126"}],"curies":[{"name":"wp","href":"https:\/\/api.w.org\/{rel}","templated":true}]}}