{"id":47132,"date":"2022-10-02T22:33:58","date_gmt":"2022-10-02T20:33:58","guid":{"rendered":"http:\/\/dev.claret.cat\/producte\/paisajes-de-la-historia-de-espana\/"},"modified":"2023-10-06T11:36:40","modified_gmt":"2023-10-06T09:36:40","slug":"paisajes-de-la-historia-de-espana-9788467052466","status":"publish","type":"product","link":"https:\/\/www.claret.cat\/es\/libro\/paisajes-de-la-historia-de-espana-9788467052466\/","title":{"rendered":"PAISAJES DE LA HISTORIA DE ESPA\u00d1A"},"content":{"rendered":"<p>Ampurias, Santiago de Compostela, Trujillo, Valladolid, C\u00e1diz, Estella, Barcelona, Melilla, y otros muchos pueblos y ciudades de Espa\u00f1a, conservan las huellas de los que all\u00ed vivieron, lucharon, construyeron, amaron, rezaron y, en definitiva, han protagonizado la historia de Espa\u00f1a. Fernando Garc\u00eda de Cort\u00e1zar evoca los sucesos que tuvieron lugar en cada uno de esos paisajes y conforma, pieza por pieza, el puzle de nuestra historia desde los primeros asentamientos fenicios hasta el momento actual.<\/p>\n","protected":false},"excerpt":{"rendered":"<p>GARC\u00cdA DE CORT\u00c1ZAR, FERNANDO<\/p>\n","protected":false},"featured_media":62018,"template":"","meta":{"_acf_changed":false,"om_disable_all_campaigns":false,"rs_blank_template":"","rs_page_bg_color":"","slide_template_v7":"","inline_featured_image":false,"_monsterinsights_skip_tracking":false,"_monsterinsights_sitenote_active":false,"_monsterinsights_sitenote_note":"","_monsterinsights_sitenote_category":0},"product_brand":[],"product_cat":[431],"product_tag":[],"class_list":{"0":"post-47132","1":"product","2":"type-product","3":"status-publish","4":"has-post-thumbnail","6":"product_cat-espana","8":"first","9":"instock","10":"taxable","11":"shipping-taxable","12":"purchasable","13":"product-type-simple"},"acf":{"autor":"GARC\u00cdA DE CORT\u00c1ZAR, FERNANDO","codart":"846705246","libros-coleccion":"NO FICCION","ediciones":"1","encuadernacion":"Carton\u00e9","fecha_de_publicacion":"01\/12\/2021","novedad":"1","paginas":"479","subtitulo":"","orden":"0","portada":"0","idioma":"spa","editorial":[{"ID":6247,"post_author":"3","post_date":"2022-07-28 17:48:06","post_date_gmt":"2022-07-28 15:48:06","post_content":"","post_title":"ESPASA, EDITORIAL","post_excerpt":"","post_status":"publish","comment_status":"closed","ping_status":"closed","post_password":"","post_name":"espasa-editorial","to_ping":"","pinged":"","post_modified":"2022-07-28 17:48:06","post_modified_gmt":"2022-07-28 15:48:06","post_content_filtered":"","post_parent":0,"guid":"http:\/\/dev.claret.cat\/editorial\/espasa-editorial\/","menu_order":0,"post_type":"editorial","post_mime_type":"","comment_count":"0","filter":"raw"}],"autores-libros":[{"ID":155828,"post_author":"3","post_date":"2022-10-14 15:15:57","post_date_gmt":"2022-10-14 13:15:57","post_content":"","post_title":"FERNANDO GARCIA DE CORTAZAR","post_excerpt":"","post_status":"publish","comment_status":"closed","ping_status":"closed","post_password":"","post_name":"fernando-garcia-de-cortazar","to_ping":"","pinged":"","post_modified":"2022-10-14 15:15:57","post_modified_gmt":"2022-10-14 13:15:57","post_content_filtered":"","post_parent":0,"guid":"http:\/\/dev.claret.cat\/autor\/fernando-garcia-de-cortazar\/","menu_order":0,"post_type":"autor","post_mime_type":"","comment_count":"0","filter":"raw"}]},"aioseo_notices":[],"_links":{"self":[{"href":"https:\/\/www.claret.cat\/es\/wp-json\/wp\/v2\/product\/47132","targetHints":{"allow":["GET"]}}],"collection":[{"href":"https:\/\/www.claret.cat\/es\/wp-json\/wp\/v2\/product"}],"about":[{"href":"https:\/\/www.claret.cat\/es\/wp-json\/wp\/v2\/types\/product"}],"wp:featuredmedia":[{"embeddable":true,"href":"https:\/\/www.claret.cat\/es\/wp-json\/wp\/v2\/media\/62018"}],"wp:attachment":[{"href":"https:\/\/www.claret.cat\/es\/wp-json\/wp\/v2\/media?parent=47132"}],"wp:term":[{"taxonomy":"product_brand","embeddable":true,"href":"https:\/\/www.claret.cat\/es\/wp-json\/wp\/v2\/product_brand?post=47132"},{"taxonomy":"product_cat","embeddable":true,"href":"https:\/\/www.claret.cat\/es\/wp-json\/wp\/v2\/product_cat?post=47132"},{"taxonomy":"product_tag","embeddable":true,"href":"https:\/\/www.claret.cat\/es\/wp-json\/wp\/v2\/product_tag?post=47132"}],"curies":[{"name":"wp","href":"https:\/\/api.w.org\/{rel}","templated":true}]}}