{"id":47165,"date":"2022-10-02T22:34:31","date_gmt":"2022-10-02T20:34:31","guid":{"rendered":"http:\/\/dev.claret.cat\/producte\/tratado-sobre-las-almas-errantes\/"},"modified":"2025-12-31T10:45:31","modified_gmt":"2025-12-31T09:45:31","slug":"tratado-sobre-las-almas-errantes-9788418414442","status":"publish","type":"product","link":"https:\/\/www.claret.cat\/es\/libro\/tratado-sobre-las-almas-errantes-9788418414442\/","title":{"rendered":"TRATADO SOBRE LAS ALMAS ERRANTES"},"content":{"rendered":"<p>Jos\u00e9 Antonio Fortea, m\u00e1xima referencia en Espa\u00f1a como exorcista, sostiene en este trabajo que existen almas errantes, denominadas ?presencias?, que en ocasiones poseen a ciertos hombres y mujeres.<\/p>\n<p> La hip\u00f3tesis de que existen almas errantes dejadas para el d\u00eda del Juicio Final se basa, ante todo, en los testimonios de los exorcismos. Este ensayo no ofrece la prueba definitiva de la existencia de estas almas, s\u00f3lo indicios para la reflexi\u00f3n. Muchos se preguntan si las almas errantes, pueden entrar o no dentro del esquema magisterial? La opini\u00f3n del autor es rotunda: hay espacio teol\u00f3gico para la discusi\u00f3n&#8230;<br \/> S\u00f3lo hay tres destinos para las almas descarnadas: cielo, purgatorio e infierno. Lo que esta obra defiende es la existencia de una parte del purgatorio que se encuentra ?pared con pared? con el infierno. Y no deberemos olvidar que las almas errantes son almas pertenecientes al purgatorio, ni desconocer que el purgatorium es un estado de purificaci\u00f3n. Lo que nos lleva a pensar que las almas llamadas errantes -porque vagan por la tierra- o perdidas -porque perdieron su camino hacia la Luz- pueden todav\u00eda purificarse. Ambas moradas est\u00e1n pr\u00f3ximas, s\u00ed, pero sus moradores est\u00e1n en una situaci\u00f3n esencialmente diversa.<\/p>\n","protected":false},"excerpt":{"rendered":"<p>JOS\u00c9 ANTONIO FORTEA<\/p>\n","protected":false},"featured_media":1072316,"template":"","meta":{"_acf_changed":false,"om_disable_all_campaigns":false,"rs_blank_template":"","rs_page_bg_color":"","slide_template_v7":"","inline_featured_image":false,"_monsterinsights_skip_tracking":false,"_monsterinsights_sitenote_active":false,"_monsterinsights_sitenote_note":"","_monsterinsights_sitenote_category":0},"product_brand":[],"product_cat":[279,509],"product_tag":[],"class_list":{"0":"post-47165","1":"product","2":"type-product","3":"status-publish","4":"has-post-thumbnail","6":"product_cat-antropologia-teologica","7":"product_cat-antropologia-teologica-teologia-1_espiritualidad","9":"first","10":"outofstock","11":"taxable","12":"shipping-taxable","13":"purchasable","14":"product-type-simple"},"acf":{"autor":"JOS\u00c9 ANTONIO FORTEA","codart":"841841444","libros-coleccion":"FORA DE COL.LECCI\u00d3","ediciones":"1","encuadernacion":"R\u00fastica","fecha_de_publicacion":"01\/11\/2021","novedad":"1","paginas":"1560","subtitulo":"","orden":"0","portada":"0","idioma":"spa","editorial":[{"ID":148800,"post_author":"3","post_date":"2022-10-14 12:01:05","post_date_gmt":"2022-10-14 10:01:05","post_content":"","post_title":"SEKOTIA","post_excerpt":"","post_status":"publish","comment_status":"closed","ping_status":"closed","post_password":"","post_name":"sekotia","to_ping":"","pinged":"","post_modified":"2022-10-14 12:01:05","post_modified_gmt":"2022-10-14 10:01:05","post_content_filtered":"","post_parent":0,"guid":"http:\/\/dev.claret.cat\/editorial\/sekotia\/","menu_order":0,"post_type":"editorial","post_mime_type":"","comment_count":"0","filter":"raw"}],"autores-libros":[{"ID":160160,"post_author":"3","post_date":"2022-10-14 15:50:47","post_date_gmt":"2022-10-14 13:50:47","post_content":"","post_title":"JOS\u00c9 ANTONIO FORTEA","post_excerpt":"","post_status":"publish","comment_status":"closed","ping_status":"closed","post_password":"","post_name":"jose-antonio-fortea-2","to_ping":"","pinged":"","post_modified":"2022-10-14 15:50:47","post_modified_gmt":"2022-10-14 13:50:47","post_content_filtered":"","post_parent":0,"guid":"http:\/\/dev.claret.cat\/autor\/jose-antonio-fortea-2\/","menu_order":0,"post_type":"autor","post_mime_type":"","comment_count":"0","filter":"raw"}],"booktrailer":"","resenas":""},"aioseo_notices":[],"_links":{"self":[{"href":"https:\/\/www.claret.cat\/es\/wp-json\/wp\/v2\/product\/47165","targetHints":{"allow":["GET"]}}],"collection":[{"href":"https:\/\/www.claret.cat\/es\/wp-json\/wp\/v2\/product"}],"about":[{"href":"https:\/\/www.claret.cat\/es\/wp-json\/wp\/v2\/types\/product"}],"wp:featuredmedia":[{"embeddable":true,"href":"https:\/\/www.claret.cat\/es\/wp-json\/wp\/v2\/media\/1072316"}],"wp:attachment":[{"href":"https:\/\/www.claret.cat\/es\/wp-json\/wp\/v2\/media?parent=47165"}],"wp:term":[{"taxonomy":"product_brand","embeddable":true,"href":"https:\/\/www.claret.cat\/es\/wp-json\/wp\/v2\/product_brand?post=47165"},{"taxonomy":"product_cat","embeddable":true,"href":"https:\/\/www.claret.cat\/es\/wp-json\/wp\/v2\/product_cat?post=47165"},{"taxonomy":"product_tag","embeddable":true,"href":"https:\/\/www.claret.cat\/es\/wp-json\/wp\/v2\/product_tag?post=47165"}],"curies":[{"name":"wp","href":"https:\/\/api.w.org\/{rel}","templated":true}]}}