{"id":47192,"date":"2022-10-02T22:34:59","date_gmt":"2022-10-02T20:34:59","guid":{"rendered":"http:\/\/dev.claret.cat\/producte\/principe-valiente-1967-1968\/"},"modified":"2025-07-17T13:06:22","modified_gmt":"2025-07-17T11:06:22","slug":"principe-valiente-19671968-9788418898228","status":"publish","type":"product","link":"https:\/\/www.claret.cat\/es\/libro\/principe-valiente-19671968-9788418898228\/","title":{"rendered":"PR\u00cdNCIPE VALIENTE 1967-1968"},"content":{"rendered":"<p>Los pr\u00edncipes no pueden renunciar a sus responsabilidades. Esto lo aprende el indolente enamorado Hardwick, que fantase\u00f3 con renunciar a su herencia de gobierno por el amor de una plebeya, y en esa lecci\u00f3n moral quiz\u00e1 vemos el deseo inconsciente de Hal Foster, ya anciano, de plantearse c\u00f3mo ser\u00e1 el futuro de su serie cuando \u00e9l ya no est\u00e9 al frente.<\/p>\n<p> La vida sigue y nuevos personajes entran y salen de escena. Algunos, ir\u00f3nicamente parecidos a unos juveniles Val y Aleta.<\/p>\n<p> La llamada del deber a la que Valiente no puede renunciar lo lleva a rescatar a Sir Gawain de la esclavitud, aunque tenga que hacerse esclavo \u00e9l mismo.<\/p>\n<p> Y, mientras tanto, un pr\u00edncipe Arn despierta a la edad adulta y descubre que tambi\u00e9n puede haber peligro en una cara bonita.<\/p>\n","protected":false},"excerpt":{"rendered":"<p>FOSTER, HAROLD<\/p>\n","protected":false},"featured_media":62066,"template":"","meta":{"_acf_changed":false,"om_disable_all_campaigns":false,"rs_blank_template":"","rs_page_bg_color":"","slide_template_v7":"","inline_featured_image":false,"_monsterinsights_skip_tracking":false,"_monsterinsights_sitenote_active":false,"_monsterinsights_sitenote_note":"","_monsterinsights_sitenote_category":0},"product_brand":[],"product_cat":[108,558],"product_tag":[],"class_list":{"0":"post-47192","1":"product","2":"type-product","3":"status-publish","4":"has-post-thumbnail","6":"product_cat-comic","7":"product_cat-comic-3_infantil-juvenil-spa-spa","9":"first","10":"instock","11":"taxable","12":"shipping-taxable","13":"purchasable","14":"product-type-simple"},"acf":{"autor":"FOSTER, HAROLD","codart":"841889822","libros-coleccion":"","ediciones":"1","encuadernacion":"Carton\u00e9","fecha_de_publicacion":"01\/10\/2021","novedad":"1","paginas":"0","subtitulo":"","orden":"0","portada":"0","idioma":"spa","editorial":[{"ID":148670,"post_author":"3","post_date":"2022-10-14 12:00:04","post_date_gmt":"2022-10-14 10:00:04","post_content":"","post_title":"PLAN B","post_excerpt":"","post_status":"publish","comment_status":"closed","ping_status":"closed","post_password":"","post_name":"plan-b","to_ping":"","pinged":"","post_modified":"2022-10-14 12:00:04","post_modified_gmt":"2022-10-14 10:00:04","post_content_filtered":"","post_parent":0,"guid":"http:\/\/dev.claret.cat\/editorial\/plan-b\/","menu_order":0,"post_type":"editorial","post_mime_type":"","comment_count":"0","filter":"raw"}],"autores-libros":[{"ID":157374,"post_author":"3","post_date":"2022-10-14 15:28:19","post_date_gmt":"2022-10-14 13:28:19","post_content":"","post_title":"HAROLD FOSTER","post_excerpt":"","post_status":"publish","comment_status":"closed","ping_status":"closed","post_password":"","post_name":"harold-foster","to_ping":"","pinged":"","post_modified":"2022-10-14 15:28:19","post_modified_gmt":"2022-10-14 13:28:19","post_content_filtered":"","post_parent":0,"guid":"http:\/\/dev.claret.cat\/autor\/harold-foster\/","menu_order":0,"post_type":"autor","post_mime_type":"","comment_count":"0","filter":"raw"}],"booktrailer":"","resenas":""},"aioseo_notices":[],"_links":{"self":[{"href":"https:\/\/www.claret.cat\/es\/wp-json\/wp\/v2\/product\/47192","targetHints":{"allow":["GET"]}}],"collection":[{"href":"https:\/\/www.claret.cat\/es\/wp-json\/wp\/v2\/product"}],"about":[{"href":"https:\/\/www.claret.cat\/es\/wp-json\/wp\/v2\/types\/product"}],"wp:featuredmedia":[{"embeddable":true,"href":"https:\/\/www.claret.cat\/es\/wp-json\/wp\/v2\/media\/62066"}],"wp:attachment":[{"href":"https:\/\/www.claret.cat\/es\/wp-json\/wp\/v2\/media?parent=47192"}],"wp:term":[{"taxonomy":"product_brand","embeddable":true,"href":"https:\/\/www.claret.cat\/es\/wp-json\/wp\/v2\/product_brand?post=47192"},{"taxonomy":"product_cat","embeddable":true,"href":"https:\/\/www.claret.cat\/es\/wp-json\/wp\/v2\/product_cat?post=47192"},{"taxonomy":"product_tag","embeddable":true,"href":"https:\/\/www.claret.cat\/es\/wp-json\/wp\/v2\/product_tag?post=47192"}],"curies":[{"name":"wp","href":"https:\/\/api.w.org\/{rel}","templated":true}]}}