{"id":47255,"date":"2022-10-02T22:35:57","date_gmt":"2022-10-02T20:35:57","guid":{"rendered":"http:\/\/dev.claret.cat\/producte\/deus-semper-maior-teologia-en-el-horizonte-de-su-verdad-siempre-mas-grande\/"},"modified":"2024-07-09T18:20:16","modified_gmt":"2024-07-09T16:20:16","slug":"deus-semper-maior-teologia-en-el-horizonte-de-su-verdad-siempre-mas-grande-9788418201011","status":"publish","type":"product","link":"https:\/\/www.claret.cat\/es\/libro\/deus-semper-maior-teologia-en-el-horizonte-de-su-verdad-siempre-mas-grande-9788418201011\/","title":{"rendered":"DEUS SEMPER MAIOR. TEOLOG\u00cdA EN EL HORIZONTE DE SU VERDAD SIEMPRE M\u00c1S GRANDE"},"content":{"rendered":"","protected":false},"excerpt":{"rendered":"<p>TEJERINA, GONZALO; YUSTA, JES\u00daS<\/p>\n","protected":false},"featured_media":0,"template":"","meta":{"_acf_changed":false,"om_disable_all_campaigns":false,"rs_blank_template":"","rs_page_bg_color":"","slide_template_v7":"","inline_featured_image":false,"_monsterinsights_skip_tracking":false,"_monsterinsights_sitenote_active":false,"_monsterinsights_sitenote_note":"","_monsterinsights_sitenote_category":0},"product_brand":[],"product_cat":[415,277,275,413],"product_tag":[],"class_list":{"0":"post-47255","1":"product","2":"type-product","3":"status-publish","5":"product_cat-dogmatica-teologia-1_espiritualidad","6":"product_cat-dogmatica","7":"product_cat-fonamental","8":"product_cat-fundamental","10":"first","11":"instock","12":"taxable","13":"shipping-taxable","14":"purchasable","15":"product-type-simple"},"acf":{"autor":"TEJERINA, GONZALO; YUSTA, JES\u00daS","codart":"841820101","libros-coleccion":"","ediciones":"1","encuadernacion":"Carton\u00e9","fecha_de_publicacion":"13\/12\/2021","novedad":"0","paginas":"1450","subtitulo":"MISCEL\u00c1NEA HOMENAJE AL PROF. SANTIAGO DEL CURA ELENA","orden":"999","portada":"0","idioma":"spa","editorial":[{"ID":6359,"post_author":"3","post_date":"2022-07-28 17:50:30","post_date_gmt":"2022-07-28 15:50:30","post_content":"","post_title":"Secretariado Trinitario","post_excerpt":"","post_status":"publish","comment_status":"closed","ping_status":"closed","post_password":"","post_name":"secretariado-trinitario","to_ping":"","pinged":"","post_modified":"2022-07-28 17:50:30","post_modified_gmt":"2022-07-28 15:50:30","post_content_filtered":"","post_parent":0,"guid":"http:\/\/dev.claret.cat\/editorial\/secretariado-trinitario\/","menu_order":0,"post_type":"editorial","post_mime_type":"","comment_count":"0","filter":"raw"}],"autores-libros":[{"ID":157058,"post_author":"3","post_date":"2022-10-14 15:25:47","post_date_gmt":"2022-10-14 13:25:47","post_content":"","post_title":"GONZALO TEJERINA","post_excerpt":"","post_status":"publish","comment_status":"closed","ping_status":"closed","post_password":"","post_name":"gonzalo-tejerina","to_ping":"","pinged":"","post_modified":"2022-10-14 15:25:47","post_modified_gmt":"2022-10-14 13:25:47","post_content_filtered":"","post_parent":0,"guid":"http:\/\/dev.claret.cat\/autor\/gonzalo-tejerina\/","menu_order":0,"post_type":"autor","post_mime_type":"","comment_count":"0","filter":"raw"},{"ID":159187,"post_author":"3","post_date":"2022-10-14 15:42:48","post_date_gmt":"2022-10-14 13:42:48","post_content":"","post_title":"JES\u00daS YUSTA","post_excerpt":"","post_status":"publish","comment_status":"closed","ping_status":"closed","post_password":"","post_name":"jesus-yusta","to_ping":"","pinged":"","post_modified":"2022-10-14 15:42:48","post_modified_gmt":"2022-10-14 13:42:48","post_content_filtered":"","post_parent":0,"guid":"http:\/\/dev.claret.cat\/autor\/jesus-yusta\/","menu_order":0,"post_type":"autor","post_mime_type":"","comment_count":"0","filter":"raw"}]},"aioseo_notices":[],"_links":{"self":[{"href":"https:\/\/www.claret.cat\/es\/wp-json\/wp\/v2\/product\/47255","targetHints":{"allow":["GET"]}}],"collection":[{"href":"https:\/\/www.claret.cat\/es\/wp-json\/wp\/v2\/product"}],"about":[{"href":"https:\/\/www.claret.cat\/es\/wp-json\/wp\/v2\/types\/product"}],"wp:attachment":[{"href":"https:\/\/www.claret.cat\/es\/wp-json\/wp\/v2\/media?parent=47255"}],"wp:term":[{"taxonomy":"product_brand","embeddable":true,"href":"https:\/\/www.claret.cat\/es\/wp-json\/wp\/v2\/product_brand?post=47255"},{"taxonomy":"product_cat","embeddable":true,"href":"https:\/\/www.claret.cat\/es\/wp-json\/wp\/v2\/product_cat?post=47255"},{"taxonomy":"product_tag","embeddable":true,"href":"https:\/\/www.claret.cat\/es\/wp-json\/wp\/v2\/product_tag?post=47255"}],"curies":[{"name":"wp","href":"https:\/\/api.w.org\/{rel}","templated":true}]}}