{"id":47268,"date":"2022-10-02T22:36:09","date_gmt":"2022-10-02T20:36:09","guid":{"rendered":"http:\/\/dev.claret.cat\/producte\/alma-maquina\/"},"modified":"2023-07-10T12:50:34","modified_gmt":"2023-07-10T10:50:34","slug":"alma-maquina-9788418342318","status":"publish","type":"product","link":"https:\/\/www.claret.cat\/es\/libro\/alma-maquina-9788418342318\/","title":{"rendered":"ALMA M\u00c1QUINA"},"content":{"rendered":"<p>Muchos de los interrogantes irresueltos de nuestros d\u00edas, como el de la distinci\u00f3n entre mente y cerebro o el misterio de la conciencia, hunden sus ra\u00edces en una historia y un debate de siglos. En Alma m\u00e1quina, George Makari nos narra c\u00f3mo en los albores de la modernidad el concepto de alma fue poco a poco sustituido por el de mente, y c\u00f3mo esta fue deslig\u00e1ndose de lo divino para devenir natural, biol\u00f3gica. La mente parec\u00eda situarse en un lugar intermedio entre el alma y el cuerpo, entre lo et\u00e9reo y lo mecanicista, sin ser ninguna de las dos cosas. El nacimiento de la mente moderna vino acompa\u00f1ado de duras pugnas religiosas, filos\u00f3ficas y cient\u00edficas, fue un camino lleno de avances y retrocesos, muchas veces estrechamente vinculados a los vaivenes hist\u00f3ricos, pol\u00edticos y sociales del momento, tal como ocurri\u00f3, por ejemplo, con la Ilustraci\u00f3n o la Revoluci\u00f3n francesa.<\/p>\n<p> Por esta obra monumental desfilan figuras como Hobbes, Locke y Spinoza \u2013pensadores cruciales para que se produjera el tr\u00e1nsito desde la concepci\u00f3n religiosa del alma pecadora hasta la noci\u00f3n de una mente enferma que requiere un cuidado espec\u00edfico\u2013 o Rousseau y los fil\u00f3sofos idealistas alemanes \u2013cuyo contraataque en favor del esp\u00edritu y sus profundidades ocultas actualiz\u00f3 una confrontaci\u00f3n cuyos ecos a\u00fan hoy reverberan\u2013, hasta desembocar en el psicoan\u00e1lisis y la neurociencia de nuestro tiempo. Un debate, nos demuestra Makari de modo erudito y ameno, que no solo se dirime en el \u00e1mbito de las ciencias de la mente, sino que tiene consecuencias en nuestras actuales concepciones del ser, la sociedad, la pol\u00edtica e incluso la \u00e9tica.<\/p>\n<p> \u00abUn relato iluminador y elegante de un aspecto clave y poco conocido de nuestra historia: la gradual sustituci\u00f3n del alma por la mente\u00bb.<\/p>\n<p> Steven Pinker<\/p>\n<p> \u00abUn libro extraordinariamente l\u00facido que narra la convulsa y apasionante historia de algo que a\u00fan hoy nos sigue pareciendo un misterio: la mente humana\u00bb.<\/p>\n<p> Siri Hustvedt<\/p>\n","protected":false},"excerpt":{"rendered":"<p>MAKARI, GEORGE<\/p>\n","protected":false},"featured_media":450380,"template":"","meta":{"_acf_changed":false,"om_disable_all_campaigns":false,"rs_blank_template":"","rs_page_bg_color":"","slide_template_v7":"","inline_featured_image":false,"_monsterinsights_skip_tracking":false,"_monsterinsights_sitenote_active":false,"_monsterinsights_sitenote_note":"","_monsterinsights_sitenote_category":0},"product_brand":[],"product_cat":[373,166,168,439],"product_tag":[],"class_list":{"0":"post-47268","1":"product","2":"type-product","3":"status-publish","4":"has-post-thumbnail","6":"product_cat-autores","7":"product_cat-autors-filosofia","8":"product_cat-teoria-del-coneixement","9":"product_cat-teoria-del-conocimiento","11":"first","12":"instock","13":"taxable","14":"shipping-taxable","15":"purchasable","16":"product-type-simple"},"acf":{"autor":"MAKARI, GEORGE","codart":"841834231","libros-coleccion":"Ensayo","ediciones":"1","encuadernacion":"R\u00fastica","fecha_de_publicacion":"01\/05\/2021","novedad":"0","paginas":"600","subtitulo":"LA INVENCI\u00d3N DE LA MENTE MODERNA","orden":"0","portada":"0","idioma":"spa","editorial":[{"ID":148035,"post_author":"3","post_date":"2022-10-14 11:55:08","post_date_gmt":"2022-10-14 09:55:08","post_content":"","post_title":"Editorial Sexto Piso","post_excerpt":"","post_status":"publish","comment_status":"closed","ping_status":"closed","post_password":"","post_name":"editorial-sexto-piso","to_ping":"","pinged":"","post_modified":"2022-10-14 11:55:08","post_modified_gmt":"2022-10-14 09:55:08","post_content_filtered":"","post_parent":0,"guid":"http:\/\/dev.claret.cat\/editorial\/editorial-sexto-piso\/","menu_order":0,"post_type":"editorial","post_mime_type":"","comment_count":"0","filter":"raw"}],"autores-libros":[{"ID":156736,"post_author":"3","post_date":"2022-10-14 15:23:12","post_date_gmt":"2022-10-14 13:23:12","post_content":"","post_title":"GEORGE MAKARI","post_excerpt":"","post_status":"publish","comment_status":"closed","ping_status":"closed","post_password":"","post_name":"george-makari","to_ping":"","pinged":"","post_modified":"2022-10-14 15:23:12","post_modified_gmt":"2022-10-14 13:23:12","post_content_filtered":"","post_parent":0,"guid":"http:\/\/dev.claret.cat\/autor\/george-makari\/","menu_order":0,"post_type":"autor","post_mime_type":"","comment_count":"0","filter":"raw"}]},"aioseo_notices":[],"_links":{"self":[{"href":"https:\/\/www.claret.cat\/es\/wp-json\/wp\/v2\/product\/47268","targetHints":{"allow":["GET"]}}],"collection":[{"href":"https:\/\/www.claret.cat\/es\/wp-json\/wp\/v2\/product"}],"about":[{"href":"https:\/\/www.claret.cat\/es\/wp-json\/wp\/v2\/types\/product"}],"wp:featuredmedia":[{"embeddable":true,"href":"https:\/\/www.claret.cat\/es\/wp-json\/wp\/v2\/media\/450380"}],"wp:attachment":[{"href":"https:\/\/www.claret.cat\/es\/wp-json\/wp\/v2\/media?parent=47268"}],"wp:term":[{"taxonomy":"product_brand","embeddable":true,"href":"https:\/\/www.claret.cat\/es\/wp-json\/wp\/v2\/product_brand?post=47268"},{"taxonomy":"product_cat","embeddable":true,"href":"https:\/\/www.claret.cat\/es\/wp-json\/wp\/v2\/product_cat?post=47268"},{"taxonomy":"product_tag","embeddable":true,"href":"https:\/\/www.claret.cat\/es\/wp-json\/wp\/v2\/product_tag?post=47268"}],"curies":[{"name":"wp","href":"https:\/\/api.w.org\/{rel}","templated":true}]}}