{"id":47313,"date":"2022-10-02T22:36:55","date_gmt":"2022-10-02T20:36:55","guid":{"rendered":"http:\/\/dev.claret.cat\/producte\/enciclopedia-del-pan-casero\/"},"modified":"2026-02-26T14:50:56","modified_gmt":"2026-02-26T13:50:56","slug":"enciclopedia-del-pan-casero-9788418725128","status":"publish","type":"product","link":"https:\/\/www.claret.cat\/es\/libro\/enciclopedia-del-pan-casero-9788418725128\/","title":{"rendered":"ENCICLOPEDIA DEL PAN CASERO"},"content":{"rendered":"<p>* Elaborar pan en casa consiste en recuperar una t\u00e9cnica ancestral y en seleccionar los ingredientes para obtener un producto sano y delicioso. <br \/> * Esta enciclopedia explica c\u00f3mo se crea y se refresca la masa madre natural, los diferentes tipos de harinas y las etapas de la fermentaci\u00f3n y, sobre todo, le ense\u00f1ar\u00e1 a elaborar su pan sin m\u00e1s utensilios que los de cualquier cocina dom\u00e9stica. <br \/> * Una aut\u00e9ntica biblia para los amantes de lo casero, con m\u00e1s de cien recetas ilustradas de grandes cl\u00e1sicos, panes salados, dulces y panes de todo el mundo.<\/p>\n<p> Incluye un cuaderno pr\u00e1ctico que re\u00fane la historia del pan, el pan y la nutrici\u00f3n (\u00edndice gluc\u00e9mico, calor\u00edas, fibra, gluten, aditivos), los ingredientes (de los cereales a la harina, el agua, la sal, la masa madre natural, la levadura\u2026) y recetas de panes de todo tipo.<\/p>\n<p> Su parte t\u00e9cnica contiene numerosas explicaciones detalladas en cuanto a c\u00f3mo organizarse, el equipo necesario, la gesti\u00f3n del tiempo, los ingredientes y cantidades, amasar, la fermentaci\u00f3n, marcar la masa, cocer el pan, conservarlo y aprovechar los restos.<\/p>\n","protected":false},"excerpt":{"rendered":"<p>FR\u00c9CHET, MARIE-LAURE<\/p>\n","protected":false},"featured_media":62152,"template":"","meta":{"_acf_changed":false,"om_disable_all_campaigns":false,"rs_blank_template":"","rs_page_bg_color":"","slide_template_v7":"","inline_featured_image":false,"_monsterinsights_skip_tracking":false,"_monsterinsights_sitenote_active":false,"_monsterinsights_sitenote_note":"","_monsterinsights_sitenote_category":0},"product_brand":[],"product_cat":[553,103],"product_tag":[],"class_list":{"0":"post-47313","1":"product","2":"type-product","3":"status-publish","4":"has-post-thumbnail","6":"product_cat-cocina","7":"product_cat-cuina","9":"first","10":"instock","11":"taxable","12":"shipping-taxable","13":"purchasable","14":"product-type-simple"},"acf":{"autor":"FR\u00c9CHET, MARIE-LAURE","codart":"841872512","libros-coleccion":"BLUME","ediciones":"1","encuadernacion":"Carton\u00e9","fecha_de_publicacion":"01\/11\/2021","novedad":"1","paginas":"448","subtitulo":"","orden":"0","portada":"0","idioma":"spa","editorial":[{"ID":147554,"post_author":"3","post_date":"2022-10-14 11:51:27","post_date_gmt":"2022-10-14 09:51:27","post_content":"","post_title":"BLUME (Naturart)","post_excerpt":"","post_status":"publish","comment_status":"closed","ping_status":"closed","post_password":"","post_name":"blume-naturart","to_ping":"","pinged":"","post_modified":"2022-10-14 11:51:27","post_modified_gmt":"2022-10-14 09:51:27","post_content_filtered":"","post_parent":0,"guid":"http:\/\/dev.claret.cat\/editorial\/blume-naturart\/","menu_order":0,"post_type":"editorial","post_mime_type":"","comment_count":"0","filter":"raw"}],"autores-libros":[{"ID":163913,"post_author":"3","post_date":"2022-10-14 17:42:51","post_date_gmt":"2022-10-14 15:42:51","post_content":"","post_title":"MARIE-LAURE FR\u00c9CHET","post_excerpt":"","post_status":"publish","comment_status":"closed","ping_status":"closed","post_password":"","post_name":"marie-laure-frechet","to_ping":"","pinged":"","post_modified":"2022-10-14 17:42:51","post_modified_gmt":"2022-10-14 15:42:51","post_content_filtered":"","post_parent":0,"guid":"http:\/\/dev.claret.cat\/autor\/marie-laure-frechet\/","menu_order":0,"post_type":"autor","post_mime_type":"","comment_count":"0","filter":"raw"}],"booktrailer":"","resenas":""},"aioseo_notices":[],"_links":{"self":[{"href":"https:\/\/www.claret.cat\/es\/wp-json\/wp\/v2\/product\/47313","targetHints":{"allow":["GET"]}}],"collection":[{"href":"https:\/\/www.claret.cat\/es\/wp-json\/wp\/v2\/product"}],"about":[{"href":"https:\/\/www.claret.cat\/es\/wp-json\/wp\/v2\/types\/product"}],"wp:featuredmedia":[{"embeddable":true,"href":"https:\/\/www.claret.cat\/es\/wp-json\/wp\/v2\/media\/62152"}],"wp:attachment":[{"href":"https:\/\/www.claret.cat\/es\/wp-json\/wp\/v2\/media?parent=47313"}],"wp:term":[{"taxonomy":"product_brand","embeddable":true,"href":"https:\/\/www.claret.cat\/es\/wp-json\/wp\/v2\/product_brand?post=47313"},{"taxonomy":"product_cat","embeddable":true,"href":"https:\/\/www.claret.cat\/es\/wp-json\/wp\/v2\/product_cat?post=47313"},{"taxonomy":"product_tag","embeddable":true,"href":"https:\/\/www.claret.cat\/es\/wp-json\/wp\/v2\/product_tag?post=47313"}],"curies":[{"name":"wp","href":"https:\/\/api.w.org\/{rel}","templated":true}]}}