{"id":47361,"date":"2022-10-02T22:37:37","date_gmt":"2022-10-02T20:37:37","guid":{"rendered":"http:\/\/dev.claret.cat\/producte\/el-mar-recordara-nuestros-nombres-novela-grafica\/"},"modified":"2023-10-06T11:37:13","modified_gmt":"2023-10-06T09:37:13","slug":"el-mar-recordara-nuestros-nombres-novela-grafica-9788411122351","status":"publish","type":"product","link":"https:\/\/www.claret.cat\/es\/libro\/el-mar-recordara-nuestros-nombres-novela-grafica-9788411122351\/","title":{"rendered":"EL MAR RECORDAR\u00c1 NUESTROS NOMBRES (NOVELA GR\u00c1FICA)"},"content":{"rendered":"<p>En 1803 partieron del puerto de La Coru\u00f1a nueve hombres, una mujer y 22 ni\u00f1os con la misi\u00f3n de llevar la vacuna de la viruela desde Espa\u00f1a a todos los rincones de la Am\u00e9rica hispana y Filipinas. Nunca antes se hab\u00eda realizado una campa\u00f1a sanitaria de similares caracter\u00edsticas, de manera filantr\u00f3pica y con alcance mundial.<br \/> La expedici\u00f3n estuvo en activo durante casi nueve a\u00f1os, recorri\u00f3 decenas de miles de kil\u00f3metros, vacun\u00f3 a centenares de miles de personas contra una de las enfermedades m\u00e1s mort\u00edferas de la humanidad, y dej\u00f3 asentadas las bases para unos primerizos sistemas p\u00fablicos de salud. Sus integrantes, sin embargo, corrieron distinta suerte, desde los m\u00e1s altos reconocimientos hasta la muerte y el olvido.<br \/> La historia que aqu\u00ed nos cuenta Javier de Isusi (Premio Nacional de C\u00f3mic 2020, Premio Euskadi de Literatura en modalidad de Ilustraci\u00f3n 2021) es la epopeya de ese pu\u00f1ado de h\u00e9roes casi an\u00f3nimos.<br \/> Obra realizada con la colaboraci\u00f3n del Ministerio de Ciencia e Innovaci\u00f3n y el CSIC.<\/p>\n","protected":false},"excerpt":{"rendered":"<p>ISUSI, JAVIER DE<\/p>\n","protected":false},"featured_media":62190,"template":"","meta":{"_acf_changed":false,"om_disable_all_campaigns":false,"rs_blank_template":"","rs_page_bg_color":"","slide_template_v7":"","inline_featured_image":false,"_monsterinsights_skip_tracking":false,"_monsterinsights_sitenote_active":false,"_monsterinsights_sitenote_note":"","_monsterinsights_sitenote_category":0},"product_brand":[],"product_cat":[558],"product_tag":[],"class_list":{"0":"post-47361","1":"product","2":"type-product","3":"status-publish","4":"has-post-thumbnail","6":"product_cat-comic-3_infantil-juvenil-spa-spa","8":"first","9":"instock","10":"taxable","11":"shipping-taxable","12":"purchasable","13":"product-type-simple"},"acf":{"autor":"ISUSI, JAVIER DE","codart":"841112235","libros-coleccion":"COMIC","ediciones":"1","encuadernacion":"Carton\u00e9","fecha_de_publicacion":"01\/12\/2021","novedad":"1","paginas":"96","subtitulo":"","orden":"0","portada":"0","idioma":"spa","editorial":[{"ID":148674,"post_author":"3","post_date":"2022-10-14 12:00:06","post_date_gmt":"2022-10-14 10:00:06","post_content":"","post_title":"Planeta C\u00f3mic","post_excerpt":"","post_status":"publish","comment_status":"closed","ping_status":"closed","post_password":"","post_name":"planeta-comic","to_ping":"","pinged":"","post_modified":"2022-10-14 12:00:06","post_modified_gmt":"2022-10-14 10:00:06","post_content_filtered":"","post_parent":0,"guid":"http:\/\/dev.claret.cat\/editorial\/planeta-comic\/","menu_order":0,"post_type":"editorial","post_mime_type":"","comment_count":"0","filter":"raw"}],"autores-libros":[{"ID":158695,"post_author":"3","post_date":"2022-10-14 15:38:53","post_date_gmt":"2022-10-14 13:38:53","post_content":"","post_title":"JAVIER DE ISUSI","post_excerpt":"","post_status":"publish","comment_status":"closed","ping_status":"closed","post_password":"","post_name":"javier-de-isusi-2","to_ping":"","pinged":"","post_modified":"2022-10-14 15:38:53","post_modified_gmt":"2022-10-14 13:38:53","post_content_filtered":"","post_parent":0,"guid":"http:\/\/dev.claret.cat\/autor\/javier-de-isusi-2\/","menu_order":0,"post_type":"autor","post_mime_type":"","comment_count":"0","filter":"raw"}]},"aioseo_notices":[],"_links":{"self":[{"href":"https:\/\/www.claret.cat\/es\/wp-json\/wp\/v2\/product\/47361","targetHints":{"allow":["GET"]}}],"collection":[{"href":"https:\/\/www.claret.cat\/es\/wp-json\/wp\/v2\/product"}],"about":[{"href":"https:\/\/www.claret.cat\/es\/wp-json\/wp\/v2\/types\/product"}],"wp:featuredmedia":[{"embeddable":true,"href":"https:\/\/www.claret.cat\/es\/wp-json\/wp\/v2\/media\/62190"}],"wp:attachment":[{"href":"https:\/\/www.claret.cat\/es\/wp-json\/wp\/v2\/media?parent=47361"}],"wp:term":[{"taxonomy":"product_brand","embeddable":true,"href":"https:\/\/www.claret.cat\/es\/wp-json\/wp\/v2\/product_brand?post=47361"},{"taxonomy":"product_cat","embeddable":true,"href":"https:\/\/www.claret.cat\/es\/wp-json\/wp\/v2\/product_cat?post=47361"},{"taxonomy":"product_tag","embeddable":true,"href":"https:\/\/www.claret.cat\/es\/wp-json\/wp\/v2\/product_tag?post=47361"}],"curies":[{"name":"wp","href":"https:\/\/api.w.org\/{rel}","templated":true}]}}